{"id":1504,"date":"2023-05-08T12:14:01","date_gmt":"2023-05-08T10:14:01","guid":{"rendered":"https:\/\/trinitixshop.de\/?post_type=product&#038;p=1504"},"modified":"2023-05-08T15:09:04","modified_gmt":"2023-05-08T13:09:04","slug":"premium-vintage-magnetring-gold-wings-design-16-22","status":"publish","type":"product","link":"https:\/\/trinitixshop.de\/fr\/produkt\/premium-vintage-magnetring-gold-wings-design-16-22\/","title":{"rendered":"Premium Vintage anneau magn\u00e9tique or Wings Design - 16\/22"},"content":{"rendered":"<p>RX274700T<\/p>","protected":false},"excerpt":{"rendered":"<p>Anneau magn\u00e9tique massif dor\u00e9 \u00e0 l'or dur 24k.<br \/>\nUnisexe, il n'y a pas de diff\u00e9rence. Acier inoxydable, sans nickel allergique.<br \/>\nDisponible en argent sous la r\u00e9f\u00e9rence # 2749.<br \/>\nL'acier inoxydable robuste est poli et brillant, ce qui donne \u00e0 la bague un aspect particuli\u00e8rement raffin\u00e9.<br \/>\nLargeur : env. 8 mm, \u00e9paisseur : env. 2 mm.<br \/>\nL'acier inoxydable robuste et brillant est dot\u00e9 d'une structure unique.<br \/>\nAvec gravure exclusive des ailes \/ wings.<br \/>\nSymbolique : lorsque nous voyons des ailes, notre premi\u00e8re pens\u00e9e est de voler.<br \/>\nSi nous laissons libre cours \u00e0 nos fantaisies, le symbole de l'aile est notre salut.<br \/>\nNous r\u00e9alisons qu'il est possible de fuir et de s'\u00e9chapper des choses qui nous lient et de lib\u00e9rer ainsi notre \u00e2me.<br \/>\nLes anneaux magn\u00e9tiques sont synonymes de mobilit\u00e9 et de joie de vivre.<br \/>\nDepuis des ann\u00e9es, nos bagues magn\u00e9tiques comptent parmi les pi\u00e8ces les plus appr\u00e9ci\u00e9es de la collection.<br \/>\nEssayez vous-m\u00eame \u00e0 quel point ces bijoux sont beaux, robustes et adaptables.<br \/>\n\u00c9nergie et \u00e9l\u00e9gance !<br \/>\nChacun de nos bijoux est dot\u00e9 d'aimants n\u00e9odyme puissants et de haute qualit\u00e9. Aimant n\u00e9odyme inlay avec env. 1.200 gauss.<br \/>\nAcier inoxydable m\u00e9dical, exempt de cadmium, de nickel et de plomb. Sans allergie.<\/p>","protected":false},"featured_media":1710,"comment_status":"open","ping_status":"closed","template":"","meta":[],"product_brand":[],"product_cat":[17,18],"product_tag":[25],"class_list":{"0":"post-1504","1":"product","2":"type-product","3":"status-publish","4":"has-post-thumbnail","6":"product_cat-alle-produkte","7":"product_cat-ringe","8":"product_tag-t-prime","9":"thunk-woo-product-list","10":"opn-qv-enable","11":"top-store-woo-hover-zoom","12":"top-store-single-product-tab-horizontal","13":"top-store-shadow-","14":"top-store-shadow-hover-","16":"first","17":"instock","18":"taxable","19":"shipping-taxable","20":"purchasable","21":"product-type-variable"},"_links":{"self":[{"href":"https:\/\/trinitixshop.de\/fr\/wp-json\/wp\/v2\/product\/1504","targetHints":{"allow":["GET"]}}],"collection":[{"href":"https:\/\/trinitixshop.de\/fr\/wp-json\/wp\/v2\/product"}],"about":[{"href":"https:\/\/trinitixshop.de\/fr\/wp-json\/wp\/v2\/types\/product"}],"replies":[{"embeddable":true,"href":"https:\/\/trinitixshop.de\/fr\/wp-json\/wp\/v2\/comments?post=1504"}],"wp:featuredmedia":[{"embeddable":true,"href":"https:\/\/trinitixshop.de\/fr\/wp-json\/wp\/v2\/media\/1710"}],"wp:attachment":[{"href":"https:\/\/trinitixshop.de\/fr\/wp-json\/wp\/v2\/media?parent=1504"}],"wp:term":[{"taxonomy":"product_brand","embeddable":true,"href":"https:\/\/trinitixshop.de\/fr\/wp-json\/wp\/v2\/product_brand?post=1504"},{"taxonomy":"product_cat","embeddable":true,"href":"https:\/\/trinitixshop.de\/fr\/wp-json\/wp\/v2\/product_cat?post=1504"},{"taxonomy":"product_tag","embeddable":true,"href":"https:\/\/trinitixshop.de\/fr\/wp-json\/wp\/v2\/product_tag?post=1504"}],"curies":[{"name":"wp","href":"https:\/\/api.w.org\/{rel}","templated":true}]}}