{"id":1506,"date":"2023-05-08T12:14:02","date_gmt":"2023-05-08T10:14:02","guid":{"rendered":"https:\/\/trinitixshop.de\/?post_type=product&#038;p=1506"},"modified":"2023-05-08T12:48:11","modified_gmt":"2023-05-08T10:48:11","slug":"wings-design-anneau-magnetique-avec-swarovski-solitaire-crystal-2752-16-21","status":"publish","type":"product","link":"https:\/\/trinitixshop.de\/fr\/produkt\/wings-design-magnetring-mit-swarovski-solitaire-crystal-2752-16-21\/","title":{"rendered":"Wings Design Anneau magn\u00e9tique avec Swarovski Solitaire Crystal # 2752 - 16\/21"},"content":{"rendered":"<p>RX275200T<\/p>","protected":false},"excerpt":{"rendered":"<p>Anneau magn\u00e9tique Fashion Design. Fabriqu\u00e9 \u00e0 la main. Mat\u00e9.<br \/>\nAvec \u00e9l\u00e9ment original Swarovski Solitaire Crystal.<br \/>\nLargeur : env. 8 mm, \u00e9paisseur : env. 3 mm.<br \/>\nAvec gravure d'ailes \/ wings de haute qualit\u00e9.<br \/>\nSymbolique : Lorsque nous voyons des ailes, notre premi\u00e8re pens\u00e9e est de voler, mais si nous laissons libre cours \u00e0 notre imagination, le symbole des ailes est notre salut.<br \/>\nNous r\u00e9alisons qu'il est possible de fuir et de s'\u00e9chapper des choses qui nous lient et de lib\u00e9rer ainsi notre \u00e2me.<br \/>\nLes bagues magn\u00e9tiques sont synonymes de mobilit\u00e9 et de joie de vivre. Depuis des ann\u00e9es, nos bagues magn\u00e9tiques comptent parmi les pi\u00e8ces les plus appr\u00e9ci\u00e9es de la collection.<br \/>\nEssayez vous-m\u00eame \u00e0 quel point ces bijoux sont beaux, robustes et adaptables.<br \/>\n\u00c9nergie et \u00e9l\u00e9gance !<br \/>\nChacun de nos bijoux est \u00e9quip\u00e9 d'aimants en n\u00e9odyme puissants et de haute qualit\u00e9.<br \/>\nInlay magn\u00e9tique en n\u00e9odyme avec env. 1.200 gauss.<br \/>\nAcier inoxydable m\u00e9dical, exempt de cadmium, de nickel et de plomb. Sans allergie.<\/p>","protected":false},"featured_media":1689,"comment_status":"open","ping_status":"closed","template":"","meta":[],"product_brand":[],"product_cat":[17,18],"product_tag":[25],"class_list":{"0":"post-1506","1":"product","2":"type-product","3":"status-publish","4":"has-post-thumbnail","6":"product_cat-alle-produkte","7":"product_cat-ringe","8":"product_tag-t-prime","9":"thunk-woo-product-list","10":"opn-qv-enable","11":"top-store-woo-hover-zoom","12":"top-store-single-product-tab-horizontal","13":"top-store-shadow-","14":"top-store-shadow-hover-","16":"first","17":"instock","18":"taxable","19":"shipping-taxable","20":"purchasable","21":"product-type-variable"},"_links":{"self":[{"href":"https:\/\/trinitixshop.de\/fr\/wp-json\/wp\/v2\/product\/1506","targetHints":{"allow":["GET"]}}],"collection":[{"href":"https:\/\/trinitixshop.de\/fr\/wp-json\/wp\/v2\/product"}],"about":[{"href":"https:\/\/trinitixshop.de\/fr\/wp-json\/wp\/v2\/types\/product"}],"replies":[{"embeddable":true,"href":"https:\/\/trinitixshop.de\/fr\/wp-json\/wp\/v2\/comments?post=1506"}],"wp:featuredmedia":[{"embeddable":true,"href":"https:\/\/trinitixshop.de\/fr\/wp-json\/wp\/v2\/media\/1689"}],"wp:attachment":[{"href":"https:\/\/trinitixshop.de\/fr\/wp-json\/wp\/v2\/media?parent=1506"}],"wp:term":[{"taxonomy":"product_brand","embeddable":true,"href":"https:\/\/trinitixshop.de\/fr\/wp-json\/wp\/v2\/product_brand?post=1506"},{"taxonomy":"product_cat","embeddable":true,"href":"https:\/\/trinitixshop.de\/fr\/wp-json\/wp\/v2\/product_cat?post=1506"},{"taxonomy":"product_tag","embeddable":true,"href":"https:\/\/trinitixshop.de\/fr\/wp-json\/wp\/v2\/product_tag?post=1506"}],"curies":[{"name":"wp","href":"https:\/\/api.w.org\/{rel}","templated":true}]}}