{"id":1507,"date":"2023-05-08T12:14:02","date_gmt":"2023-05-08T10:14:02","guid":{"rendered":"https:\/\/trinitixshop.de\/?post_type=product&#038;p=1507"},"modified":"2025-08-17T20:07:10","modified_gmt":"2025-08-17T18:07:10","slug":"anneau-magnetique-en-cuivre-tricolore-agreablement-flexible","status":"publish","type":"product","link":"https:\/\/trinitixshop.de\/fr\/produkt\/kupfer-magnetring-tricolor-angenehm-flexibel\/","title":{"rendered":"Kupfer Magnetring tricolor &#8211; angenehm &#8211; flexibel # 3034"},"content":{"rendered":"<p>RX303400T<\/p>","protected":false},"excerpt":{"rendered":"<p>El\u00e9gante bague magn\u00e9tique tricolore exclusive au design moderne.<br \/>\nL'anneau de cuivre est massif et compos\u00e9 de 98,9% de cuivre pur.<br \/>\nLe cuivre \u00e9tant un mat\u00e9riau relativement souple, il s'adapte bien au doigt concern\u00e9. L\u00e9g\u00e8rement \u00e9lastique, il peut \u00eatre mod\u00e9r\u00e9ment form\u00e9 en le pliant vigoureusement.<br \/>\nLe cuivre est un m\u00e9tal qui \u00e9tait d\u00e9j\u00e0 travaill\u00e9 par l'homme il y a 10.000 ans, port\u00e9 comme ornement et utilis\u00e9 comme th\u00e9rapeutique. Depuis l'Antiquit\u00e9, les cultures du monde entier croient en ses effets b\u00e9n\u00e9fiques sur le syst\u00e8me immunitaire.<br \/>\nEffets pr\u00e9sum\u00e9s du cuivre (CU) :<br \/>\nFavorise la formation d'anticorps dans le syst\u00e8me de d\u00e9fense, la croissance, le d\u00e9veloppement, le renforcement des os.<br \/>\nLes bagues magn\u00e9tiques sont synonymes de mobilit\u00e9 et de joie de vivre. Depuis des ann\u00e9es, nos bagues magn\u00e9tiques comptent parmi les pi\u00e8ces les plus appr\u00e9ci\u00e9es de la collection. Testez vous-m\u00eame la beaut\u00e9, la robustesse et la capacit\u00e9 d'adaptation de ces bijoux.<br \/>\n\u00c9nergie et \u00e9l\u00e9gance !<br \/>\nChacun de nos bijoux est \u00e9quip\u00e9 d'aimants en n\u00e9odyme puissants et de haute qualit\u00e9.<br \/>\nInlay magn\u00e9tique en n\u00e9odyme avec env. 2.000 gauss.<br \/>\nCuivre, exempt de cadmium, de nickel et de plomb. Sans allergie.<\/p>","protected":false},"featured_media":1685,"comment_status":"open","ping_status":"closed","template":"","meta":[],"product_brand":[],"product_cat":[17,18],"product_tag":[24],"class_list":{"0":"post-1507","1":"product","2":"type-product","3":"status-publish","4":"has-post-thumbnail","6":"product_cat-alle-produkte","7":"product_cat-ringe","8":"product_tag-jungbrunn","9":"thunk-woo-product-list","10":"opn-qv-enable","11":"top-store-woo-hover-zoom","12":"top-store-single-product-tab-horizontal","13":"top-store-shadow-","14":"top-store-shadow-hover-","16":"first","17":"instock","18":"sale","19":"taxable","20":"shipping-taxable","21":"purchasable","22":"product-type-simple"},"_links":{"self":[{"href":"https:\/\/trinitixshop.de\/fr\/wp-json\/wp\/v2\/product\/1507","targetHints":{"allow":["GET"]}}],"collection":[{"href":"https:\/\/trinitixshop.de\/fr\/wp-json\/wp\/v2\/product"}],"about":[{"href":"https:\/\/trinitixshop.de\/fr\/wp-json\/wp\/v2\/types\/product"}],"replies":[{"embeddable":true,"href":"https:\/\/trinitixshop.de\/fr\/wp-json\/wp\/v2\/comments?post=1507"}],"wp:featuredmedia":[{"embeddable":true,"href":"https:\/\/trinitixshop.de\/fr\/wp-json\/wp\/v2\/media\/1685"}],"wp:attachment":[{"href":"https:\/\/trinitixshop.de\/fr\/wp-json\/wp\/v2\/media?parent=1507"}],"wp:term":[{"taxonomy":"product_brand","embeddable":true,"href":"https:\/\/trinitixshop.de\/fr\/wp-json\/wp\/v2\/product_brand?post=1507"},{"taxonomy":"product_cat","embeddable":true,"href":"https:\/\/trinitixshop.de\/fr\/wp-json\/wp\/v2\/product_cat?post=1507"},{"taxonomy":"product_tag","embeddable":true,"href":"https:\/\/trinitixshop.de\/fr\/wp-json\/wp\/v2\/product_tag?post=1507"}],"curies":[{"name":"wp","href":"https:\/\/api.w.org\/{rel}","templated":true}]}}