{"id":1510,"date":"2023-05-08T12:14:02","date_gmt":"2023-05-08T10:14:02","guid":{"rendered":"https:\/\/trinitixshop.de\/?post_type=product&#038;p=1510"},"modified":"2023-05-08T12:41:54","modified_gmt":"2023-05-08T10:41:54","slug":"bague-magnetique-argent-avec-swarovski-crystals-blanc-16-20-4631","status":"publish","type":"product","link":"https:\/\/trinitixshop.de\/fr\/produkt\/magnetring-silber-mit-swarovski-crystals-weiss-16-20-4631\/","title":{"rendered":"Anneau magn\u00e9tique argent avec Swarovski Crystals blanc 16 - 20 # 4631"},"content":{"rendered":"<p>RX463116T<\/p>","protected":false},"excerpt":{"rendered":"<p>Anneau magn\u00e9tique \u00e9l\u00e9gant avec de nombreux Swarovski Elements originaux. Clair comme du cristal.<br \/>\nLargeur d'environ 3 mm.<br \/>\nTu aimes l'\u00e9l\u00e9gance ?<br \/>\nNe laisse pas le glamour aux stars, fais-en une partie de ta vie.<br \/>\nLes bagues magn\u00e9tiques sont synonymes de mobilit\u00e9 et de joie de vivre. Depuis des ann\u00e9es, nos bagues magn\u00e9tiques comptent parmi les pi\u00e8ces les plus appr\u00e9ci\u00e9es de la collection. Essayez vous-m\u00eame comme ces bijoux sont beaux, robustes et adaptables.<br \/>\n\u00c9nergie et \u00e9l\u00e9gance !<br \/>\nChacun de nos bijoux est \u00e9quip\u00e9 d'aimants en n\u00e9odyme puissants et de haute qualit\u00e9.<br \/>\nInlay magn\u00e9tique en n\u00e9odyme avec env. 1.200 gauss.<br \/>\nAcier inoxydable m\u00e9dical, exempt de cadmium, de nickel et de plomb. Sans allergie.<\/p>","protected":false},"featured_media":1686,"comment_status":"open","ping_status":"closed","template":"","meta":[],"product_brand":[],"product_cat":[17,18],"product_tag":[24],"class_list":{"0":"post-1510","1":"product","2":"type-product","3":"status-publish","4":"has-post-thumbnail","6":"product_cat-alle-produkte","7":"product_cat-ringe","8":"product_tag-jungbrunn","9":"thunk-woo-product-list","10":"opn-qv-enable","11":"top-store-woo-hover-zoom","12":"top-store-single-product-tab-horizontal","13":"top-store-shadow-","14":"top-store-shadow-hover-","16":"first","17":"instock","18":"taxable","19":"shipping-taxable","20":"purchasable","21":"product-type-variable"},"_links":{"self":[{"href":"https:\/\/trinitixshop.de\/fr\/wp-json\/wp\/v2\/product\/1510","targetHints":{"allow":["GET"]}}],"collection":[{"href":"https:\/\/trinitixshop.de\/fr\/wp-json\/wp\/v2\/product"}],"about":[{"href":"https:\/\/trinitixshop.de\/fr\/wp-json\/wp\/v2\/types\/product"}],"replies":[{"embeddable":true,"href":"https:\/\/trinitixshop.de\/fr\/wp-json\/wp\/v2\/comments?post=1510"}],"wp:featuredmedia":[{"embeddable":true,"href":"https:\/\/trinitixshop.de\/fr\/wp-json\/wp\/v2\/media\/1686"}],"wp:attachment":[{"href":"https:\/\/trinitixshop.de\/fr\/wp-json\/wp\/v2\/media?parent=1510"}],"wp:term":[{"taxonomy":"product_brand","embeddable":true,"href":"https:\/\/trinitixshop.de\/fr\/wp-json\/wp\/v2\/product_brand?post=1510"},{"taxonomy":"product_cat","embeddable":true,"href":"https:\/\/trinitixshop.de\/fr\/wp-json\/wp\/v2\/product_cat?post=1510"},{"taxonomy":"product_tag","embeddable":true,"href":"https:\/\/trinitixshop.de\/fr\/wp-json\/wp\/v2\/product_tag?post=1510"}],"curies":[{"name":"wp","href":"https:\/\/api.w.org\/{rel}","templated":true}]}}