{"id":1511,"date":"2023-05-08T12:14:07","date_gmt":"2023-05-08T10:14:07","guid":{"rendered":"https:\/\/trinitixshop.de\/?post_type=product&#038;p=1511"},"modified":"2023-05-08T12:32:31","modified_gmt":"2023-05-08T10:32:31","slug":"unique-by-kokodash-trx-wings-collection-energy-ring-16-a-21-9053","status":"publish","type":"product","link":"https:\/\/trinitixshop.de\/fr\/produkt\/unique-by-kokodash-trx-wings-collection-energy-ring-16-bis-21-9053\/","title":{"rendered":"UNIQUE by KokoDash TRX Wings Collection Energy Ring - 16 \u00e0 21 # 9053"},"content":{"rendered":"<p>RX905300T<\/p>","protected":false},"excerpt":{"rendered":"<p>Anneau magn\u00e9tique design, argent, largeur environ 9 mm.<br \/>\nKokoDash vous pr\u00e9sente cette magnifique collection exclusive de designers au design artistique en forme d'ailes.<br \/>\nUn accroche-regard discret avec un aspect brillant.<br \/>\nIl est l'expression de l'espoir et de la joie de vivre. En tant que compagnon de route, le talisman doit offrir une nouvelle force \u00e9nerg\u00e9tique et donner un nouveau courage face aux d\u00e9fis de la vie.<br \/>\nCette cr\u00e9ation de bijoux finement travaill\u00e9e et pleine de sens vous donne des ailes chaque jour.<br \/>\nLes ailes ou les ailes d'ange sont des symboles de protection, de libert\u00e9 et de l\u00e9g\u00e8ret\u00e9 juv\u00e9nile. Lorsque nous voyons des ailes, notre premi\u00e8re pens\u00e9e est de voler, mais si nous laissons libre cours \u00e0 notre imagination, le symbole des ailes est notre salut. Nous r\u00e9alisons qu'il est possible de fuir et de s'\u00e9chapper des choses qui nous lient et qui peuvent lib\u00e9rer notre \u00e2me.<br \/>\nLes anneaux magn\u00e9tiques sont synonymes de mobilit\u00e9 et de joie de vivre.<br \/>\nDepuis des ann\u00e9es, nos bagues magn\u00e9tiques comptent parmi les pi\u00e8ces les plus appr\u00e9ci\u00e9es de la collection.<br \/>\nTestez par vous-m\u00eame la beaut\u00e9, la robustesse et la capacit\u00e9 d'adaptation de ces bijoux<br \/>\n\u00c9nergie et \u00e9l\u00e9gance !<br \/>\nChacun de nos bijoux est dot\u00e9 d'aimants n\u00e9odyme puissants et de haute qualit\u00e9. Aimant n\u00e9odyme inlay avec env. 1.200 gauss.<br \/>\nAcier inoxydable m\u00e9dical, exempt de cadmium, de nickel et de plomb. Sans allergie.<br \/>\nTailles disponibles : 16, 17, 18, 19, 20 ou 21.<\/p>","protected":false},"featured_media":1682,"comment_status":"open","ping_status":"closed","template":"","meta":[],"product_brand":[],"product_cat":[17,18],"product_tag":[25],"class_list":{"0":"post-1511","1":"product","2":"type-product","3":"status-publish","4":"has-post-thumbnail","6":"product_cat-alle-produkte","7":"product_cat-ringe","8":"product_tag-t-prime","9":"thunk-woo-product-list","10":"opn-qv-enable","11":"top-store-woo-hover-zoom","12":"top-store-single-product-tab-horizontal","13":"top-store-shadow-","14":"top-store-shadow-hover-","16":"first","17":"instock","18":"taxable","19":"shipping-taxable","20":"purchasable","21":"product-type-variable"},"_links":{"self":[{"href":"https:\/\/trinitixshop.de\/fr\/wp-json\/wp\/v2\/product\/1511","targetHints":{"allow":["GET"]}}],"collection":[{"href":"https:\/\/trinitixshop.de\/fr\/wp-json\/wp\/v2\/product"}],"about":[{"href":"https:\/\/trinitixshop.de\/fr\/wp-json\/wp\/v2\/types\/product"}],"replies":[{"embeddable":true,"href":"https:\/\/trinitixshop.de\/fr\/wp-json\/wp\/v2\/comments?post=1511"}],"wp:featuredmedia":[{"embeddable":true,"href":"https:\/\/trinitixshop.de\/fr\/wp-json\/wp\/v2\/media\/1682"}],"wp:attachment":[{"href":"https:\/\/trinitixshop.de\/fr\/wp-json\/wp\/v2\/media?parent=1511"}],"wp:term":[{"taxonomy":"product_brand","embeddable":true,"href":"https:\/\/trinitixshop.de\/fr\/wp-json\/wp\/v2\/product_brand?post=1511"},{"taxonomy":"product_cat","embeddable":true,"href":"https:\/\/trinitixshop.de\/fr\/wp-json\/wp\/v2\/product_cat?post=1511"},{"taxonomy":"product_tag","embeddable":true,"href":"https:\/\/trinitixshop.de\/fr\/wp-json\/wp\/v2\/product_tag?post=1511"}],"curies":[{"name":"wp","href":"https:\/\/api.w.org\/{rel}","templated":true}]}}