{"id":2124,"date":"2023-05-16T13:38:50","date_gmt":"2023-05-16T11:38:50","guid":{"rendered":"https:\/\/trinitixshop.de\/?post_type=product&#038;p=2124"},"modified":"2023-05-18T15:22:02","modified_gmt":"2023-05-18T13:22:02","slug":"power-silikon-armband-balance-ionen-hologram-technology-mit-magnetkraft-blau-18-bis-25-cm","status":"publish","type":"product","link":"https:\/\/trinitixshop.de\/fr\/produkt\/power-silikon-armband-balance-ionen-hologram-technology-mit-magnetkraft-blau-18-bis-25-cm\/","title":{"rendered":"Bracelet Power en silicone - BALANCE ION HOLOGRAM TECHNOLOGY avec PUISSANCE MAGNETIQUE - bleu \/ 18 \u00e0 25 cm"},"content":{"rendered":"<p>[745] TX710100T<\/p>\n","protected":false},"excerpt":{"rendered":"<p>TRI BALANCE Bracelet magn\u00e9tique en silicone avec aimant + hologramme + technologie ionique. Insert magn\u00e9tique en n\u00e9odyme avec environ 2.200 gauss. Mat\u00e9riau silicone agr\u00e9ablement doux. Exempt de plastifiants canc\u00e9rig\u00e8nes.<br \/>\nApr\u00e8s le grand succ\u00e8s de cette ligne de produits, la qualit\u00e9 a encore \u00e9t\u00e9 am\u00e9lior\u00e9e ici !<br \/>\nLa longueur est d\u00e9sormais r\u00e9glable individuellement et plus confortablement de 18 \u00e0 25 cm. Longueur totale du bracelet : env. 28 cm. Largeur 28 mm.<br \/>\nContrairement au bracelet comparable de la 1\u00e8re g\u00e9n\u00e9ration, il y a une multitude de symboles Wings sur la face inf\u00e9rieure, ce qui permet une meilleure \u00e9vacuation de la transpiration. Ce bracelet est \u00e9galement plus long pour une fermeture plus agr\u00e9able.<br \/>\nTechnologie hologramme : am\u00e9lioration de l'endurance, de l'\u00e9quilibre et effets positifs sur le bien-\u00eatre. Id\u00e9al pour les personnes actives dans leur vie quotidienne. Effets pr\u00e9sum\u00e9s : meilleur sommeil, meilleur \u00e9quilibre et soutien en cas de r\u00e9gime, de sevrage tabagique et de douleurs articulaires.<br \/>\n2.000 cc d'ions n\u00e9gatifs. Technologie : La force vivifiante de la nature. Les ions n\u00e9gatifs sont les invisibles am\u00e9liorateurs de l'humeur et peuvent influencer positivement le bien-\u00eatre humain. Id\u00e9al pour offrir un soulagement \u00e0 de nombreux probl\u00e8mes de sant\u00e9. Traiter naturellement les allergies, l'hypertension, les maux de t\u00eate, la d\u00e9pression et autres troubles, soulager les allergies, augmenter la capacit\u00e9 de concentration et m\u00eame am\u00e9liorer l'humeur.<br \/>\nTechnologie des aimants au n\u00e9odyme : la th\u00e9rapie magn\u00e9tique statique fait partie de la m\u00e9decine alternative et est plus r\u00e9pandue que l'acupuncture. Un grand nombre d'effets analg\u00e9siques ont \u00e9t\u00e9 document\u00e9s dans les domaines de l'arthrose, des maladies articulaires et de l'orthop\u00e9die. L'objectif de la magn\u00e9toth\u00e9rapie est avant tout de soulager les douleurs chroniques et d'am\u00e9liorer la circulation sanguine. Gr\u00e2ce \u00e0 l'utilisation d'aimants en n\u00e9odyme, les cellules du corps s'enrichissent en oxyg\u00e8ne.<br \/>\nEn cons\u00e9quence, les d\u00e9fenses et le syst\u00e8me immunitaire se renforcent, ce qui entra\u00eene une augmentation de la vitalit\u00e9 physique. Outre l'optimisation de l'\u00e9tat g\u00e9n\u00e9ral, l'utilisation active l'approvisionnement en nutriments du corps et stimule d'importants processus de gu\u00e9rison. Il n'y a aucun effet secondaire.<br \/>\nNous attirons votre attention sur le fait que nos hypoth\u00e8ses et affirmations concernant le port de bijoux magn\u00e9tiques ne sont pas prouv\u00e9es au sens scientifique du terme et sont donc rejet\u00e9es par la m\u00e9decine conventionnelle.<\/p>","protected":false},"featured_media":2314,"comment_status":"open","ping_status":"closed","template":"","meta":[],"product_brand":[],"product_cat":[17,19],"product_tag":[27],"class_list":{"0":"post-2124","1":"product","2":"type-product","3":"status-publish","4":"has-post-thumbnail","6":"product_cat-alle-produkte","7":"product_cat-armbander","8":"product_tag-tribalance","9":"thunk-woo-product-list","10":"opn-qv-enable","11":"top-store-woo-hover-zoom","12":"top-store-single-product-tab-horizontal","13":"top-store-shadow-","14":"top-store-shadow-hover-","16":"first","17":"instock","18":"sale","19":"featured","20":"taxable","21":"shipping-taxable","22":"purchasable","23":"product-type-variable"},"_links":{"self":[{"href":"https:\/\/trinitixshop.de\/fr\/wp-json\/wp\/v2\/product\/2124","targetHints":{"allow":["GET"]}}],"collection":[{"href":"https:\/\/trinitixshop.de\/fr\/wp-json\/wp\/v2\/product"}],"about":[{"href":"https:\/\/trinitixshop.de\/fr\/wp-json\/wp\/v2\/types\/product"}],"replies":[{"embeddable":true,"href":"https:\/\/trinitixshop.de\/fr\/wp-json\/wp\/v2\/comments?post=2124"}],"wp:featuredmedia":[{"embeddable":true,"href":"https:\/\/trinitixshop.de\/fr\/wp-json\/wp\/v2\/media\/2314"}],"wp:attachment":[{"href":"https:\/\/trinitixshop.de\/fr\/wp-json\/wp\/v2\/media?parent=2124"}],"wp:term":[{"taxonomy":"product_brand","embeddable":true,"href":"https:\/\/trinitixshop.de\/fr\/wp-json\/wp\/v2\/product_brand?post=2124"},{"taxonomy":"product_cat","embeddable":true,"href":"https:\/\/trinitixshop.de\/fr\/wp-json\/wp\/v2\/product_cat?post=2124"},{"taxonomy":"product_tag","embeddable":true,"href":"https:\/\/trinitixshop.de\/fr\/wp-json\/wp\/v2\/product_tag?post=2124"}],"curies":[{"name":"wp","href":"https:\/\/api.w.org\/{rel}","templated":true}]}}