{"id":2125,"date":"2023-05-16T13:38:50","date_gmt":"2023-05-16T11:38:50","guid":{"rendered":"https:\/\/trinitixshop.de\/?post_type=product&#038;p=2125"},"modified":"2024-11-25T17:07:36","modified_gmt":"2024-11-25T16:07:36","slug":"royaute-acier-inoxydable-marbre-mina-nude-bangle-pieces-uniques","status":"publish","type":"product","link":"https:\/\/trinitixshop.de\/fr\/produkt\/royalty-edelstahl-marmor-mina-nude-bangle-unikate\/","title":{"rendered":"Royalty Acier inoxydable Marbre Mina Nude Bangle pi\u00e8ces uniques # 5132"},"content":{"rendered":"<p>[131] CH513200T<\/p>\n","protected":false},"excerpt":{"rendered":"<p>Pi\u00e8ces uniques faites \u00e0 la main ! - Royalty Marmor - Magnet Bangle orn\u00e9 d'un inlay original en marbre - env. inlay \u00d8 11 mm,<br \/>\nBangle \u00d8 env. 6 cm mod\u00e9r\u00e9ment flexible \u00e0 une autre taille, poli miroir.<br \/>\nPeut \u00eatre combin\u00e9 avec le pendentif magn\u00e9tique # 5131 de la m\u00eame collection.<br \/>\nL'\u00e9l\u00e9gance \u00e0 l'\u00e9tat pur - voil\u00e0 comment d\u00e9crire ce magnifique bijou en quelques mots. Du marbre avec des veines brunes. Cette pierre est depuis toujours consid\u00e9r\u00e9e comme un mat\u00e9riau noble.<br \/>\nMat\u00e9riau . Poli, il n'y a pas de finition. Chaque pi\u00e8ce est unique avec des lignes individuelles (pierre naturelle).<br \/>\nFait \u00e0 la main.<br \/>\nAcier inoxydable de haute qualit\u00e9, poli, hypoallerg\u00e9nique, sans nickel et sans allergie.<br \/>\nAimant n\u00e9odyme inlay avec environ 2.200 gauss.<\/p>","protected":false},"featured_media":2309,"comment_status":"open","ping_status":"closed","template":"","meta":[],"product_brand":[],"product_cat":[17,19],"product_tag":[26],"class_list":{"0":"post-2125","1":"product","2":"type-product","3":"status-publish","4":"has-post-thumbnail","6":"product_cat-alle-produkte","7":"product_cat-armbander","8":"product_tag-paja","9":"thunk-woo-product-list","10":"opn-qv-enable","11":"top-store-woo-hover-zoom","12":"top-store-single-product-tab-horizontal","13":"top-store-shadow-","14":"top-store-shadow-hover-","16":"first","17":"instock","18":"sale","19":"taxable","20":"shipping-taxable","21":"purchasable","22":"product-type-simple"},"_links":{"self":[{"href":"https:\/\/trinitixshop.de\/fr\/wp-json\/wp\/v2\/product\/2125","targetHints":{"allow":["GET"]}}],"collection":[{"href":"https:\/\/trinitixshop.de\/fr\/wp-json\/wp\/v2\/product"}],"about":[{"href":"https:\/\/trinitixshop.de\/fr\/wp-json\/wp\/v2\/types\/product"}],"replies":[{"embeddable":true,"href":"https:\/\/trinitixshop.de\/fr\/wp-json\/wp\/v2\/comments?post=2125"}],"wp:featuredmedia":[{"embeddable":true,"href":"https:\/\/trinitixshop.de\/fr\/wp-json\/wp\/v2\/media\/2309"}],"wp:attachment":[{"href":"https:\/\/trinitixshop.de\/fr\/wp-json\/wp\/v2\/media?parent=2125"}],"wp:term":[{"taxonomy":"product_brand","embeddable":true,"href":"https:\/\/trinitixshop.de\/fr\/wp-json\/wp\/v2\/product_brand?post=2125"},{"taxonomy":"product_cat","embeddable":true,"href":"https:\/\/trinitixshop.de\/fr\/wp-json\/wp\/v2\/product_cat?post=2125"},{"taxonomy":"product_tag","embeddable":true,"href":"https:\/\/trinitixshop.de\/fr\/wp-json\/wp\/v2\/product_tag?post=2125"}],"curies":[{"name":"wp","href":"https:\/\/api.w.org\/{rel}","templated":true}]}}