{"id":2126,"date":"2023-05-16T13:38:50","date_gmt":"2023-05-16T11:38:50","guid":{"rendered":"https:\/\/trinitixshop.de\/?post_type=product&#038;p=2126"},"modified":"2023-05-18T15:40:10","modified_gmt":"2023-05-18T13:40:10","slug":"power-balance-bracelet-2in1-noir-sml","status":"publish","type":"product","link":"https:\/\/trinitixshop.de\/fr\/produkt\/power-balance-armband-2in1-schwarz-sml\/","title":{"rendered":"POWER BALANCE BRACELET 2en1 noir S,M,L"},"content":{"rendered":"","protected":false},"excerpt":{"rendered":"<p>Bracelet silicone original Power Balance - noir - Bracelet silicone Pro Ion Uni Sport<br \/>\nIon + Holgram Technology<br \/>\nUne qualit\u00e9 optimale, \u00e9l\u00e9gante, flexible, extr\u00eamement confortable. Un effet convaincant.<br \/>\nApporte des moments de bien-\u00eatre dans votre vie. Plus d'\u00e9nergie pour vous !<br \/>\nCes bracelets en silicone Power Balance sont particuli\u00e8rement \u00e9l\u00e9gants.<br \/>\nGr\u00e2ce au silicone 100% de tr\u00e8s haute qualit\u00e9, le bracelet peut \u00eatre utilis\u00e9 partout et offre une longue dur\u00e9e de vie. Gr\u00e2ce \u00e0 sa bonne \u00e9lasticit\u00e9, il se glisse facilement sur la main. Il se distingue par son grand confort et son design \u00e9l\u00e9gant. \u00c9quip\u00e9 de deux hologrammes Power Balance int\u00e9gr\u00e9s, ce bracelet sportif s'adapte \u00e0 toutes les occasions. Les bracelets POWER BALANCE sont devenus incontournables dans le monde du sport. Cette tendance venue des \u00c9tats-Unis est appr\u00e9ci\u00e9e par de nombreux sportifs de haut niveau.<br \/>\nLes hologrammes uniques des bracelets POWER BALANCE ont \u00e9t\u00e9 d\u00e9velopp\u00e9s par des sportifs aux \u00c9tats-Unis et peuvent \u00eatre port\u00e9s confortablement dans presque tous les sports. Outre les nombreux athl\u00e8tes de haut niveau qui ont r\u00e9ussi, la Performance Technology enthousiasme surtout les personnes qui sont \u00e9galement actives au quotidien. L'hologramme POWER BALANCE est int\u00e9gr\u00e9 au bracelet. Il peut donc \u00eatre utilis\u00e9 facilement pour tous les sports tels que le golf, le ski, le snowboard, le football, la course \u00e0 pied, le VTT, la natation, le basket-ball, l'\u00e9quitation, le hockey, le volley-ball, le hockey sur glace, le tennis, le kitesurf et la planche \u00e0 voile, le surf et tous les sports freestyle.<br \/>\nRubens Barrichello, Shaquille O'Neal, Viktoria Rebensburg ou encore la proette de golf Martina Eberl font confiance \u00e0 POWER BALANCE depuis longtemps. Ces bracelets sont tr\u00e8s robustes ainsi que r\u00e9sistants \u00e0 l'eau et permettent une dur\u00e9e de vie de plusieurs ann\u00e9es s'ils sont utilis\u00e9s correctement. Les bracelets en silicone sont \u00e0 la fois de tr\u00e8s grande qualit\u00e9 et r\u00e9sistants et conviennent parfaitement \u00e0 une utilisation sportive. Ils s\u00e8chent rapidement et sont tr\u00e8s agr\u00e9ables \u00e0 porter, m\u00eame lors d'activit\u00e9s prolong\u00e9es.<\/p>","protected":false},"featured_media":2324,"comment_status":"open","ping_status":"closed","template":"","meta":[],"product_brand":[],"product_cat":[17,19],"product_tag":[27],"class_list":{"0":"post-2126","1":"product","2":"type-product","3":"status-publish","4":"has-post-thumbnail","6":"product_cat-alle-produkte","7":"product_cat-armbander","8":"product_tag-tribalance","9":"thunk-woo-product-list","10":"opn-qv-enable","11":"top-store-woo-hover-zoom","12":"top-store-single-product-tab-horizontal","13":"top-store-shadow-","14":"top-store-shadow-hover-","16":"first","17":"instock","18":"sale","19":"taxable","20":"shipping-taxable","21":"purchasable","22":"product-type-variable"},"_links":{"self":[{"href":"https:\/\/trinitixshop.de\/fr\/wp-json\/wp\/v2\/product\/2126","targetHints":{"allow":["GET"]}}],"collection":[{"href":"https:\/\/trinitixshop.de\/fr\/wp-json\/wp\/v2\/product"}],"about":[{"href":"https:\/\/trinitixshop.de\/fr\/wp-json\/wp\/v2\/types\/product"}],"replies":[{"embeddable":true,"href":"https:\/\/trinitixshop.de\/fr\/wp-json\/wp\/v2\/comments?post=2126"}],"wp:featuredmedia":[{"embeddable":true,"href":"https:\/\/trinitixshop.de\/fr\/wp-json\/wp\/v2\/media\/2324"}],"wp:attachment":[{"href":"https:\/\/trinitixshop.de\/fr\/wp-json\/wp\/v2\/media?parent=2126"}],"wp:term":[{"taxonomy":"product_brand","embeddable":true,"href":"https:\/\/trinitixshop.de\/fr\/wp-json\/wp\/v2\/product_brand?post=2126"},{"taxonomy":"product_cat","embeddable":true,"href":"https:\/\/trinitixshop.de\/fr\/wp-json\/wp\/v2\/product_cat?post=2126"},{"taxonomy":"product_tag","embeddable":true,"href":"https:\/\/trinitixshop.de\/fr\/wp-json\/wp\/v2\/product_tag?post=2126"}],"curies":[{"name":"wp","href":"https:\/\/api.w.org\/{rel}","templated":true}]}}