{"id":2130,"date":"2023-05-16T13:38:50","date_gmt":"2023-05-16T11:38:50","guid":{"rendered":"https:\/\/trinitixshop.de\/?post_type=product&#038;p=2130"},"modified":"2023-05-18T15:49:30","modified_gmt":"2023-05-18T13:49:30","slug":"ionen-magnetarmband-silbergrau-mit-swarovski-crystal","status":"publish","type":"product","link":"https:\/\/trinitixshop.de\/fr\/produkt\/ionen-magnetarmband-silbergrau-mit-swarovski-crystal\/","title":{"rendered":"Bracelet magn\u00e9tique ionique gris argent\u00e9 avec Swarovski Crystal"},"content":{"rendered":"<p>NB260000T<\/p>","protected":false},"excerpt":{"rendered":"<p>Ions magn\u00e9tiques positifs (+2.000) Power Bracelet en silicone \" 3 Wings \", gris argent\u00e9.<br \/>\nPlaque de bijouterie en acier inoxydable avec \u00e9l\u00e9ment original best shining Swarovski Crystal, largeur 13 mm.<br \/>\nBracelet en silicone ionis\u00e9 Power Band souple pour un tour de poignet de 15 \u00e0 23 cm.<br \/>\nLes bracelets \u00e9nerg\u00e9tiques magn\u00e9tiques en silicone sont devenus incontournables dans le monde du sport.<br \/>\nCette tendance venue des \u00c9tats-Unis est appr\u00e9ci\u00e9e par de nombreux sportifs de haut niveau. Ces Power<br \/>\nLes bracelets \u00e9nerg\u00e9tiques attirent l'attention de mani\u00e8re exclusive. Performance, design et<br \/>\nLa qualit\u00e9 au plus haut niveau. Les Svarowski best shining Elements originaux<br \/>\nenchantent par leur scintillement unique.<br \/>\n\u00c9nergie et \u00e9l\u00e9gance !<br \/>\nChacun de nos bijoux est \u00e9quip\u00e9 d'aimants en n\u00e9odyme puissants et de haute qualit\u00e9.<br \/>\nInlay magn\u00e9tique en n\u00e9odyme avec env. 2.200 gauss.<br \/>\nAcier inoxydable m\u00e9dical, exempt de cadmium, de nickel et de plomb. Sans allergie.<br \/>\nSilicone ionis\u00e9 sans plastifiants canc\u00e9rig\u00e8nes.<\/p>","protected":false},"featured_media":2328,"comment_status":"open","ping_status":"closed","template":"","meta":[],"product_brand":[],"product_cat":[17,19],"product_tag":[27],"class_list":{"0":"post-2130","1":"product","2":"type-product","3":"status-publish","4":"has-post-thumbnail","6":"product_cat-alle-produkte","7":"product_cat-armbander","8":"product_tag-tribalance","9":"thunk-woo-product-list","10":"opn-qv-enable","11":"top-store-woo-hover-zoom","12":"top-store-single-product-tab-horizontal","13":"top-store-shadow-","14":"top-store-shadow-hover-","16":"first","17":"instock","18":"taxable","19":"shipping-taxable","20":"purchasable","21":"product-type-simple"},"_links":{"self":[{"href":"https:\/\/trinitixshop.de\/fr\/wp-json\/wp\/v2\/product\/2130","targetHints":{"allow":["GET"]}}],"collection":[{"href":"https:\/\/trinitixshop.de\/fr\/wp-json\/wp\/v2\/product"}],"about":[{"href":"https:\/\/trinitixshop.de\/fr\/wp-json\/wp\/v2\/types\/product"}],"replies":[{"embeddable":true,"href":"https:\/\/trinitixshop.de\/fr\/wp-json\/wp\/v2\/comments?post=2130"}],"wp:featuredmedia":[{"embeddable":true,"href":"https:\/\/trinitixshop.de\/fr\/wp-json\/wp\/v2\/media\/2328"}],"wp:attachment":[{"href":"https:\/\/trinitixshop.de\/fr\/wp-json\/wp\/v2\/media?parent=2130"}],"wp:term":[{"taxonomy":"product_brand","embeddable":true,"href":"https:\/\/trinitixshop.de\/fr\/wp-json\/wp\/v2\/product_brand?post=2130"},{"taxonomy":"product_cat","embeddable":true,"href":"https:\/\/trinitixshop.de\/fr\/wp-json\/wp\/v2\/product_cat?post=2130"},{"taxonomy":"product_tag","embeddable":true,"href":"https:\/\/trinitixshop.de\/fr\/wp-json\/wp\/v2\/product_tag?post=2130"}],"curies":[{"name":"wp","href":"https:\/\/api.w.org\/{rel}","templated":true}]}}