{"id":2134,"date":"2023-05-16T13:38:50","date_gmt":"2023-05-16T11:38:50","guid":{"rendered":"https:\/\/trinitixshop.de\/?post_type=product&#038;p=2134"},"modified":"2024-08-08T09:49:22","modified_gmt":"2024-08-08T07:49:22","slug":"power-sport-bracelet-magnetique-hologramme-ions-bleu-sable-gris-19-22-5-cm","status":"publish","type":"product","link":"https:\/\/trinitixshop.de\/fr\/produkt\/power-sport-magnetarmband-hologramm-ionen-blau-sand-grau-19-22-5-cm\/","title":{"rendered":"Power Sport bracelet magn\u00e9tique + hologramme + ions bleu\/sable gris 19 - 22.5 cm"},"content":{"rendered":"","protected":false},"excerpt":{"rendered":"<p>TRI BALANCE Bracelet magn\u00e9tique en silicone avec aimant + hologramme + technologie ionique. Inlay magn\u00e9tique en n\u00e9odyme avec env. 2.200 gauss.<br \/>\nLongueur universelle env. 19 - 24,5 cm. Largeur de 25 mm.<br \/>\nExempt de plastifiants canc\u00e9rig\u00e8nes.<br \/>\nTechnologie holographique :<br \/>\nAm\u00e9lioration de l'endurance, de l'\u00e9quilibre et effets positifs sur le bien-\u00eatre. Id\u00e9al pour les personnes qui g\u00e8rent activement leur quotidien. Effets pr\u00e9sum\u00e9s : meilleur sommeil, degr\u00e9 plus \u00e9lev\u00e9 de<br \/>\n\u00c9quilibre ainsi que soutien en cas de r\u00e9gime, de sevrage tabagique et de douleurs articulaires.<br \/>\n2.000 cc d'ions n\u00e9gatifs. Technologie : La force vivifiante de la nature. Les ions n\u00e9gatifs sont les invisibles am\u00e9liorateurs de l'humeur et peuvent influencer positivement le bien-\u00eatre humain. Id\u00e9al pour offrir un soulagement \u00e0 de nombreux probl\u00e8mes de sant\u00e9. Traiter naturellement les allergies, l'hypertension, les maux de t\u00eate, la d\u00e9pression et autres troubles, soulager les allergies, augmenter la capacit\u00e9 de concentration et m\u00eame am\u00e9liorer l'humeur.<br \/>\nTechnologie des aimants au n\u00e9odyme : la th\u00e9rapie magn\u00e9tique statique fait partie de la m\u00e9decine alternative et est plus r\u00e9pandue que l'acupuncture. Un grand nombre d'effets analg\u00e9siques ont \u00e9t\u00e9 document\u00e9s dans les domaines de l'arthrose, des maladies articulaires et de l'orthop\u00e9die. L'objectif de la magn\u00e9toth\u00e9rapie est avant tout de soulager les douleurs chroniques et d'am\u00e9liorer la circulation sanguine. Gr\u00e2ce \u00e0 l'utilisation d'aimants en n\u00e9odyme, les cellules du corps s'enrichissent en oxyg\u00e8ne.<br \/>\nEn cons\u00e9quence, les d\u00e9fenses et le syst\u00e8me immunitaire se renforcent, ce qui entra\u00eene une augmentation de la vitalit\u00e9 physique. Outre l'optimisation de l'\u00e9tat g\u00e9n\u00e9ral, l'utilisation active l'approvisionnement en nutriments du corps et stimule d'importants processus de gu\u00e9rison. Il n'y a aucun effet secondaire.<br \/>\nNous attirons l'attention sur le fait que nos hypoth\u00e8ses et d\u00e9clarations relatives au port<br \/>\ndes bijoux magn\u00e9tiques ne sont pas prouv\u00e9s au sens scientifique du terme et<br \/>\nsont donc rejet\u00e9s par la m\u00e9decine conventionnelle.<\/p>","protected":false},"featured_media":2307,"comment_status":"open","ping_status":"closed","template":"","meta":[],"product_brand":[],"product_cat":[17,19],"product_tag":[27],"class_list":{"0":"post-2134","1":"product","2":"type-product","3":"status-publish","4":"has-post-thumbnail","6":"product_cat-alle-produkte","7":"product_cat-armbander","8":"product_tag-tribalance","9":"thunk-woo-product-list","10":"opn-qv-enable","11":"top-store-woo-hover-zoom","12":"top-store-single-product-tab-horizontal","13":"top-store-shadow-","14":"top-store-shadow-hover-","16":"first","17":"instock","18":"sale","19":"taxable","20":"shipping-taxable","21":"purchasable","22":"product-type-variable"},"_links":{"self":[{"href":"https:\/\/trinitixshop.de\/fr\/wp-json\/wp\/v2\/product\/2134","targetHints":{"allow":["GET"]}}],"collection":[{"href":"https:\/\/trinitixshop.de\/fr\/wp-json\/wp\/v2\/product"}],"about":[{"href":"https:\/\/trinitixshop.de\/fr\/wp-json\/wp\/v2\/types\/product"}],"replies":[{"embeddable":true,"href":"https:\/\/trinitixshop.de\/fr\/wp-json\/wp\/v2\/comments?post=2134"}],"wp:featuredmedia":[{"embeddable":true,"href":"https:\/\/trinitixshop.de\/fr\/wp-json\/wp\/v2\/media\/2307"}],"wp:attachment":[{"href":"https:\/\/trinitixshop.de\/fr\/wp-json\/wp\/v2\/media?parent=2134"}],"wp:term":[{"taxonomy":"product_brand","embeddable":true,"href":"https:\/\/trinitixshop.de\/fr\/wp-json\/wp\/v2\/product_brand?post=2134"},{"taxonomy":"product_cat","embeddable":true,"href":"https:\/\/trinitixshop.de\/fr\/wp-json\/wp\/v2\/product_cat?post=2134"},{"taxonomy":"product_tag","embeddable":true,"href":"https:\/\/trinitixshop.de\/fr\/wp-json\/wp\/v2\/product_tag?post=2134"}],"curies":[{"name":"wp","href":"https:\/\/api.w.org\/{rel}","templated":true}]}}