{"id":2135,"date":"2023-05-16T13:38:51","date_gmt":"2023-05-16T11:38:51","guid":{"rendered":"https:\/\/trinitixshop.de\/?post_type=product&#038;p=2135"},"modified":"2023-05-17T16:21:08","modified_gmt":"2023-05-17T14:21:08","slug":"3in1-bracelet-magnetique-8033-argent-brillant-mat-s-m-ou-l-xl","status":"publish","type":"product","link":"https:\/\/trinitixshop.de\/fr\/produkt\/3in1-magnetarmband-8033-silber-hochglanz-matt-s-m-oder-l-xl\/","title":{"rendered":"3in1 Bracelet magn\u00e9tique # 8033 argent brillant - mat S\/M ou L\/XL"},"content":{"rendered":"<p>SB803300T<\/p>","protected":false},"excerpt":{"rendered":"<p>Bracelet magn\u00e9tique exclusif 3 en 1, massif, uni \/ argent. Largeur environ 7 mm.<br \/>\nLes \u00e9l\u00e9ments sont alternativement brillants et polis mats.<br \/>\nEffets attribu\u00e9s \u00e0 la tourmaline : La tourmaline est une pierre pr\u00e9cieuse qui agit fortement sur le corps et on lui attribue un effet psychique constructif et vivifiant. La tourmaline favorise la recherche de l'harmonie et de la clart\u00e9 dans la vie. Gr\u00e2ce \u00e0 elle, nous sommes capables de mieux percevoir les \u00e9volutions et les processus et donc de les contr\u00f4ler. La tourmaline noire est l'une des pierres de protection les plus puissantes contre les \u00e9nergies n\u00e9gatives et doit \u00eatre port\u00e9e en contact direct avec la peau.<br \/>\nEffets suppos\u00e9s du germanium : Le germanium est un semi-m\u00e9tal gris\/blanc et cassant. Il est compos\u00e9 de 6 atomes de germanium et de 12 atomes d'oxyg\u00e8ne. Il alimente les cellules en oxyg\u00e8ne et renforce le syst\u00e8me immunitaire. Il est consid\u00e9r\u00e9 comme un capteur de radicaux libres pour les ions H+ qui r\u00e9sultent du processus de combustion organique. Le germanium stimule le syst\u00e8me immunitaire et le r\u00e9\u00e9quilibre. Les d\u00e9fenses naturelles de l'organisme sont activ\u00e9es.<br \/>\nInlays magn\u00e9tiques au n\u00e9odyme avec environ 2.200 gauss.<br \/>\nAcier inoxydable, exempt de cadmium, de nickel et de plomb. Sans allergie.<br \/>\nLa beaut\u00e9 et une nouvelle l\u00e9g\u00e8ret\u00e9. Ann\u00e9e apr\u00e8s ann\u00e9e, nos bracelets \u00e9nerg\u00e9tiques comptent parmi les pi\u00e8ces les plus populaires de la collection. Essayez vous-m\u00eame la beaut\u00e9, la robustesse et l'adaptabilit\u00e9 de ces bijoux.<br \/>\nTailles disponibles :<br \/>\nS\/M = 16,5 cm + 2 \u00e9l\u00e9ments de fermeture suppl\u00e9mentaires pour rallonger. Environ 1,5 cm chacun<br \/>\nL\/XL = 19 cm + 2 \u00e9l\u00e9ments de fermeture suppl\u00e9mentaires pour la rallonge. Environ 1,5 cm chacun.<br \/>\nVeuillez nous indiquer la taille de livraison souhait\u00e9e !<\/p>","protected":false},"featured_media":2277,"comment_status":"open","ping_status":"closed","template":"","meta":[],"product_brand":[],"product_cat":[17,19],"product_tag":[25],"class_list":{"0":"post-2135","1":"product","2":"type-product","3":"status-publish","4":"has-post-thumbnail","6":"product_cat-alle-produkte","7":"product_cat-armbander","8":"product_tag-t-prime","9":"thunk-woo-product-list","10":"opn-qv-enable","11":"top-store-woo-hover-zoom","12":"top-store-single-product-tab-horizontal","13":"top-store-shadow-","14":"top-store-shadow-hover-","16":"first","17":"instock","18":"sale","19":"taxable","20":"shipping-taxable","21":"purchasable","22":"product-type-variable"},"_links":{"self":[{"href":"https:\/\/trinitixshop.de\/fr\/wp-json\/wp\/v2\/product\/2135","targetHints":{"allow":["GET"]}}],"collection":[{"href":"https:\/\/trinitixshop.de\/fr\/wp-json\/wp\/v2\/product"}],"about":[{"href":"https:\/\/trinitixshop.de\/fr\/wp-json\/wp\/v2\/types\/product"}],"replies":[{"embeddable":true,"href":"https:\/\/trinitixshop.de\/fr\/wp-json\/wp\/v2\/comments?post=2135"}],"wp:featuredmedia":[{"embeddable":true,"href":"https:\/\/trinitixshop.de\/fr\/wp-json\/wp\/v2\/media\/2277"}],"wp:attachment":[{"href":"https:\/\/trinitixshop.de\/fr\/wp-json\/wp\/v2\/media?parent=2135"}],"wp:term":[{"taxonomy":"product_brand","embeddable":true,"href":"https:\/\/trinitixshop.de\/fr\/wp-json\/wp\/v2\/product_brand?post=2135"},{"taxonomy":"product_cat","embeddable":true,"href":"https:\/\/trinitixshop.de\/fr\/wp-json\/wp\/v2\/product_cat?post=2135"},{"taxonomy":"product_tag","embeddable":true,"href":"https:\/\/trinitixshop.de\/fr\/wp-json\/wp\/v2\/product_tag?post=2135"}],"curies":[{"name":"wp","href":"https:\/\/api.w.org\/{rel}","templated":true}]}}