{"id":2136,"date":"2023-05-16T13:38:51","date_gmt":"2023-05-16T11:38:51","guid":{"rendered":"https:\/\/trinitixshop.de\/?post_type=product&#038;p=2136"},"modified":"2023-05-18T13:41:40","modified_gmt":"2023-05-18T11:41:40","slug":"3-en-1-bracelet-magnetique-wings-argent-s-m-ou-l-xl-8066","status":"publish","type":"product","link":"https:\/\/trinitixshop.de\/fr\/produkt\/3-in-1-magnetarmband-wings-silber-s-m-oder-l-xl-8066\/","title":{"rendered":"3 en 1 Bracelet magn\u00e9tique Wings argent S\/M ou L\/XL # 8066"},"content":{"rendered":"","protected":false},"excerpt":{"rendered":"<p>Bracelet magn\u00e9tique exclusif 3 en 1, massif, uni \/ argent. Largeur environ 9,5 mm.<br \/>\nLes \u00e9l\u00e9ments sont polis et pr\u00e9sentent notre logo exclusif 3 Wings.<br \/>\nEffets attribu\u00e9s \u00e0 la tourmaline : La tourmaline, pierre pr\u00e9cieuse, agit fortement sur le flux \u00e9nerg\u00e9tique du corps et on lui attribue un effet psychique constructif et vivifiant. La tourmaline favorise la recherche de l'harmonie et de la clart\u00e9 dans la vie. Gr\u00e2ce \u00e0 elle, nous sommes capables de mieux percevoir les \u00e9volutions et les processus et donc de les contr\u00f4ler. La tourmaline noire est l'une des pierres de protection les plus puissantes contre les \u00e9nergies n\u00e9gatives et doit \u00eatre port\u00e9e en contact direct avec la peau.<br \/>\nEffets suppos\u00e9s du germanium : Le germanium est un semi-m\u00e9tal gris\/blanc et cassant. Il est compos\u00e9 de 6 atomes de germanium et de 12 atomes d'oxyg\u00e8ne. Il alimente les cellules en oxyg\u00e8ne et renforce le syst\u00e8me immunitaire. Il est consid\u00e9r\u00e9 comme un capteur de radicaux libres pour les ions H+ qui r\u00e9sultent du processus de combustion organique. Le germanium stimule le syst\u00e8me immunitaire et le r\u00e9\u00e9quilibre. Les d\u00e9fenses naturelles de l'organisme sont activ\u00e9es.<br \/>\nWings : Lorsque nous voyons des ailes, notre premi\u00e8re pens\u00e9e est de voler, mais lorsque nous laissons libre cours \u00e0 notre imagination, le symbole de l'aile est notre salut. Nous r\u00e9alisons qu'il est possible de fuir et de s'\u00e9chapper des choses qui nous lient ou qui peuvent lib\u00e9rer notre \u00e2me. Les ailes symbolisent la paix, l'amour, la terre et l'air, la mortalit\u00e9 et le divin. Parfois, elle nous montre les \u00eatres surnaturels et magiques comme les dragons, les griffons, les f\u00e9es, les papillons, les abeilles, P\u00e9gase et ainsi de suite.<br \/>\nInlays magn\u00e9tiques au n\u00e9odyme avec environ 3.000 gauss.<br \/>\nAcier inoxydable, exempt de cadmium, de nickel et de plomb. Sans allergie.<br \/>\nTailles disponibles :<br \/>\nS\/M = 16.5cm + 2 \u00e9l\u00e9ments de fermeture suppl\u00e9mentaires pour rallonger. Environ 1,5 cm chacun<br \/>\nL\/XL = 19 cm + 2 \u00e9l\u00e9ments de fermeture suppl\u00e9mentaires pour la rallonge. Environ 1,5 cm chacun.<br \/>\nVeuillez nous indiquer la taille de livraison souhait\u00e9e !<\/p>","protected":false},"featured_media":2293,"comment_status":"open","ping_status":"closed","template":"","meta":[],"product_brand":[],"product_cat":[17,19],"product_tag":[25],"class_list":{"0":"post-2136","1":"product","2":"type-product","3":"status-publish","4":"has-post-thumbnail","6":"product_cat-alle-produkte","7":"product_cat-armbander","8":"product_tag-t-prime","9":"thunk-woo-product-list","10":"opn-qv-enable","11":"top-store-woo-hover-zoom","12":"top-store-single-product-tab-horizontal","13":"top-store-shadow-","14":"top-store-shadow-hover-","16":"first","17":"instock","18":"sale","19":"taxable","20":"shipping-taxable","21":"purchasable","22":"product-type-variable"},"_links":{"self":[{"href":"https:\/\/trinitixshop.de\/fr\/wp-json\/wp\/v2\/product\/2136","targetHints":{"allow":["GET"]}}],"collection":[{"href":"https:\/\/trinitixshop.de\/fr\/wp-json\/wp\/v2\/product"}],"about":[{"href":"https:\/\/trinitixshop.de\/fr\/wp-json\/wp\/v2\/types\/product"}],"replies":[{"embeddable":true,"href":"https:\/\/trinitixshop.de\/fr\/wp-json\/wp\/v2\/comments?post=2136"}],"wp:featuredmedia":[{"embeddable":true,"href":"https:\/\/trinitixshop.de\/fr\/wp-json\/wp\/v2\/media\/2293"}],"wp:attachment":[{"href":"https:\/\/trinitixshop.de\/fr\/wp-json\/wp\/v2\/media?parent=2136"}],"wp:term":[{"taxonomy":"product_brand","embeddable":true,"href":"https:\/\/trinitixshop.de\/fr\/wp-json\/wp\/v2\/product_brand?post=2136"},{"taxonomy":"product_cat","embeddable":true,"href":"https:\/\/trinitixshop.de\/fr\/wp-json\/wp\/v2\/product_cat?post=2136"},{"taxonomy":"product_tag","embeddable":true,"href":"https:\/\/trinitixshop.de\/fr\/wp-json\/wp\/v2\/product_tag?post=2136"}],"curies":[{"name":"wp","href":"https:\/\/api.w.org\/{rel}","templated":true}]}}