{"id":2137,"date":"2023-05-16T13:38:51","date_gmt":"2023-05-16T11:38:51","guid":{"rendered":"https:\/\/trinitixshop.de\/?post_type=product&#038;p=2137"},"modified":"2023-05-18T12:58:40","modified_gmt":"2023-05-18T10:58:40","slug":"patte-de-charme-avec-lobster-clasp-pendentif-magnetique-pour-bracelet-de-mendicite","status":"publish","type":"product","link":"https:\/\/trinitixshop.de\/fr\/produkt\/charm-pfote-mit-lobster-clasp-magnetanhaenger-fuer-bettelarmband\/","title":{"rendered":"Charm patte avec Lobster Clasp Pendentif magn\u00e9tique pour bracelet mendiant"},"content":{"rendered":"<p>AX071410T<\/p>","protected":false},"excerpt":{"rendered":"<p>Charm patte styl\u00e9 ( chien - chat - patte - ours ), taille environ 2 cm, avec Lobster Clasp.<br \/>\nPatte de pendentif magn\u00e9tique avec \u00e9l\u00e9ment Swarovski original scintillant.<br \/>\nUn accroche-regard \"animal\" pour tous les jours. Avec les boucles d'oreilles assorties ( #1387P ) et le bracelet magn\u00e9tique Patte ( # 2153 ou # 7141 ), l'effet est garanti.<br \/>\nAimant n\u00e9odyme incrust\u00e9 d'environ 1.200 gauss. Acier inoxydable, exempt de cadmium, de nickel et de plomb. Sans allergie.<br \/>\nAvec cet accessoire styl\u00e9, tu attireras le regard des autres sur toi. Ce Power-Charm avec Lobster Clasp s'adapte \u00e0 presque tous les \"bracelets mendiants\" et est un bijou intemporel et sobre.<br \/>\nNotre bracelet de mendicit\u00e9 # 1643 - \u00e0 trouver ici dans la boutique<\/p>","protected":false},"featured_media":2282,"comment_status":"open","ping_status":"closed","template":"","meta":[],"product_brand":[],"product_cat":[17,19,21],"product_tag":[24],"class_list":{"0":"post-2137","1":"product","2":"type-product","3":"status-publish","4":"has-post-thumbnail","6":"product_cat-alle-produkte","7":"product_cat-armbander","8":"product_cat-halsketten","9":"product_tag-jungbrunn","10":"thunk-woo-product-list","11":"opn-qv-enable","12":"top-store-woo-hover-zoom","13":"top-store-single-product-tab-horizontal","14":"top-store-shadow-","15":"top-store-shadow-hover-","17":"first","18":"instock","19":"taxable","20":"shipping-taxable","21":"purchasable","22":"product-type-simple"},"_links":{"self":[{"href":"https:\/\/trinitixshop.de\/fr\/wp-json\/wp\/v2\/product\/2137","targetHints":{"allow":["GET"]}}],"collection":[{"href":"https:\/\/trinitixshop.de\/fr\/wp-json\/wp\/v2\/product"}],"about":[{"href":"https:\/\/trinitixshop.de\/fr\/wp-json\/wp\/v2\/types\/product"}],"replies":[{"embeddable":true,"href":"https:\/\/trinitixshop.de\/fr\/wp-json\/wp\/v2\/comments?post=2137"}],"wp:featuredmedia":[{"embeddable":true,"href":"https:\/\/trinitixshop.de\/fr\/wp-json\/wp\/v2\/media\/2282"}],"wp:attachment":[{"href":"https:\/\/trinitixshop.de\/fr\/wp-json\/wp\/v2\/media?parent=2137"}],"wp:term":[{"taxonomy":"product_brand","embeddable":true,"href":"https:\/\/trinitixshop.de\/fr\/wp-json\/wp\/v2\/product_brand?post=2137"},{"taxonomy":"product_cat","embeddable":true,"href":"https:\/\/trinitixshop.de\/fr\/wp-json\/wp\/v2\/product_cat?post=2137"},{"taxonomy":"product_tag","embeddable":true,"href":"https:\/\/trinitixshop.de\/fr\/wp-json\/wp\/v2\/product_tag?post=2137"}],"curies":[{"name":"wp","href":"https:\/\/api.w.org\/{rel}","templated":true}]}}