{"id":2138,"date":"2023-05-16T13:38:51","date_gmt":"2023-05-16T11:38:51","guid":{"rendered":"https:\/\/trinitixshop.de\/?post_type=product&#038;p=2138"},"modified":"2023-05-18T13:08:00","modified_gmt":"2023-05-18T11:08:00","slug":"charm-coeur-avec-lobster-clasp-pendentif-magnetique-pour-bracelet-mendiant","status":"publish","type":"product","link":"https:\/\/trinitixshop.de\/fr\/produkt\/charm-herz-mit-lobster-clasp-magnetanhaenger-fuer-bettelarmband\/","title":{"rendered":"Charm C\u0153ur avec Lobster Clasp Pendentif magn\u00e9tique pour bracelet mendiant"},"content":{"rendered":"<p>AX117710T<\/p>","protected":false},"excerpt":{"rendered":"<p>Ton compagnon de tous les instants : l'\u00e9l\u00e9gante breloque c\u0153ur emoji. Montre ton amour avec la breloque magn\u00e9tique classique en forme de c\u0153ur pour un bracelet \u00e0 breloques (par ex. # 1643), orn\u00e9e d'une d\u00e9licate breloque en forme de c\u0153ur avec 3 cristaux Swarovski originaux, \u00d8 env. 24 mm, Lobster Clasp, polie miroir. La breloque peut \u00e9galement \u00eatre port\u00e9e sur une cha\u00eene.<br \/>\nIncrustations d'aimants au n\u00e9odyme d'environ 1 200 gauss.<br \/>\nAcier inoxydable, exempt de cadmium, de nickel et de plomb. Sans allergie.<br \/>\n\"Made with Love\" Ressens le pouvoir vitalisant. Avec cet accessoire styl\u00e9, tu attireras le regard des autres.<br \/>\nCe Power-Charm avec Lobster Clasp s'adapte \u00e0 presque tous les \"bracelets mendiants\" et est un bijou simple et intemporel.<br \/>\nNotre bracelet de mendicit\u00e9 # 1643 - \u00e0 trouver ici dans la boutique<\/p>","protected":false},"featured_media":2284,"comment_status":"open","ping_status":"closed","template":"","meta":[],"product_brand":[],"product_cat":[17,19,21],"product_tag":[24],"class_list":{"0":"post-2138","1":"product","2":"type-product","3":"status-publish","4":"has-post-thumbnail","6":"product_cat-alle-produkte","7":"product_cat-armbander","8":"product_cat-halsketten","9":"product_tag-jungbrunn","10":"thunk-woo-product-list","11":"opn-qv-enable","12":"top-store-woo-hover-zoom","13":"top-store-single-product-tab-horizontal","14":"top-store-shadow-","15":"top-store-shadow-hover-","17":"first","18":"instock","19":"taxable","20":"shipping-taxable","21":"purchasable","22":"product-type-simple"},"_links":{"self":[{"href":"https:\/\/trinitixshop.de\/fr\/wp-json\/wp\/v2\/product\/2138","targetHints":{"allow":["GET"]}}],"collection":[{"href":"https:\/\/trinitixshop.de\/fr\/wp-json\/wp\/v2\/product"}],"about":[{"href":"https:\/\/trinitixshop.de\/fr\/wp-json\/wp\/v2\/types\/product"}],"replies":[{"embeddable":true,"href":"https:\/\/trinitixshop.de\/fr\/wp-json\/wp\/v2\/comments?post=2138"}],"wp:featuredmedia":[{"embeddable":true,"href":"https:\/\/trinitixshop.de\/fr\/wp-json\/wp\/v2\/media\/2284"}],"wp:attachment":[{"href":"https:\/\/trinitixshop.de\/fr\/wp-json\/wp\/v2\/media?parent=2138"}],"wp:term":[{"taxonomy":"product_brand","embeddable":true,"href":"https:\/\/trinitixshop.de\/fr\/wp-json\/wp\/v2\/product_brand?post=2138"},{"taxonomy":"product_cat","embeddable":true,"href":"https:\/\/trinitixshop.de\/fr\/wp-json\/wp\/v2\/product_cat?post=2138"},{"taxonomy":"product_tag","embeddable":true,"href":"https:\/\/trinitixshop.de\/fr\/wp-json\/wp\/v2\/product_tag?post=2138"}],"curies":[{"name":"wp","href":"https:\/\/api.w.org\/{rel}","templated":true}]}}