{"id":2139,"date":"2023-05-16T13:38:51","date_gmt":"2023-05-16T11:38:51","guid":{"rendered":"https:\/\/trinitixshop.de\/?post_type=product&#038;p=2139"},"modified":"2024-03-08T12:54:02","modified_gmt":"2024-03-08T11:54:02","slug":"bracelet-en-cuivre-avec-6-inlays-magnetiques-en-neodyme","status":"publish","type":"product","link":"https:\/\/trinitixshop.de\/fr\/produkt\/armspange-kupfer-mit-6-neodym-magnet-inlays\/","title":{"rendered":"Bracelet en cuivre avec 6 incrustations d'aimants en n\u00e9odyme # 137"},"content":{"rendered":"<p>BA013700T<\/p>","protected":false},"excerpt":{"rendered":"<p>Bracelet en cuivre massif attrayant et sobre.<br \/>\nEn cuivre pur 99,9%. Largeur env. 10 mm, \u00e9paisseur env. 3 mm, poids env. 38 gr., poli miroir.<br \/>\nAvec 6 aimants n\u00e9odyme puissants (env. 2.200 gauss). Diam\u00e8tre int\u00e9rieur d'environ 5,5 - 6,5 cm.<br \/>\nLe cuivre \u00e9tant un mat\u00e9riau relativement souple, il s'adapte bien au poignet = L\u00e9g\u00e8rement \u00e9lastique, peut \u00eatre mod\u00e9r\u00e9ment form\u00e9 en le pliant fortement. Unisexe, il n'y a pas de diff\u00e9rence. Le cuivre - un m\u00e9tal d\u00e9j\u00e0 utilis\u00e9 il y a 10.000 ans.<br \/>\n\u00e9tait travaill\u00e9 par l'homme, port\u00e9 comme ornement et utilis\u00e9 comme agent th\u00e9rapeutique.<br \/>\nDepuis l'Antiquit\u00e9, les cultures du monde entier croient en ses effets b\u00e9n\u00e9fiques sur le syst\u00e8me immunitaire.<br \/>\nLes bracelets magn\u00e9tiques \u00e9nerg\u00e9tiques en cuivre seraient tr\u00e8s efficaces pour r\u00e9duire les douleurs articulaires (arthrite, rhumatismes, blessures sportives... etc.).<br \/>\nEffets suppos\u00e9s du cuivre : Le cuivre (CU) peut en outre avoir un effet positif sur la formation d'anticorps dans le syst\u00e8me de d\u00e9fense,<br \/>\nla croissance, le d\u00e9veloppement et le renforcement des os.<\/p>","protected":false},"featured_media":2285,"comment_status":"open","ping_status":"closed","template":"","meta":[],"product_brand":[],"product_cat":[17,19],"product_tag":[25],"class_list":{"0":"post-2139","1":"product","2":"type-product","3":"status-publish","4":"has-post-thumbnail","6":"product_cat-alle-produkte","7":"product_cat-armbander","8":"product_tag-t-prime","9":"thunk-woo-product-list","10":"opn-qv-enable","11":"top-store-woo-hover-zoom","12":"top-store-single-product-tab-horizontal","13":"top-store-shadow-","14":"top-store-shadow-hover-","16":"first","17":"instock","18":"sale","19":"taxable","20":"shipping-taxable","21":"purchasable","22":"product-type-simple"},"_links":{"self":[{"href":"https:\/\/trinitixshop.de\/fr\/wp-json\/wp\/v2\/product\/2139","targetHints":{"allow":["GET"]}}],"collection":[{"href":"https:\/\/trinitixshop.de\/fr\/wp-json\/wp\/v2\/product"}],"about":[{"href":"https:\/\/trinitixshop.de\/fr\/wp-json\/wp\/v2\/types\/product"}],"replies":[{"embeddable":true,"href":"https:\/\/trinitixshop.de\/fr\/wp-json\/wp\/v2\/comments?post=2139"}],"wp:featuredmedia":[{"embeddable":true,"href":"https:\/\/trinitixshop.de\/fr\/wp-json\/wp\/v2\/media\/2285"}],"wp:attachment":[{"href":"https:\/\/trinitixshop.de\/fr\/wp-json\/wp\/v2\/media?parent=2139"}],"wp:term":[{"taxonomy":"product_brand","embeddable":true,"href":"https:\/\/trinitixshop.de\/fr\/wp-json\/wp\/v2\/product_brand?post=2139"},{"taxonomy":"product_cat","embeddable":true,"href":"https:\/\/trinitixshop.de\/fr\/wp-json\/wp\/v2\/product_cat?post=2139"},{"taxonomy":"product_tag","embeddable":true,"href":"https:\/\/trinitixshop.de\/fr\/wp-json\/wp\/v2\/product_tag?post=2139"}],"curies":[{"name":"wp","href":"https:\/\/api.w.org\/{rel}","templated":true}]}}