{"id":2140,"date":"2023-05-16T13:38:51","date_gmt":"2023-05-16T11:38:51","guid":{"rendered":"https:\/\/trinitixshop.de\/?post_type=product&#038;p=2140"},"modified":"2024-11-14T08:36:42","modified_gmt":"2024-11-14T07:36:42","slug":"bracelet-en-cuivre-nilay-cu-bio-energie-magnetique-bangle","status":"publish","type":"product","link":"https:\/\/trinitixshop.de\/fr\/produkt\/kupfer-armspange-nilay-cu-bio-energie-magnet-bangle\/","title":{"rendered":"Bracelet en cuivre Nilay Cu Bio Energie Magnet Bangle # 1437"},"content":{"rendered":"<p>BA143700T<\/p>","protected":false},"excerpt":{"rendered":"<p>Bracelet th\u00e9rapeutique magn\u00e9tique en cuivre bio. 98,9 % cuivre pur<br \/>\nLargeur env. 9 mm, \u00e9paisseur env. 2,6 mm, diam\u00e8tre int\u00e9rieur env. 6,7 cm. Poids env. 32 gr., poli miroir.<br \/>\nAvec 2 puissants inlays magn\u00e9tiques en n\u00e9odyme (env. 2.200 gauss). Fabriqu\u00e9 en cuivre de haute qualit\u00e9.<br \/>\nSans nickel allergique, poli, anti-allerg\u00e8ne.<br \/>\nEffets pr\u00e9sum\u00e9s du cuivre (CU) : favorise la formation d'anticorps dans le syst\u00e8me de d\u00e9fense, la croissance, le d\u00e9veloppement, le renforcement des os.<br \/>\nLe cuivre \u00e9tant un mat\u00e9riau relativement souple, il s'adapte bien au poignet.<br \/>\nL\u00e9g\u00e8rement \u00e9lastique, peut \u00eatre mod\u00e9r\u00e9ment form\u00e9 et ajust\u00e9 en le pliant vigoureusement.<br \/>\nUnisexe.<br \/>\nUne \u00e9l\u00e9gance sobre. Filigrane et style.<br \/>\nCe bracelet en cuivre de haute qualit\u00e9 exprime le style fran\u00e7ais et la joie de vivre.<br \/>\nVous convaincrez ainsi sur toute la ligne.<br \/>\nUn bijou magn\u00e9tique intemporel que vous pourrez toujours porter.<br \/>\nCe bracelet embl\u00e9matique au design intemporel mais moderne peut \u00eatre port\u00e9 seul ou combin\u00e9 tous les jours et en toute occasion.<br \/>\nLe bracelet est facile \u00e0 enfiler et s\u00e9duit par son grand confort.<br \/>\nLe cuivre bien tol\u00e9r\u00e9 par la peau, les aimants puissants et l'effet antibact\u00e9rien du cuivre rendent ce bracelet si efficace.<br \/>\nLe cuivre, un m\u00e9tal qui \u00e9tait d\u00e9j\u00e0 travaill\u00e9 par l'homme il y a 10 000 ans, port\u00e9 \u00e0 titre ornemental et utilis\u00e9 comme th\u00e9rapeutique.<br \/>\nDepuis l'Antiquit\u00e9, les cultures du monde entier croient en ses effets b\u00e9n\u00e9fiques sur le syst\u00e8me immunitaire.<br \/>\nDe nombreuses personnes ont fait part de leur exp\u00e9rience selon laquelle les bracelets magn\u00e9tiques \u00e9nerg\u00e9tiques en cuivre peuvent aider \u00e0 traiter une multitude de maladies, telles que la fatigue, la lassitude, les migraines, les douleurs articulaires, l'arthrite et d'autres probl\u00e8mes de sant\u00e9.<\/p>","protected":false},"featured_media":2283,"comment_status":"open","ping_status":"closed","template":"","meta":[],"product_brand":[],"product_cat":[17,19],"product_tag":[25],"class_list":{"0":"post-2140","1":"product","2":"type-product","3":"status-publish","4":"has-post-thumbnail","6":"product_cat-alle-produkte","7":"product_cat-armbander","8":"product_tag-t-prime","9":"thunk-woo-product-list","10":"opn-qv-enable","11":"top-store-woo-hover-zoom","12":"top-store-single-product-tab-horizontal","13":"top-store-shadow-","14":"top-store-shadow-hover-","16":"first","17":"instock","18":"sale","19":"taxable","20":"shipping-taxable","21":"purchasable","22":"product-type-simple"},"_links":{"self":[{"href":"https:\/\/trinitixshop.de\/fr\/wp-json\/wp\/v2\/product\/2140","targetHints":{"allow":["GET"]}}],"collection":[{"href":"https:\/\/trinitixshop.de\/fr\/wp-json\/wp\/v2\/product"}],"about":[{"href":"https:\/\/trinitixshop.de\/fr\/wp-json\/wp\/v2\/types\/product"}],"replies":[{"embeddable":true,"href":"https:\/\/trinitixshop.de\/fr\/wp-json\/wp\/v2\/comments?post=2140"}],"wp:featuredmedia":[{"embeddable":true,"href":"https:\/\/trinitixshop.de\/fr\/wp-json\/wp\/v2\/media\/2283"}],"wp:attachment":[{"href":"https:\/\/trinitixshop.de\/fr\/wp-json\/wp\/v2\/media?parent=2140"}],"wp:term":[{"taxonomy":"product_brand","embeddable":true,"href":"https:\/\/trinitixshop.de\/fr\/wp-json\/wp\/v2\/product_brand?post=2140"},{"taxonomy":"product_cat","embeddable":true,"href":"https:\/\/trinitixshop.de\/fr\/wp-json\/wp\/v2\/product_cat?post=2140"},{"taxonomy":"product_tag","embeddable":true,"href":"https:\/\/trinitixshop.de\/fr\/wp-json\/wp\/v2\/product_tag?post=2140"}],"curies":[{"name":"wp","href":"https:\/\/api.w.org\/{rel}","templated":true}]}}