{"id":2141,"date":"2023-05-16T13:38:51","date_gmt":"2023-05-16T11:38:51","guid":{"rendered":"https:\/\/trinitixshop.de\/?post_type=product&#038;p=2141"},"modified":"2023-05-17T16:16:04","modified_gmt":"2023-05-17T14:16:04","slug":"pfote-design-power-bangle-bracelet-argent","status":"publish","type":"product","link":"https:\/\/trinitixshop.de\/fr\/produkt\/pfote-design-power-bangle-armreif-silber\/","title":{"rendered":"Pfote Design Power Bangle Bracelet-jonc argent\u00e9"},"content":{"rendered":"<p>BA371400T<\/p>","protected":false},"excerpt":{"rendered":"<p>Magnet Bangle - patte argent - avec des Swarovski Elements originaux taill\u00e9s de haute qualit\u00e9.<br \/>\nUn accroche-regard \"animal\" pour tous les jours, mod\u00e9r\u00e9ment flexible, longueur environ 17 cm.<br \/>\nDesign de la patte : 13 x 10 x 3 mm.<br \/>\nEn combinaison avec le collier patte # 2714 ou les boucles d'oreilles magn\u00e9tiques # 1387P, c'est une belle combinaison.<br \/>\nTaille : M\/L (environ 15-18 cm).<br \/>\nMod\u00e9r\u00e9ment flexible pour s'adapter \u00e0 l'individu.<br \/>\nIncrustations d'aimants au n\u00e9odyme d'environ 1 200 gauss.<br \/>\nAcier inoxydable, exempt de cadmium, de nickel et de plomb. Sans allergie.<\/p>","protected":false},"featured_media":2275,"comment_status":"open","ping_status":"closed","template":"","meta":[],"product_brand":[],"product_cat":[17,19],"product_tag":[25],"class_list":{"0":"post-2141","1":"product","2":"type-product","3":"status-publish","4":"has-post-thumbnail","6":"product_cat-alle-produkte","7":"product_cat-armbander","8":"product_tag-t-prime","9":"thunk-woo-product-list","10":"opn-qv-enable","11":"top-store-woo-hover-zoom","12":"top-store-single-product-tab-horizontal","13":"top-store-shadow-","14":"top-store-shadow-hover-","16":"first","17":"instock","18":"sale","19":"taxable","20":"shipping-taxable","21":"purchasable","22":"product-type-simple"},"_links":{"self":[{"href":"https:\/\/trinitixshop.de\/fr\/wp-json\/wp\/v2\/product\/2141","targetHints":{"allow":["GET"]}}],"collection":[{"href":"https:\/\/trinitixshop.de\/fr\/wp-json\/wp\/v2\/product"}],"about":[{"href":"https:\/\/trinitixshop.de\/fr\/wp-json\/wp\/v2\/types\/product"}],"replies":[{"embeddable":true,"href":"https:\/\/trinitixshop.de\/fr\/wp-json\/wp\/v2\/comments?post=2141"}],"wp:featuredmedia":[{"embeddable":true,"href":"https:\/\/trinitixshop.de\/fr\/wp-json\/wp\/v2\/media\/2275"}],"wp:attachment":[{"href":"https:\/\/trinitixshop.de\/fr\/wp-json\/wp\/v2\/media?parent=2141"}],"wp:term":[{"taxonomy":"product_brand","embeddable":true,"href":"https:\/\/trinitixshop.de\/fr\/wp-json\/wp\/v2\/product_brand?post=2141"},{"taxonomy":"product_cat","embeddable":true,"href":"https:\/\/trinitixshop.de\/fr\/wp-json\/wp\/v2\/product_cat?post=2141"},{"taxonomy":"product_tag","embeddable":true,"href":"https:\/\/trinitixshop.de\/fr\/wp-json\/wp\/v2\/product_tag?post=2141"}],"curies":[{"name":"wp","href":"https:\/\/api.w.org\/{rel}","templated":true}]}}