{"id":2143,"date":"2023-05-16T13:38:51","date_gmt":"2023-05-16T11:38:51","guid":{"rendered":"https:\/\/trinitixshop.de\/?post_type=product&#038;p=2143"},"modified":"2023-05-18T13:21:52","modified_gmt":"2023-05-18T11:21:52","slug":"power-hearts-energy-montre-noire-elegante-avec-design-coeur","status":"publish","type":"product","link":"https:\/\/trinitixshop.de\/fr\/produkt\/power-hearts-energy-uhr-schwarz-elegant-mit-herz-design\/","title":{"rendered":"Power Hearts Energy montre noire \u00e9l\u00e9gante avec design de c\u0153ur"},"content":{"rendered":"<p>CL252200T<\/p>","protected":false},"excerpt":{"rendered":"<p>Montre Power Hearts noire magn\u00e9tique. Il n'y a pas de meilleure fa\u00e7on de dire l'heure qu'avec une montre.<br \/>\nmontre de poignet. L'\u00e9l\u00e9gance simple est le point de mire de cette montre au design moderne.<br \/>\nau premier plan. Montre \u00e0 quartz fabriqu\u00e9e dans la plus haute qualit\u00e9.<br \/>\nLe cadran au design tendance avec des marqueurs d'heure discrets est rehauss\u00e9 par les mains \u00e9l\u00e9gantes. Mains et chiffres en or rose. Design extra-plat.<br \/>\nLe cadran blanc est mis en valeur par les c\u0153urs scintillants avec des cristaux et compl\u00e9t\u00e9 par un bracelet en acier inoxydable noir avec un fermoir \u00e0 clip.<br \/>\nInspir\u00e9e du design Esprit. Une fabrication sp\u00e9ciale et des mat\u00e9riaux de protection garantissent que les aimants de puissance int\u00e9gr\u00e9s n'affectent pas la pr\u00e9cision de la montre. Une montre-bracelet tendance qui attirera tous les regards sur votre poignet au quotidien.<br \/>\nLongueur totale env. 23 cm, largeur du bracelet env. 15 mm, diam\u00e8tre de la montre env. 36 mm, mouvement \u00e0 quartz de haute qualit\u00e9. Design extra-plat avec un poids total de 51 grammes, 2 aimants int\u00e9gr\u00e9s ( env. 0.12 Tesla ), alliage m\u00e9tallique ( sans nickel, hypoallerg\u00e9nique ), verre min\u00e9ral, finition de surface : polie, bross\u00e9e. R\u00e9sistant \u00e0 l'eau jusqu'\u00e0 3 ATM. Pile : GM15 SR621SW.<br \/>\nLes magnifiques bijoux magn\u00e9tiques sont synonymes de lumi\u00e8re, d'\u00e9nergie et d'\u00e9l\u00e9gance ! Chacune de nos pi\u00e8ces de joaillerie est \u00e9quip\u00e9e d'aimants au n\u00e9odyme puissants et de grande qualit\u00e9.<br \/>\nIncrustation magn\u00e9tique en n\u00e9odyme d'environ 1,200 gauss.<br \/>\nAcier inoxydable, exempt de cadmium, de nickel et de plomb. Sans risque d'allergie.<\/p>","protected":false},"featured_media":2288,"comment_status":"open","ping_status":"closed","template":"","meta":[],"product_brand":[],"product_cat":[17,19],"product_tag":[28],"class_list":{"0":"post-2143","1":"product","2":"type-product","3":"status-publish","4":"has-post-thumbnail","6":"product_cat-alle-produkte","7":"product_cat-armbander","8":"product_tag-kurfuerst","9":"thunk-woo-product-list","10":"opn-qv-enable","11":"top-store-woo-hover-zoom","12":"top-store-single-product-tab-horizontal","13":"top-store-shadow-","14":"top-store-shadow-hover-","16":"first","17":"instock","18":"sale","19":"taxable","20":"shipping-taxable","21":"purchasable","22":"product-type-simple"},"_links":{"self":[{"href":"https:\/\/trinitixshop.de\/fr\/wp-json\/wp\/v2\/product\/2143","targetHints":{"allow":["GET"]}}],"collection":[{"href":"https:\/\/trinitixshop.de\/fr\/wp-json\/wp\/v2\/product"}],"about":[{"href":"https:\/\/trinitixshop.de\/fr\/wp-json\/wp\/v2\/types\/product"}],"replies":[{"embeddable":true,"href":"https:\/\/trinitixshop.de\/fr\/wp-json\/wp\/v2\/comments?post=2143"}],"wp:featuredmedia":[{"embeddable":true,"href":"https:\/\/trinitixshop.de\/fr\/wp-json\/wp\/v2\/media\/2288"}],"wp:attachment":[{"href":"https:\/\/trinitixshop.de\/fr\/wp-json\/wp\/v2\/media?parent=2143"}],"wp:term":[{"taxonomy":"product_brand","embeddable":true,"href":"https:\/\/trinitixshop.de\/fr\/wp-json\/wp\/v2\/product_brand?post=2143"},{"taxonomy":"product_cat","embeddable":true,"href":"https:\/\/trinitixshop.de\/fr\/wp-json\/wp\/v2\/product_cat?post=2143"},{"taxonomy":"product_tag","embeddable":true,"href":"https:\/\/trinitixshop.de\/fr\/wp-json\/wp\/v2\/product_tag?post=2143"}],"curies":[{"name":"wp","href":"https:\/\/api.w.org\/{rel}","templated":true}]}}