{"id":2147,"date":"2023-05-16T13:38:51","date_gmt":"2023-05-16T11:38:51","guid":{"rendered":"https:\/\/trinitixshop.de\/?post_type=product&#038;p=2147"},"modified":"2023-05-18T13:57:24","modified_gmt":"2023-05-18T11:57:24","slug":"coeur-textile-bracelet-magnetique-avec-swarovski-crystals-xs-xxxl","status":"publish","type":"product","link":"https:\/\/trinitixshop.de\/fr\/produkt\/herz-textil-magnetarmband-mit-swarovski-crystals-xs-xxxl\/","title":{"rendered":"Bracelet magn\u00e9tique textile \u00e0 c\u0153ur avec Swarovski Crystals XS - XXXL"},"content":{"rendered":"<p>FB044700T<\/p>","protected":false},"excerpt":{"rendered":"<p>Ton compagnon de tous les instants : le bracelet magn\u00e9tique coeur-textile styl\u00e9 de la nouvelle g\u00e9n\u00e9ration.<br \/>\nAvec 3 cristaux originaux Swarovski scintillants. Coeur \u00f8 env. 2,6 cm, argent\u00e9, massif, gravable.<br \/>\nBracelet en textile noir. La longueur du bracelet peut \u00eatre l\u00e9g\u00e8rement modifi\u00e9e. De XS \u00e0 XXXL.<br \/>\nRessens la force vitalisante.<br \/>\n\"Made with Love\" \/ En plus, gr\u00e2ce \u00e0 cet accessoire styl\u00e9, tu te distingues de la masse et tu attires le regard des autres.<br \/>\nCe bracelet Power est un bijou intemporel et simple qui convient toujours.<br \/>\nLe design unisexe convient parfaitement \u00e0 elle&amp;lui.<br \/>\nIl est particuli\u00e8rement efficace en combinaison avec d'autres bijoux magn\u00e9tiques.<br \/>\nLa cha\u00eene correspondante est disponible sous #1177.<br \/>\nD\u00e9couvrez des formes claires et un design classique pour toutes les occasions.<br \/>\n\u00c9nergie et \u00e9l\u00e9gance ! Chacun de nos bijoux est dot\u00e9 d'aimants en n\u00e9odyme puissants et de haute qualit\u00e9.<br \/>\nAimant n\u00e9odyme inlay avec environ 1.200 gauss.<br \/>\nAcier inoxydable m\u00e9dical, exempt de cadmium, de nickel et de plomb. Non allergisant<\/p>","protected":false},"featured_media":2298,"comment_status":"open","ping_status":"closed","template":"","meta":[],"product_brand":[],"product_cat":[17,19],"product_tag":[25],"class_list":{"0":"post-2147","1":"product","2":"type-product","3":"status-publish","4":"has-post-thumbnail","6":"product_cat-alle-produkte","7":"product_cat-armbander","8":"product_tag-t-prime","9":"thunk-woo-product-list","10":"opn-qv-enable","11":"top-store-woo-hover-zoom","12":"top-store-single-product-tab-horizontal","13":"top-store-shadow-","14":"top-store-shadow-hover-","16":"first","17":"instock","18":"sale","19":"taxable","20":"shipping-taxable","21":"purchasable","22":"product-type-simple"},"_links":{"self":[{"href":"https:\/\/trinitixshop.de\/fr\/wp-json\/wp\/v2\/product\/2147","targetHints":{"allow":["GET"]}}],"collection":[{"href":"https:\/\/trinitixshop.de\/fr\/wp-json\/wp\/v2\/product"}],"about":[{"href":"https:\/\/trinitixshop.de\/fr\/wp-json\/wp\/v2\/types\/product"}],"replies":[{"embeddable":true,"href":"https:\/\/trinitixshop.de\/fr\/wp-json\/wp\/v2\/comments?post=2147"}],"wp:featuredmedia":[{"embeddable":true,"href":"https:\/\/trinitixshop.de\/fr\/wp-json\/wp\/v2\/media\/2298"}],"wp:attachment":[{"href":"https:\/\/trinitixshop.de\/fr\/wp-json\/wp\/v2\/media?parent=2147"}],"wp:term":[{"taxonomy":"product_brand","embeddable":true,"href":"https:\/\/trinitixshop.de\/fr\/wp-json\/wp\/v2\/product_brand?post=2147"},{"taxonomy":"product_cat","embeddable":true,"href":"https:\/\/trinitixshop.de\/fr\/wp-json\/wp\/v2\/product_cat?post=2147"},{"taxonomy":"product_tag","embeddable":true,"href":"https:\/\/trinitixshop.de\/fr\/wp-json\/wp\/v2\/product_tag?post=2147"}],"curies":[{"name":"wp","href":"https:\/\/api.w.org\/{rel}","templated":true}]}}