{"id":2148,"date":"2023-05-16T13:38:51","date_gmt":"2023-05-16T11:38:51","guid":{"rendered":"https:\/\/trinitixshop.de\/?post_type=product&#038;p=2148"},"modified":"2023-05-18T14:20:55","modified_gmt":"2023-05-18T12:20:55","slug":"patte-chaine-de-cheville-bracelet-argent-avec-swarovski-crystals","status":"publish","type":"product","link":"https:\/\/trinitixshop.de\/fr\/produkt\/pfote-fusskette-armband-silber-mit-swarovski-crystals\/","title":{"rendered":"Cha\u00eene de cheville patte - bracelet argent avec Swarovski Crystals"},"content":{"rendered":"<p>FB225300T<\/p>","protected":false},"excerpt":{"rendered":"<p>Cette cha\u00eene de cheville filigrane et discr\u00e8te peut \u00e9galement \u00eatre port\u00e9e en bracelet.<br \/>\nIl s\u00e9duit par sa finition artisanale au design ludique de pattes.<br \/>\nExactement ce qu'il faut pour tous les amoureux des animaux. Qu'il soit grand ou petit, il attire tous les regards.<br \/>\nLes cristaux Swarovski \u00e9tincelants et le look moderne en acier inoxydable d\u00e9gagent une passion \u00e9tincelante pour une vie animale et belle.<br \/>\nUn accroche-regard \"animal\" pour tous les jours. Avec les boucles d'oreilles assorties ( # 1387P ), le pendentif (# 714) et le bracelet magn\u00e9tique Patte ( # 2153 ou # 7141), l'effet est garanti.<br \/>\nCe magnifique bijou magn\u00e9tique est synonyme de l\u00e9g\u00e8ret\u00e9, d'\u00e9nergie et d'\u00e9l\u00e9gance !<br \/>\nChacun de nos bijoux est \u00e9quip\u00e9 d'aimants n\u00e9odyme puissants et de haute qualit\u00e9. Acier inoxydable, sans nickel et sans allergie. Aimants en n\u00e9odyme incorpor\u00e9s d'environ 1.200 gauss.<br \/>\nLongueur r\u00e9glable individuellement, gr\u00e2ce \u00e0 divers \u0153illets et \u00e0 un fermoir \u00e0 mousqueton.<br \/>\n\u0152illets en 6, 11.5, 16.5, 18, 19.5, 21, 22.5, 24 et 25.5 cm environ.<\/p>","protected":false},"featured_media":2303,"comment_status":"open","ping_status":"closed","template":"","meta":[],"product_brand":[],"product_cat":[17,19],"product_tag":[24],"class_list":{"0":"post-2148","1":"product","2":"type-product","3":"status-publish","4":"has-post-thumbnail","6":"product_cat-alle-produkte","7":"product_cat-armbander","8":"product_tag-jungbrunn","9":"thunk-woo-product-list","10":"opn-qv-enable","11":"top-store-woo-hover-zoom","12":"top-store-single-product-tab-horizontal","13":"top-store-shadow-","14":"top-store-shadow-hover-","16":"first","17":"instock","18":"sale","19":"taxable","20":"shipping-taxable","21":"purchasable","22":"product-type-simple"},"_links":{"self":[{"href":"https:\/\/trinitixshop.de\/fr\/wp-json\/wp\/v2\/product\/2148","targetHints":{"allow":["GET"]}}],"collection":[{"href":"https:\/\/trinitixshop.de\/fr\/wp-json\/wp\/v2\/product"}],"about":[{"href":"https:\/\/trinitixshop.de\/fr\/wp-json\/wp\/v2\/types\/product"}],"replies":[{"embeddable":true,"href":"https:\/\/trinitixshop.de\/fr\/wp-json\/wp\/v2\/comments?post=2148"}],"wp:featuredmedia":[{"embeddable":true,"href":"https:\/\/trinitixshop.de\/fr\/wp-json\/wp\/v2\/media\/2303"}],"wp:attachment":[{"href":"https:\/\/trinitixshop.de\/fr\/wp-json\/wp\/v2\/media?parent=2148"}],"wp:term":[{"taxonomy":"product_brand","embeddable":true,"href":"https:\/\/trinitixshop.de\/fr\/wp-json\/wp\/v2\/product_brand?post=2148"},{"taxonomy":"product_cat","embeddable":true,"href":"https:\/\/trinitixshop.de\/fr\/wp-json\/wp\/v2\/product_cat?post=2148"},{"taxonomy":"product_tag","embeddable":true,"href":"https:\/\/trinitixshop.de\/fr\/wp-json\/wp\/v2\/product_tag?post=2148"}],"curies":[{"name":"wp","href":"https:\/\/api.w.org\/{rel}","templated":true}]}}