{"id":2150,"date":"2023-05-16T13:38:51","date_gmt":"2023-05-16T11:38:51","guid":{"rendered":"https:\/\/trinitixshop.de\/?post_type=product&#038;p=2150"},"modified":"2023-12-06T21:09:21","modified_gmt":"2023-12-06T20:09:21","slug":"magnet-energy-bracelet-en-cuir-blanc-avec-swarovski-crystal","status":"publish","type":"product","link":"https:\/\/trinitixshop.de\/fr\/produkt\/magnet-energy-lederarmband-weiss-mit-swarovski-crystal\/","title":{"rendered":"Magnet Energy bracelet en cuir blanc avec Swarovski Crystal # 22132"},"content":{"rendered":"<p>LB221320T<\/p>","protected":false},"excerpt":{"rendered":"<p>Bracelet en cuir magn\u00e9tique, avec Swarovski Crystal original, gravable, blanc,<br \/>\nBracelet en cuir : largeur env. 7 mm - \u00e9paisseur env. 2 mm, \u00e9l\u00e9ment en acier inoxydable \u00f8 env. 1,6 cm, taille XS - XXL universel jusqu'\u00e0 env. 22,5 cm.<br \/>\nGr\u00e2ce au contraste avec le cuir noble et l'\u00e9l\u00e9ment magn\u00e9tique exclusif de Swarovski, ce bracelet au style tendance associe des bijoux magn\u00e9tiques d'une toute autre mani\u00e8re. Le bracelet en cuir est le compagnon id\u00e9al des personnes \u00e9prises de libert\u00e9. Des mat\u00e9riaux nobles associ\u00e9s \u00e0 un design innovant rendent le bracelet en cuir particuli\u00e8rement efficace. Avec ce bracelet, vous d\u00e9bordez de force et de joie de vivre.<br \/>\n\u00c9nergie et \u00e9l\u00e9gance !<br \/>\nChacun de nos bijoux est dot\u00e9 d'aimants n\u00e9odyme puissants et de haute qualit\u00e9. Aimant n\u00e9odyme incrust\u00e9 avec environ 2.000 gauss.<br \/>\nAcier inoxydable m\u00e9dical, exempt de cadmium, de nickel et de plomb. Non allergisant<\/p>","protected":false},"featured_media":2292,"comment_status":"open","ping_status":"closed","template":"","meta":[],"product_brand":[],"product_cat":[17,19],"product_tag":[24],"class_list":{"0":"post-2150","1":"product","2":"type-product","3":"status-publish","4":"has-post-thumbnail","6":"product_cat-alle-produkte","7":"product_cat-armbander","8":"product_tag-jungbrunn","9":"thunk-woo-product-list","10":"opn-qv-enable","11":"top-store-woo-hover-zoom","12":"top-store-single-product-tab-horizontal","13":"top-store-shadow-","14":"top-store-shadow-hover-","16":"first","17":"instock","18":"taxable","19":"shipping-taxable","20":"purchasable","21":"product-type-simple"},"_links":{"self":[{"href":"https:\/\/trinitixshop.de\/fr\/wp-json\/wp\/v2\/product\/2150","targetHints":{"allow":["GET"]}}],"collection":[{"href":"https:\/\/trinitixshop.de\/fr\/wp-json\/wp\/v2\/product"}],"about":[{"href":"https:\/\/trinitixshop.de\/fr\/wp-json\/wp\/v2\/types\/product"}],"replies":[{"embeddable":true,"href":"https:\/\/trinitixshop.de\/fr\/wp-json\/wp\/v2\/comments?post=2150"}],"wp:featuredmedia":[{"embeddable":true,"href":"https:\/\/trinitixshop.de\/fr\/wp-json\/wp\/v2\/media\/2292"}],"wp:attachment":[{"href":"https:\/\/trinitixshop.de\/fr\/wp-json\/wp\/v2\/media?parent=2150"}],"wp:term":[{"taxonomy":"product_brand","embeddable":true,"href":"https:\/\/trinitixshop.de\/fr\/wp-json\/wp\/v2\/product_brand?post=2150"},{"taxonomy":"product_cat","embeddable":true,"href":"https:\/\/trinitixshop.de\/fr\/wp-json\/wp\/v2\/product_cat?post=2150"},{"taxonomy":"product_tag","embeddable":true,"href":"https:\/\/trinitixshop.de\/fr\/wp-json\/wp\/v2\/product_tag?post=2150"}],"curies":[{"name":"wp","href":"https:\/\/api.w.org\/{rel}","templated":true}]}}