{"id":2151,"date":"2023-05-16T13:38:51","date_gmt":"2023-05-16T11:38:51","guid":{"rendered":"https:\/\/trinitixshop.de\/?post_type=product&#038;p=2151"},"modified":"2025-08-03T14:42:44","modified_gmt":"2025-08-03T12:42:44","slug":"bracelet-flex-avec-facette-swarovski-crystals","status":"publish","type":"product","link":"https:\/\/trinitixshop.de\/fr\/produkt\/flex-armband-mit-swarovski-crystals-facette\/","title":{"rendered":"Serpenti Flex Armband mit Swarovski Crystals SAMWAY FACETTE # 1850"},"content":{"rendered":"<p>MA_1850_2<\/p>","protected":false},"excerpt":{"rendered":"<p>Bracelet magn\u00e9tique Flex avec 33 cristaux Swarovski (sans cuivre).<br \/>\nM \/ L (18 - 20 cm) XL \/ XXL (21,5 - 23 cm)<br \/>\nSAMWAY FACETTE signifie en fran\u00e7ais \"petite surface en losange\".<br \/>\nAcier inoxydable, sans nickel allergique, poli, avec 2 aimants n\u00e9odyme Gauss : 1200,<br \/>\nLargeur : env. 7.9 mm. Flexible et en plus avec fermeture.<br \/>\nLes bracelets flexibles sont synonymes de mobilit\u00e9 et de joie de vivre.<br \/>\nDepuis des ann\u00e9es, nos bijoux flexibles comptent parmi les pi\u00e8ces les plus appr\u00e9ci\u00e9es de la collection.<br \/>\nEssayez vous-m\u00eame \u00e0 quel point ces bijoux sont beaux, robustes et adaptables.<br \/>\nIl y a des mill\u00e9naires, les anciens Chinois savaient d\u00e9j\u00e0 \u00e0 quel point un \u00e9quilibre corporel et un flux \u00e9nerg\u00e9tique harmonieux \u00e9taient importants pour notre bien-\u00eatre.<\/p>","protected":false},"featured_media":2300,"comment_status":"open","ping_status":"closed","template":"","meta":[],"product_brand":[],"product_cat":[17,19],"product_tag":[25],"class_list":{"0":"post-2151","1":"product","2":"type-product","3":"status-publish","4":"has-post-thumbnail","6":"product_cat-alle-produkte","7":"product_cat-armbander","8":"product_tag-t-prime","9":"thunk-woo-product-list","10":"opn-qv-enable","11":"top-store-woo-hover-zoom","12":"top-store-single-product-tab-horizontal","13":"top-store-shadow-","14":"top-store-shadow-hover-","16":"first","17":"instock","18":"sale","19":"taxable","20":"shipping-taxable","21":"purchasable","22":"product-type-variable"},"_links":{"self":[{"href":"https:\/\/trinitixshop.de\/fr\/wp-json\/wp\/v2\/product\/2151","targetHints":{"allow":["GET"]}}],"collection":[{"href":"https:\/\/trinitixshop.de\/fr\/wp-json\/wp\/v2\/product"}],"about":[{"href":"https:\/\/trinitixshop.de\/fr\/wp-json\/wp\/v2\/types\/product"}],"replies":[{"embeddable":true,"href":"https:\/\/trinitixshop.de\/fr\/wp-json\/wp\/v2\/comments?post=2151"}],"wp:featuredmedia":[{"embeddable":true,"href":"https:\/\/trinitixshop.de\/fr\/wp-json\/wp\/v2\/media\/2300"}],"wp:attachment":[{"href":"https:\/\/trinitixshop.de\/fr\/wp-json\/wp\/v2\/media?parent=2151"}],"wp:term":[{"taxonomy":"product_brand","embeddable":true,"href":"https:\/\/trinitixshop.de\/fr\/wp-json\/wp\/v2\/product_brand?post=2151"},{"taxonomy":"product_cat","embeddable":true,"href":"https:\/\/trinitixshop.de\/fr\/wp-json\/wp\/v2\/product_cat?post=2151"},{"taxonomy":"product_tag","embeddable":true,"href":"https:\/\/trinitixshop.de\/fr\/wp-json\/wp\/v2\/product_tag?post=2151"}],"curies":[{"name":"wp","href":"https:\/\/api.w.org\/{rel}","templated":true}]}}