{"id":2157,"date":"2023-05-16T13:39:08","date_gmt":"2023-05-16T11:39:08","guid":{"rendered":"https:\/\/trinitixshop.de\/?post_type=product&#038;p=2157"},"modified":"2023-05-17T15:49:48","modified_gmt":"2023-05-17T13:49:48","slug":"bracelet-en-silicone-ionique-602-jupiter-avec-8-swarovski-crystals-s-xl","status":"publish","type":"product","link":"https:\/\/trinitixshop.de\/fr\/produkt\/ionen-silikon-armband-602-jupiter-mit-8-swarovski-crystals-s-xl\/","title":{"rendered":"Ionen Silikon Bracelet # 602 Jupiter avec 8 Swarovski Crystals S - XL"},"content":{"rendered":"<p>NB062002T<\/p>","protected":false},"excerpt":{"rendered":"<p>Bracelet en silicone magn\u00e9tique Premium Energy Power. Pi\u00e8ce centrale en acier inoxydable avec incrustations de cristal Swarovski de haute qualit\u00e9 dans la constellation de Jupiter.<br \/>\nLargeur d'environ 10 mm.<br \/>\nBracelet en silicone ionis\u00e9 souple pour poignet Taille universelle : 15,5 - 21,5 cm (S - XL).<br \/>\nLes bracelets \u00e9nerg\u00e9tiques magn\u00e9tiques en silicone sont devenus incontournables dans le monde du sport.<br \/>\nCette tendance venue des \u00c9tats-Unis est appr\u00e9ci\u00e9e par de nombreux sportifs de haut niveau. Ces bracelets \u00e9nerg\u00e9tiques Power attirent l'attention de mani\u00e8re exclusive.<br \/>\nPerformance, design et qualit\u00e9 au plus haut niveau.<br \/>\n\u00c9nergie et \u00e9l\u00e9gance ! Chacun de nos bijoux est dot\u00e9 d'aimants en n\u00e9odyme puissants et de haute qualit\u00e9.<br \/>\nInlay magn\u00e9tique en n\u00e9odyme avec env. 2.200 gauss.<br \/>\nAcier inoxydable m\u00e9dical, exempt de cadmium, de nickel et de plomb. Sans allergie.<br \/>\nSilicone ionis\u00e9 sans plastifiants canc\u00e9rig\u00e8nes.<\/p>","protected":false},"featured_media":2271,"comment_status":"open","ping_status":"closed","template":"","meta":[],"product_brand":[],"product_cat":[17,19],"product_tag":[27],"class_list":{"0":"post-2157","1":"product","2":"type-product","3":"status-publish","4":"has-post-thumbnail","6":"product_cat-alle-produkte","7":"product_cat-armbander","8":"product_tag-tribalance","9":"thunk-woo-product-list","10":"opn-qv-enable","11":"top-store-woo-hover-zoom","12":"top-store-single-product-tab-horizontal","13":"top-store-shadow-","14":"top-store-shadow-hover-","16":"first","17":"instock","18":"sale","19":"taxable","20":"shipping-taxable","21":"purchasable","22":"product-type-simple"},"_links":{"self":[{"href":"https:\/\/trinitixshop.de\/fr\/wp-json\/wp\/v2\/product\/2157","targetHints":{"allow":["GET"]}}],"collection":[{"href":"https:\/\/trinitixshop.de\/fr\/wp-json\/wp\/v2\/product"}],"about":[{"href":"https:\/\/trinitixshop.de\/fr\/wp-json\/wp\/v2\/types\/product"}],"replies":[{"embeddable":true,"href":"https:\/\/trinitixshop.de\/fr\/wp-json\/wp\/v2\/comments?post=2157"}],"wp:featuredmedia":[{"embeddable":true,"href":"https:\/\/trinitixshop.de\/fr\/wp-json\/wp\/v2\/media\/2271"}],"wp:attachment":[{"href":"https:\/\/trinitixshop.de\/fr\/wp-json\/wp\/v2\/media?parent=2157"}],"wp:term":[{"taxonomy":"product_brand","embeddable":true,"href":"https:\/\/trinitixshop.de\/fr\/wp-json\/wp\/v2\/product_brand?post=2157"},{"taxonomy":"product_cat","embeddable":true,"href":"https:\/\/trinitixshop.de\/fr\/wp-json\/wp\/v2\/product_cat?post=2157"},{"taxonomy":"product_tag","embeddable":true,"href":"https:\/\/trinitixshop.de\/fr\/wp-json\/wp\/v2\/product_tag?post=2157"}],"curies":[{"name":"wp","href":"https:\/\/api.w.org\/{rel}","templated":true}]}}