{"id":2159,"date":"2023-05-16T13:39:08","date_gmt":"2023-05-16T11:39:08","guid":{"rendered":"https:\/\/trinitixshop.de\/?post_type=product&#038;p=2159"},"modified":"2023-05-17T15:40:54","modified_gmt":"2023-05-17T13:40:54","slug":"pro-ion-bracelet-magnetique-en-silicone-gris-stripes-avec-swarovski-crystal","status":"publish","type":"product","link":"https:\/\/trinitixshop.de\/fr\/produkt\/pro-ion-magnet-silikonarmband-grau-stripes-mit-swarovski-crystal\/","title":{"rendered":"Pro Ion bracelet en silicone magn\u00e9tique gris Stripes avec Swarovski Crystal"},"content":{"rendered":"<p>NB303100T<\/p>","protected":false},"excerpt":{"rendered":"<p>Ions magn\u00e9tiques positifs (+2.000) Power Bracelet en silicone \" 3 Stripes<br \/>\nBrillant et poli mat.<br \/>\nPlaque de bijouterie en acier inoxydable avec \u00e9l\u00e9ment original best shining Swarovski Crystal,<br \/>\ngris fonc\u00e9 puissant, y compris 3 aimants n\u00e9odyme puissants d'environ 2.200 gauss ( Bio Nord)<br \/>\nlargeur 13 mm<br \/>\nBracelet en silicone ionis\u00e9 Power Band souple pour un tour de poignet de 15 \u00e0 23 cm.<br \/>\nLe silicone ne contient pas de plastifiants hautement canc\u00e9rig\u00e8nes.<br \/>\nLes bracelets \u00e9nerg\u00e9tiques magn\u00e9tiques en silicone sont devenus incontournables dans le monde du sport.<br \/>\nCette tendance venue des \u00c9tats-Unis est appr\u00e9ci\u00e9e par de nombreux sportifs de haut niveau.<br \/>\nCes bracelets \u00e9nerg\u00e9tiques Power attirent l'attention de mani\u00e8re exclusive.<br \/>\nPerformance, design et qualit\u00e9 au plus haut niveau.<br \/>\nLes Original Svarowski best shining Elements enchantent par leur scintillement unique.<\/p>","protected":false},"featured_media":2269,"comment_status":"open","ping_status":"closed","template":"","meta":[],"product_brand":[],"product_cat":[17,19],"product_tag":[27],"class_list":{"0":"post-2159","1":"product","2":"type-product","3":"status-publish","4":"has-post-thumbnail","6":"product_cat-alle-produkte","7":"product_cat-armbander","8":"product_tag-tribalance","9":"thunk-woo-product-list","10":"opn-qv-enable","11":"top-store-woo-hover-zoom","12":"top-store-single-product-tab-horizontal","13":"top-store-shadow-","14":"top-store-shadow-hover-","16":"first","17":"instock","18":"taxable","19":"shipping-taxable","20":"purchasable","21":"product-type-simple"},"_links":{"self":[{"href":"https:\/\/trinitixshop.de\/fr\/wp-json\/wp\/v2\/product\/2159","targetHints":{"allow":["GET"]}}],"collection":[{"href":"https:\/\/trinitixshop.de\/fr\/wp-json\/wp\/v2\/product"}],"about":[{"href":"https:\/\/trinitixshop.de\/fr\/wp-json\/wp\/v2\/types\/product"}],"replies":[{"embeddable":true,"href":"https:\/\/trinitixshop.de\/fr\/wp-json\/wp\/v2\/comments?post=2159"}],"wp:featuredmedia":[{"embeddable":true,"href":"https:\/\/trinitixshop.de\/fr\/wp-json\/wp\/v2\/media\/2269"}],"wp:attachment":[{"href":"https:\/\/trinitixshop.de\/fr\/wp-json\/wp\/v2\/media?parent=2159"}],"wp:term":[{"taxonomy":"product_brand","embeddable":true,"href":"https:\/\/trinitixshop.de\/fr\/wp-json\/wp\/v2\/product_brand?post=2159"},{"taxonomy":"product_cat","embeddable":true,"href":"https:\/\/trinitixshop.de\/fr\/wp-json\/wp\/v2\/product_cat?post=2159"},{"taxonomy":"product_tag","embeddable":true,"href":"https:\/\/trinitixshop.de\/fr\/wp-json\/wp\/v2\/product_tag?post=2159"}],"curies":[{"name":"wp","href":"https:\/\/api.w.org\/{rel}","templated":true}]}}