{"id":2167,"date":"2023-05-16T13:39:09","date_gmt":"2023-05-16T11:39:09","guid":{"rendered":"https:\/\/trinitixshop.de\/?post_type=product&#038;p=2167"},"modified":"2023-05-16T15:50:42","modified_gmt":"2023-05-16T13:50:42","slug":"bracelet-flex-retro-evita-avec-swarovski-crystals-12-en-s","status":"publish","type":"product","link":"https:\/\/trinitixshop.de\/fr\/produkt\/flex-retro-armband-evita-mit-swarovski-crystals-12-in-s\/","title":{"rendered":"Flex R\u00e9tro Bracelet EVITA avec Swarovski Crystals # 12 en S"},"content":{"rendered":"<p>SB001201T<\/p>","protected":false},"excerpt":{"rendered":"<p>Bracelet magn\u00e9tique \u00e9nerg\u00e9tique flexible uni - argent\u00e9 avec de nombreux cristaux Swarovski \u00e9tincelants.<br \/>\nLargeur 11 mm Acier inoxydable, sans nickel ni allerg\u00e8ne<br \/>\nIncrustations d'aimants au n\u00e9odyme d'environ 2.200 gauss<br \/>\nTaille : S (14-15 cm)<br \/>\nNos bracelets \u00e9nerg\u00e9tiques comptent parmi les pi\u00e8ces les plus populaires de la collection, ann\u00e9e apr\u00e8s ann\u00e9e.<br \/>\nEssayez vous-m\u00eame \u00e0 quel point ces bijoux sont beaux, robustes et adaptables.<br \/>\nVous ne voudrez bient\u00f4t plus vous en s\u00e9parer.<br \/>\nRessentez la puissance des aimants.<\/p>","protected":false},"featured_media":2256,"comment_status":"open","ping_status":"closed","template":"","meta":[],"product_brand":[],"product_cat":[17,19],"product_tag":[25],"class_list":{"0":"post-2167","1":"product","2":"type-product","3":"status-publish","4":"has-post-thumbnail","6":"product_cat-alle-produkte","7":"product_cat-armbander","8":"product_tag-t-prime","9":"thunk-woo-product-list","10":"opn-qv-enable","11":"top-store-woo-hover-zoom","12":"top-store-single-product-tab-horizontal","13":"top-store-shadow-","14":"top-store-shadow-hover-","16":"first","17":"instock","18":"sale","19":"taxable","20":"shipping-taxable","21":"purchasable","22":"product-type-simple"},"_links":{"self":[{"href":"https:\/\/trinitixshop.de\/fr\/wp-json\/wp\/v2\/product\/2167","targetHints":{"allow":["GET"]}}],"collection":[{"href":"https:\/\/trinitixshop.de\/fr\/wp-json\/wp\/v2\/product"}],"about":[{"href":"https:\/\/trinitixshop.de\/fr\/wp-json\/wp\/v2\/types\/product"}],"replies":[{"embeddable":true,"href":"https:\/\/trinitixshop.de\/fr\/wp-json\/wp\/v2\/comments?post=2167"}],"wp:featuredmedia":[{"embeddable":true,"href":"https:\/\/trinitixshop.de\/fr\/wp-json\/wp\/v2\/media\/2256"}],"wp:attachment":[{"href":"https:\/\/trinitixshop.de\/fr\/wp-json\/wp\/v2\/media?parent=2167"}],"wp:term":[{"taxonomy":"product_brand","embeddable":true,"href":"https:\/\/trinitixshop.de\/fr\/wp-json\/wp\/v2\/product_brand?post=2167"},{"taxonomy":"product_cat","embeddable":true,"href":"https:\/\/trinitixshop.de\/fr\/wp-json\/wp\/v2\/product_cat?post=2167"},{"taxonomy":"product_tag","embeddable":true,"href":"https:\/\/trinitixshop.de\/fr\/wp-json\/wp\/v2\/product_tag?post=2167"}],"curies":[{"name":"wp","href":"https:\/\/api.w.org\/{rel}","templated":true}]}}