{"id":2169,"date":"2023-05-16T13:39:09","date_gmt":"2023-05-16T11:39:09","guid":{"rendered":"https:\/\/trinitixshop.de\/?post_type=product&#038;p=2169"},"modified":"2023-05-16T15:53:30","modified_gmt":"2023-05-16T13:53:30","slug":"acier-inoxydable-cuivre-flex-bracelet-argent-175-a-225-cm","status":"publish","type":"product","link":"https:\/\/trinitixshop.de\/fr\/produkt\/edelstahl-kupfer-flex-armband-silber-175-bis-225-cm\/","title":{"rendered":"Acier inoxydable Cuivre Flex Bracelet argent\u00e9 17,5 \u00e0 22,5 cm"},"content":{"rendered":"<p>SB018301T<\/p>","protected":false},"excerpt":{"rendered":"<p>Bracelet magn\u00e9tique Flex avec cuivre, uni \/ argent.<br \/>\nEffets pr\u00e9sum\u00e9s du cuivre (CU) : favorise la formation d'anticorps dans le syst\u00e8me de d\u00e9fense, la croissance, le d\u00e9veloppement, le renforcement des os.<br \/>\nAcier inoxydable, sans nickel et hypoallerg\u00e9nique Aimant n\u00e9odyme Inlays d'environ 1.200 gauss,<br \/>\nLargeur : env. 7 mm, partie centrale polie, gravable.<br \/>\nLa longueur du bracelet peut \u00eatre l\u00e9g\u00e8rement modifi\u00e9e gr\u00e2ce \u00e0 divers fermoirs \/ pi\u00e8ces interm\u00e9diaires. Taille : M \/ L \/ XL \/ XXL (17.5 - 22,5 cm).<br \/>\nLes bracelets flexibles sont synonymes de mobilit\u00e9 et de joie de vivre.<br \/>\nDepuis des ann\u00e9es, nos bijoux flexibles comptent parmi les pi\u00e8ces les plus appr\u00e9ci\u00e9es de la collection.<br \/>\nEssayez vous-m\u00eame \u00e0 quel point ces bijoux sont beaux, robustes et adaptables.<\/p>","protected":false},"featured_media":2257,"comment_status":"open","ping_status":"closed","template":"","meta":[],"product_brand":[],"product_cat":[17,19],"product_tag":[25],"class_list":{"0":"post-2169","1":"product","2":"type-product","3":"status-publish","4":"has-post-thumbnail","6":"product_cat-alle-produkte","7":"product_cat-armbander","8":"product_tag-t-prime","9":"thunk-woo-product-list","10":"opn-qv-enable","11":"top-store-woo-hover-zoom","12":"top-store-single-product-tab-horizontal","13":"top-store-shadow-","14":"top-store-shadow-hover-","16":"first","17":"instock","18":"taxable","19":"shipping-taxable","20":"purchasable","21":"product-type-simple"},"_links":{"self":[{"href":"https:\/\/trinitixshop.de\/fr\/wp-json\/wp\/v2\/product\/2169","targetHints":{"allow":["GET"]}}],"collection":[{"href":"https:\/\/trinitixshop.de\/fr\/wp-json\/wp\/v2\/product"}],"about":[{"href":"https:\/\/trinitixshop.de\/fr\/wp-json\/wp\/v2\/types\/product"}],"replies":[{"embeddable":true,"href":"https:\/\/trinitixshop.de\/fr\/wp-json\/wp\/v2\/comments?post=2169"}],"wp:featuredmedia":[{"embeddable":true,"href":"https:\/\/trinitixshop.de\/fr\/wp-json\/wp\/v2\/media\/2257"}],"wp:attachment":[{"href":"https:\/\/trinitixshop.de\/fr\/wp-json\/wp\/v2\/media?parent=2169"}],"wp:term":[{"taxonomy":"product_brand","embeddable":true,"href":"https:\/\/trinitixshop.de\/fr\/wp-json\/wp\/v2\/product_brand?post=2169"},{"taxonomy":"product_cat","embeddable":true,"href":"https:\/\/trinitixshop.de\/fr\/wp-json\/wp\/v2\/product_cat?post=2169"},{"taxonomy":"product_tag","embeddable":true,"href":"https:\/\/trinitixshop.de\/fr\/wp-json\/wp\/v2\/product_tag?post=2169"}],"curies":[{"name":"wp","href":"https:\/\/api.w.org\/{rel}","templated":true}]}}