{"id":2214,"date":"2023-05-16T13:39:19","date_gmt":"2023-05-16T11:39:19","guid":{"rendered":"https:\/\/trinitixshop.de\/?post_type=product&#038;p=2214"},"modified":"2023-05-16T14:25:11","modified_gmt":"2023-05-16T12:25:11","slug":"bracelet-magnetique-en-acier-inoxydable-oceanic-welle-argent-201-etroit-xs-s-m-l-xl-xxl-xxxl","status":"publish","type":"product","link":"https:\/\/trinitixshop.de\/fr\/produkt\/edelstahl-magnetarmband-oceanic-welle-silber-201-schmal-xs-s-m-l-xl-xxl-xxxl\/","title":{"rendered":"Bracelet magn\u00e9tique en acier inoxydable Oceanic Welle argent 201 \u00e9troit XS\/S\/M\/L\/XL\/XXL\/XXXL"},"content":{"rendered":"<p>SB030100T<\/p>","protected":false},"excerpt":{"rendered":"<p>Bracelet magn\u00e9tique \u00e9nerg\u00e9tique en acier inoxydable \"Oceanic - Welle\", # 201 \u00e9troit argent, largeur 7 mm, div. aimants n\u00e9odyme avec env. 3.000 Gauss<br \/>\nAcier inoxydable, massif, sans nickel ni allerg\u00e8ne.<br \/>\nLa beaut\u00e9 et une nouvelle l\u00e9g\u00e8ret\u00e9. Ann\u00e9e apr\u00e8s ann\u00e9e, nos bracelets \u00e9nerg\u00e9tiques comptent parmi les pi\u00e8ces les plus appr\u00e9ci\u00e9es de la collection.<br \/>\nEssayez vous-m\u00eame \u00e0 quel point ces bijoux sont beaux, robustes et adaptables.<br \/>\nVous ne voudrez bient\u00f4t plus vous en s\u00e9parer.<br \/>\nRessentez la puissance des aimants.<br \/>\nTaille XS (13-14 cm), S (14-15 cm), M (15-16 cm) , L (16-18 cm), XL (18-20 cm), XXL (20-22 cm) ou XXXL (22-24 cm)<br \/>\nVeuillez nous indiquer la taille de livraison souhait\u00e9e !<\/p>","protected":false},"featured_media":2241,"comment_status":"open","ping_status":"closed","template":"","meta":[],"product_brand":[],"product_cat":[17,19],"product_tag":[25],"class_list":{"0":"post-2214","1":"product","2":"type-product","3":"status-publish","4":"has-post-thumbnail","6":"product_cat-alle-produkte","7":"product_cat-armbander","8":"product_tag-t-prime","9":"thunk-woo-product-list","10":"opn-qv-enable","11":"top-store-woo-hover-zoom","12":"top-store-single-product-tab-horizontal","13":"top-store-shadow-","14":"top-store-shadow-hover-","16":"first","17":"instock","18":"taxable","19":"shipping-taxable","20":"purchasable","21":"product-type-variable"},"_links":{"self":[{"href":"https:\/\/trinitixshop.de\/fr\/wp-json\/wp\/v2\/product\/2214","targetHints":{"allow":["GET"]}}],"collection":[{"href":"https:\/\/trinitixshop.de\/fr\/wp-json\/wp\/v2\/product"}],"about":[{"href":"https:\/\/trinitixshop.de\/fr\/wp-json\/wp\/v2\/types\/product"}],"replies":[{"embeddable":true,"href":"https:\/\/trinitixshop.de\/fr\/wp-json\/wp\/v2\/comments?post=2214"}],"wp:featuredmedia":[{"embeddable":true,"href":"https:\/\/trinitixshop.de\/fr\/wp-json\/wp\/v2\/media\/2241"}],"wp:attachment":[{"href":"https:\/\/trinitixshop.de\/fr\/wp-json\/wp\/v2\/media?parent=2214"}],"wp:term":[{"taxonomy":"product_brand","embeddable":true,"href":"https:\/\/trinitixshop.de\/fr\/wp-json\/wp\/v2\/product_brand?post=2214"},{"taxonomy":"product_cat","embeddable":true,"href":"https:\/\/trinitixshop.de\/fr\/wp-json\/wp\/v2\/product_cat?post=2214"},{"taxonomy":"product_tag","embeddable":true,"href":"https:\/\/trinitixshop.de\/fr\/wp-json\/wp\/v2\/product_tag?post=2214"}],"curies":[{"name":"wp","href":"https:\/\/api.w.org\/{rel}","templated":true}]}}