{"id":2216,"date":"2023-05-16T13:39:19","date_gmt":"2023-05-16T11:39:19","guid":{"rendered":"https:\/\/trinitixshop.de\/?post_type=product&#038;p=2216"},"modified":"2023-05-16T14:49:43","modified_gmt":"2023-05-16T12:49:43","slug":"bracelet-magnetique-flex-energie-acier-inoxydable-argent-439-en-s-m-ou-l-xl","status":"publish","type":"product","link":"https:\/\/trinitixshop.de\/fr\/produkt\/flex-energie-magnetarmband-edelstahl-silber-439-in-s-m-oder-l-xl\/","title":{"rendered":"Flex Energie Bracelet magn\u00e9tique en acier inoxydable argent\u00e9 # 439 en S\/M ou L\/XL"},"content":{"rendered":"","protected":false},"excerpt":{"rendered":"<p>Bracelet magn\u00e9tique \u00e9nergie flexible, uni \/ argent. \u00c9l\u00e9ments mats et polis.<br \/>\nLargeur d'environ 8 mm, \u00e9paisseur d'environ 4 mm.<br \/>\nIncrustations d'aimants n\u00e9odyme d'environ 2.200 gauss.<br \/>\nAcier inoxydable, exempt de cadmium, de nickel et de plomb. Sans allergie.<br \/>\nLa beaut\u00e9 et une nouvelle l\u00e9g\u00e8ret\u00e9. Ann\u00e9e apr\u00e8s ann\u00e9e, nos bracelets \u00e9nerg\u00e9tiques comptent parmi les pi\u00e8ces les plus appr\u00e9ci\u00e9es de la collection.<br \/>\nEssayez vous-m\u00eame \u00e0 quel point ces bijoux sont beaux, robustes et adaptables.<br \/>\nVous ne voudrez bient\u00f4t plus vous en s\u00e9parer.<br \/>\nRessentez la puissance des aimants.<br \/>\nRessentez la puissance des aimants.<\/p>\n<p>Taille S\/M = 16,5 cm + 2 \u00e9l\u00e9ments de fermeture suppl\u00e9mentaires pour la rallonge. Environ 1,5 cm chacun<br \/>\nTaille L\/XL = 19 cm + 2 \u00e9l\u00e9ments de fermeture suppl\u00e9mentaires pour la rallonge. Environ 1,5 cm chacun<\/p>","protected":false},"featured_media":2243,"comment_status":"open","ping_status":"closed","template":"","meta":[],"product_brand":[],"product_cat":[17,19],"product_tag":[25],"class_list":{"0":"post-2216","1":"product","2":"type-product","3":"status-publish","4":"has-post-thumbnail","6":"product_cat-alle-produkte","7":"product_cat-armbander","8":"product_tag-t-prime","9":"thunk-woo-product-list","10":"opn-qv-enable","11":"top-store-woo-hover-zoom","12":"top-store-single-product-tab-horizontal","13":"top-store-shadow-","14":"top-store-shadow-hover-","16":"first","17":"instock","18":"taxable","19":"shipping-taxable","20":"purchasable","21":"product-type-variable"},"_links":{"self":[{"href":"https:\/\/trinitixshop.de\/fr\/wp-json\/wp\/v2\/product\/2216","targetHints":{"allow":["GET"]}}],"collection":[{"href":"https:\/\/trinitixshop.de\/fr\/wp-json\/wp\/v2\/product"}],"about":[{"href":"https:\/\/trinitixshop.de\/fr\/wp-json\/wp\/v2\/types\/product"}],"replies":[{"embeddable":true,"href":"https:\/\/trinitixshop.de\/fr\/wp-json\/wp\/v2\/comments?post=2216"}],"wp:featuredmedia":[{"embeddable":true,"href":"https:\/\/trinitixshop.de\/fr\/wp-json\/wp\/v2\/media\/2243"}],"wp:attachment":[{"href":"https:\/\/trinitixshop.de\/fr\/wp-json\/wp\/v2\/media?parent=2216"}],"wp:term":[{"taxonomy":"product_brand","embeddable":true,"href":"https:\/\/trinitixshop.de\/fr\/wp-json\/wp\/v2\/product_brand?post=2216"},{"taxonomy":"product_cat","embeddable":true,"href":"https:\/\/trinitixshop.de\/fr\/wp-json\/wp\/v2\/product_cat?post=2216"},{"taxonomy":"product_tag","embeddable":true,"href":"https:\/\/trinitixshop.de\/fr\/wp-json\/wp\/v2\/product_tag?post=2216"}],"curies":[{"name":"wp","href":"https:\/\/api.w.org\/{rel}","templated":true}]}}