{"id":2217,"date":"2023-05-16T13:39:19","date_gmt":"2023-05-16T11:39:19","guid":{"rendered":"https:\/\/trinitixshop.de\/?post_type=product&#038;p=2217"},"modified":"2023-05-16T14:21:49","modified_gmt":"2023-05-16T12:21:49","slug":"pfote-design-fashion-bracelet-magnetique-avec-swarovski-crystals-argent-2153","status":"publish","type":"product","link":"https:\/\/trinitixshop.de\/fr\/produkt\/pfote-design-fashion-magnetarmband-mit-swarovski-crystals-silber-2153\/","title":{"rendered":"Patte Design Fashion bracelet magn\u00e9tique avec Swarovski Crystals argent # 2153"},"content":{"rendered":"<p>SB215300T<\/p>","protected":false},"excerpt":{"rendered":"<ul class=\"a-unordered-list a-vertical a-spacing-mini\">\n<li><span class=\"a-list-item\">Bracelet magn\u00e9tique en acier inoxydable avec des cristaux Swarovski originaux scintillants. Incrustations magn\u00e9tiques en n\u00e9odyme avec env. 2200 gauss. Largeur env. 10,5 mm. Acier inoxydable, exempt de cadmium, de nickel et de plomb. Argent poli\u00a0<\/span><\/li>\n<li><span class=\"a-list-item\">Tailles : S\/M = 16,5 cm + 2 \u00e9l\u00e9ments de fermeture suppl\u00e9mentaires pour rallonger. Environ 1,5 cm chacun <\/span><\/li>\n<li><span class=\"a-list-item\">ou <\/span><\/li>\n<li><span class=\"a-list-item\">L\/XL = 19 cm + 2 \u00e9l\u00e9ments de fermeture suppl\u00e9mentaires pour la rallonge. Environ 1,5 cm chacun<\/span><\/li>\n<li><span class=\"a-list-item\">Montrez votre amour des animaux m\u00eame en d\u00e9placement. Le bracelet est fabriqu\u00e9 avec amour. Un design unique, des incrustations magn\u00e9tiques puissantes et une peau en acier inoxydable sympathique. Gr\u00e2ce aux \u00e9l\u00e9ments en cristal Swarovski qui scintillent discr\u00e8tement, le bracelet attire tous les regards et est tr\u00e8s sp\u00e9cial pour chaque jour. Un bijou que vous ne voudrez plus jamais quitter. Vous pouvez le compl\u00e9ter avec les boucles d'oreilles assorties # 1387P et le pendentif magn\u00e9tique Patte # 714.<\/span><\/li>\n<\/ul>","protected":false},"featured_media":2237,"comment_status":"open","ping_status":"closed","template":"","meta":[],"product_brand":[],"product_cat":[17,19],"product_tag":[25],"class_list":{"0":"post-2217","1":"product","2":"type-product","3":"status-publish","4":"has-post-thumbnail","6":"product_cat-alle-produkte","7":"product_cat-armbander","8":"product_tag-t-prime","9":"thunk-woo-product-list","10":"opn-qv-enable","11":"top-store-woo-hover-zoom","12":"top-store-single-product-tab-horizontal","13":"top-store-shadow-","14":"top-store-shadow-hover-","16":"first","17":"instock","18":"sale","19":"taxable","20":"shipping-taxable","21":"purchasable","22":"product-type-variable","23":"has-default-attributes"},"_links":{"self":[{"href":"https:\/\/trinitixshop.de\/fr\/wp-json\/wp\/v2\/product\/2217","targetHints":{"allow":["GET"]}}],"collection":[{"href":"https:\/\/trinitixshop.de\/fr\/wp-json\/wp\/v2\/product"}],"about":[{"href":"https:\/\/trinitixshop.de\/fr\/wp-json\/wp\/v2\/types\/product"}],"replies":[{"embeddable":true,"href":"https:\/\/trinitixshop.de\/fr\/wp-json\/wp\/v2\/comments?post=2217"}],"wp:featuredmedia":[{"embeddable":true,"href":"https:\/\/trinitixshop.de\/fr\/wp-json\/wp\/v2\/media\/2237"}],"wp:attachment":[{"href":"https:\/\/trinitixshop.de\/fr\/wp-json\/wp\/v2\/media?parent=2217"}],"wp:term":[{"taxonomy":"product_brand","embeddable":true,"href":"https:\/\/trinitixshop.de\/fr\/wp-json\/wp\/v2\/product_brand?post=2217"},{"taxonomy":"product_cat","embeddable":true,"href":"https:\/\/trinitixshop.de\/fr\/wp-json\/wp\/v2\/product_cat?post=2217"},{"taxonomy":"product_tag","embeddable":true,"href":"https:\/\/trinitixshop.de\/fr\/wp-json\/wp\/v2\/product_tag?post=2217"}],"curies":[{"name":"wp","href":"https:\/\/api.w.org\/{rel}","templated":true}]}}