{"id":2419,"date":"2023-05-24T14:12:12","date_gmt":"2023-05-24T12:12:12","guid":{"rendered":"https:\/\/trinitixshop.de\/?post_type=product&#038;p=2419"},"modified":"2024-08-07T12:23:49","modified_gmt":"2024-08-07T10:23:49","slug":"poussiere-de-diamant-elegant-design-energie-creoles-bicolores","status":"publish","type":"product","link":"https:\/\/trinitixshop.de\/fr\/produkt\/diamantenstaub-elegante-design-energie-creolen-bicolor\/","title":{"rendered":"Poussi\u00e8re de diamant design \u00e9l\u00e9gant \u00e9nergie cr\u00e9oles bicolores # 1206"},"content":{"rendered":"<p>[758] CR1206BIT<\/p>\n","protected":false},"excerpt":{"rendered":"<p>Design exclusif.<br \/>\nL'acier inoxydable robuste et brillant est dot\u00e9 d'une structure unique qui donne \u00e0 la cr\u00e9ole un aspect particuli\u00e8rement noble, comme si elle \u00e9tait recouverte de poussi\u00e8re de diamant.<br \/>\nBicolore : argent dor\u00e9 \u00e0 l'or fin 24 carats.<br \/>\nDiscret et \u00e9l\u00e9gant. Acier inoxydable, exempt d'allergie au nickel, poli. \u00d8 env. 14 mm.<br \/>\nL'anneau correspondant est disponible sous # 106 et # 206<br \/>\nLes puissants aimants en n\u00e9odyme ( environ 1200 gauss ) sont plac\u00e9s directement sur le lobe de l'oreille.<\/p>","protected":false},"featured_media":2464,"comment_status":"open","ping_status":"closed","template":"","meta":[],"product_brand":[],"product_cat":[17,20],"product_tag":[25],"class_list":{"0":"post-2419","1":"product","2":"type-product","3":"status-publish","4":"has-post-thumbnail","6":"product_cat-alle-produkte","7":"product_cat-ohrringe","8":"product_tag-t-prime","9":"thunk-woo-product-list","10":"opn-qv-enable","11":"top-store-woo-hover-zoom","12":"top-store-single-product-tab-horizontal","13":"top-store-shadow-","14":"top-store-shadow-hover-","16":"first","17":"instock","18":"sale","19":"featured","20":"taxable","21":"shipping-taxable","22":"purchasable","23":"product-type-simple"},"_links":{"self":[{"href":"https:\/\/trinitixshop.de\/fr\/wp-json\/wp\/v2\/product\/2419","targetHints":{"allow":["GET"]}}],"collection":[{"href":"https:\/\/trinitixshop.de\/fr\/wp-json\/wp\/v2\/product"}],"about":[{"href":"https:\/\/trinitixshop.de\/fr\/wp-json\/wp\/v2\/types\/product"}],"replies":[{"embeddable":true,"href":"https:\/\/trinitixshop.de\/fr\/wp-json\/wp\/v2\/comments?post=2419"}],"wp:featuredmedia":[{"embeddable":true,"href":"https:\/\/trinitixshop.de\/fr\/wp-json\/wp\/v2\/media\/2464"}],"wp:attachment":[{"href":"https:\/\/trinitixshop.de\/fr\/wp-json\/wp\/v2\/media?parent=2419"}],"wp:term":[{"taxonomy":"product_brand","embeddable":true,"href":"https:\/\/trinitixshop.de\/fr\/wp-json\/wp\/v2\/product_brand?post=2419"},{"taxonomy":"product_cat","embeddable":true,"href":"https:\/\/trinitixshop.de\/fr\/wp-json\/wp\/v2\/product_cat?post=2419"},{"taxonomy":"product_tag","embeddable":true,"href":"https:\/\/trinitixshop.de\/fr\/wp-json\/wp\/v2\/product_tag?post=2419"}],"curies":[{"name":"wp","href":"https:\/\/api.w.org\/{rel}","templated":true}]}}