{"id":2421,"date":"2023-05-24T14:12:12","date_gmt":"2023-05-24T12:12:12","guid":{"rendered":"https:\/\/trinitixshop.de\/?post_type=product&#038;p=2421"},"modified":"2023-05-24T14:54:59","modified_gmt":"2023-05-24T12:54:59","slug":"etoile-clous-doreille-plaques-or-24-carats-avec-swarovski-crystals-196-p-or","status":"publish","type":"product","link":"https:\/\/trinitixshop.de\/fr\/produkt\/stern-ohrstecker-24k-vergoldet-mit-swarovski-crystals-196-p-gold\/","title":{"rendered":"\u00c9toile clou d'oreille plaqu\u00e9 or 24k avec Swarovski Crystals # 196 P or"},"content":{"rendered":"<p>[8] EX019700T<\/p>\n","protected":false},"excerpt":{"rendered":"<p>Boucles d'oreilles magn\u00e9tiques en n\u00e9odyme \u00e9toile Swarovski Crystals<br \/>\nDiscret et \u00e9l\u00e9gant. 2 clous d'oreilles magn\u00e9tiques raffin\u00e9s.<br \/>\nBoucles d'oreilles \u00e9toile \u00e9tincelante avec Swarovski Crystals.<br \/>\nAcier inoxydable chirurgical, or (plaqu\u00e9 or dur 24 carats), sans nickel et sans allergie,<br \/>\n\u00d8 env. 11 mm avec inlay magn\u00e9tique en n\u00e9odyme (env. 1.200 gauss).<\/p>","protected":false},"featured_media":2489,"comment_status":"open","ping_status":"closed","template":"","meta":[],"product_brand":[],"product_cat":[17,20],"product_tag":[25],"class_list":{"0":"post-2421","1":"product","2":"type-product","3":"status-publish","4":"has-post-thumbnail","6":"product_cat-alle-produkte","7":"product_cat-ohrringe","8":"product_tag-t-prime","9":"thunk-woo-product-list","10":"opn-qv-enable","11":"top-store-woo-hover-zoom","12":"top-store-single-product-tab-horizontal","13":"top-store-shadow-","14":"top-store-shadow-hover-","16":"first","17":"instock","18":"sale","19":"taxable","20":"shipping-taxable","21":"purchasable","22":"product-type-simple"},"_links":{"self":[{"href":"https:\/\/trinitixshop.de\/fr\/wp-json\/wp\/v2\/product\/2421","targetHints":{"allow":["GET"]}}],"collection":[{"href":"https:\/\/trinitixshop.de\/fr\/wp-json\/wp\/v2\/product"}],"about":[{"href":"https:\/\/trinitixshop.de\/fr\/wp-json\/wp\/v2\/types\/product"}],"replies":[{"embeddable":true,"href":"https:\/\/trinitixshop.de\/fr\/wp-json\/wp\/v2\/comments?post=2421"}],"wp:featuredmedia":[{"embeddable":true,"href":"https:\/\/trinitixshop.de\/fr\/wp-json\/wp\/v2\/media\/2489"}],"wp:attachment":[{"href":"https:\/\/trinitixshop.de\/fr\/wp-json\/wp\/v2\/media?parent=2421"}],"wp:term":[{"taxonomy":"product_brand","embeddable":true,"href":"https:\/\/trinitixshop.de\/fr\/wp-json\/wp\/v2\/product_brand?post=2421"},{"taxonomy":"product_cat","embeddable":true,"href":"https:\/\/trinitixshop.de\/fr\/wp-json\/wp\/v2\/product_cat?post=2421"},{"taxonomy":"product_tag","embeddable":true,"href":"https:\/\/trinitixshop.de\/fr\/wp-json\/wp\/v2\/product_tag?post=2421"}],"curies":[{"name":"wp","href":"https:\/\/api.w.org\/{rel}","templated":true}]}}