{"id":2424,"date":"2023-05-24T14:12:12","date_gmt":"2023-05-24T12:12:12","guid":{"rendered":"https:\/\/trinitixshop.de\/?post_type=product&#038;p=2424"},"modified":"2025-12-07T15:16:33","modified_gmt":"2025-12-07T14:16:33","slug":"filigrane-solitaire-clou-doreille-avec-swarovski-diamond-crystal-1382p-argent","status":"publish","type":"product","link":"https:\/\/trinitixshop.de\/fr\/produkt\/filigrane-solitaire-ohrstecker-mit-swarovski-diamond-crystal-1382p-silber\/","title":{"rendered":"Boucles d'oreilles filigranes Solitaire avec Swarovski Diamond Crystal 1382P argent"},"content":{"rendered":"<p>[577] EX138200T<\/p>\n","protected":false},"excerpt":{"rendered":"<p>Solitaire Magnet Ohrstecker White Diamond Solitaire, silber\/hochglanz, \u00f8 ca. 6 mm.<br \/>\nFashion Retro Design avec de grands solitaires en cristal, encadr\u00e9s dans une monture m\u00e9tallique moderne.<\/p>\n<p>Diese eleganten Ohrstecker sind auch in rosegold und gold verf\u00fcgbar.<\/p>\n<p>Un compagnon scintillant id\u00e9al, de jour comme de nuit. Boucles d'oreilles \u00e9tincelantes avec l'\u00e9l\u00e9ment original Swarovski Crystal \"White Diamond\". Discret et \u00e9l\u00e9gant. Attire tous les regards. (# 461 est un peu plus grand avec un \u00f8 d'environ 7,5 mm)<\/p>\n<p>Un design brillant pour une apparence efficace. Parfait pour les femmes d'affaires ou les femmes glamour.<br \/>\nAvec ce clou d'oreille, vous obtiendrez toujours l'effet souhait\u00e9.<br \/>\nLes puissants aimants en n\u00e9odyme sont plac\u00e9s directement sur le lobe de l'oreille.<br \/>\nCe magnifique bijou magn\u00e9tique est synonyme de l\u00e9g\u00e8ret\u00e9, d'\u00e9nergie et d'\u00e9l\u00e9gance !<br \/>\nChacun de nos bijoux est \u00e9quip\u00e9 d'aimants en n\u00e9odyme puissants et de haute qualit\u00e9.<br \/>\nAimant n\u00e9odyme inlay avec environ 1.200 gauss.<br \/>\nAcier inoxydable m\u00e9dical, exempt de cadmium, de nickel et de plomb. Non allergisant<\/p>","protected":false},"featured_media":0,"comment_status":"open","ping_status":"closed","template":"","meta":[],"product_brand":[],"product_cat":[17,20],"product_tag":[24],"class_list":{"0":"post-2424","1":"product","2":"type-product","3":"status-publish","5":"product_cat-alle-produkte","6":"product_cat-ohrringe","7":"product_tag-jungbrunn","8":"thunk-woo-product-list","9":"opn-qv-enable","10":"top-store-woo-hover-zoom","11":"top-store-single-product-tab-horizontal","12":"top-store-shadow-","13":"top-store-shadow-hover-","15":"first","16":"instock","17":"sale","18":"taxable","19":"shipping-taxable","20":"purchasable","21":"product-type-simple"},"_links":{"self":[{"href":"https:\/\/trinitixshop.de\/fr\/wp-json\/wp\/v2\/product\/2424","targetHints":{"allow":["GET"]}}],"collection":[{"href":"https:\/\/trinitixshop.de\/fr\/wp-json\/wp\/v2\/product"}],"about":[{"href":"https:\/\/trinitixshop.de\/fr\/wp-json\/wp\/v2\/types\/product"}],"replies":[{"embeddable":true,"href":"https:\/\/trinitixshop.de\/fr\/wp-json\/wp\/v2\/comments?post=2424"}],"wp:attachment":[{"href":"https:\/\/trinitixshop.de\/fr\/wp-json\/wp\/v2\/media?parent=2424"}],"wp:term":[{"taxonomy":"product_brand","embeddable":true,"href":"https:\/\/trinitixshop.de\/fr\/wp-json\/wp\/v2\/product_brand?post=2424"},{"taxonomy":"product_cat","embeddable":true,"href":"https:\/\/trinitixshop.de\/fr\/wp-json\/wp\/v2\/product_cat?post=2424"},{"taxonomy":"product_tag","embeddable":true,"href":"https:\/\/trinitixshop.de\/fr\/wp-json\/wp\/v2\/product_tag?post=2424"}],"curies":[{"name":"wp","href":"https:\/\/api.w.org\/{rel}","templated":true}]}}