{"id":2429,"date":"2023-05-24T14:12:12","date_gmt":"2023-05-24T12:12:12","guid":{"rendered":"https:\/\/trinitixshop.de\/?post_type=product&#038;p=2429"},"modified":"2023-05-24T14:57:13","modified_gmt":"2023-05-24T12:57:13","slug":"arc-en-ciel-or-clou-doreille-avec-pierres-precieuses-swarovski-m","status":"publish","type":"product","link":"https:\/\/trinitixshop.de\/fr\/produkt\/rainbow-gold-ohrstecker-mit-swarovski-edelsteinen-m\/","title":{"rendered":"Rainbow gold clous d'oreilles avec pierres pr\u00e9cieuses Swarovski - M"},"content":{"rendered":"<p>EX900200T<\/p>","protected":false},"excerpt":{"rendered":"<p>Deux boucles d'oreilles magn\u00e9tiques multicolores de notre \"Rainbow Collection\". Une vari\u00e9t\u00e9 avec des pierres pr\u00e9cieuses Swarovski color\u00e9es dans des couleurs spectrales. Un v\u00e9ritable travail d'orf\u00e8vre des designers de notre entreprise. Fabriqu\u00e9s \u00e0 la main.<br \/>\nDes couleurs subtilement d\u00e9grad\u00e9es pr\u00e9sentent les couleurs du spectre de l'arc-en-ciel. La s\u00e9lection comprend des \u00e9l\u00e9ments synth\u00e9tiques analogues au grenat, \u00e0 l'am\u00e9thyste, \u00e0 la citrine, au p\u00e9ridot et \u00e0 la topaze bleue.<br \/>\nCarr\u00e9 mixte en tant que coupe modifi\u00e9e. En argent. Boucles d'oreilles chacune. Env. 5 x 26 mm. Epaisseur env. 3 mm.<br \/>\nCarr\u00e9 mixte magn\u00e9tique clous d'oreille argent Brazil Rainbow Multi-Color Set TRX Stern Collection avec pierres pr\u00e9cieuses Swarovski Dans l'Orient ancien, l'arc-en-ciel \u00e9tait consid\u00e9r\u00e9 comme le symbole de la victoire apr\u00e8s une dispute entre dieux. ... Aujourd'hui encore, l'apparition de l'arc-en-ciel dans le ciel parle \u00e0 l'esprit.<br \/>\nles hommes. Il est consid\u00e9r\u00e9 comme un symbole d'harmonie, de globalit\u00e9, de protection de la nature ou comme un signe de connexion entre le ciel et la terre. Les puissants aimants en n\u00e9odyme sont plac\u00e9s directement sur le lobe de l'oreille.<br \/>\nLes magnifiques bijoux magn\u00e9tiques sont synonymes de l\u00e9g\u00e8ret\u00e9, d'\u00e9nergie et d'\u00e9l\u00e9gance ! Chacun de nos bijoux est \u00e9quip\u00e9 d'aimants n\u00e9odyme puissants et de haute qualit\u00e9.<br \/>\npourvus d'une puce \u00e9lectronique. Aimant n\u00e9odyme incrust\u00e9 d'environ 1200 gauss.<br \/>\nAcier inoxydable m\u00e9dical, exempt de cadmium, de nickel et de plomb. Non allergisant<\/p>","protected":false},"featured_media":2511,"comment_status":"open","ping_status":"closed","template":"","meta":[],"product_brand":[],"product_cat":[17,20],"product_tag":[28],"class_list":{"0":"post-2429","1":"product","2":"type-product","3":"status-publish","4":"has-post-thumbnail","6":"product_cat-alle-produkte","7":"product_cat-ohrringe","8":"product_tag-kurfuerst","9":"thunk-woo-product-list","10":"opn-qv-enable","11":"top-store-woo-hover-zoom","12":"top-store-single-product-tab-horizontal","13":"top-store-shadow-","14":"top-store-shadow-hover-","16":"first","17":"instock","18":"featured","19":"taxable","20":"shipping-taxable","21":"purchasable","22":"product-type-simple"},"_links":{"self":[{"href":"https:\/\/trinitixshop.de\/fr\/wp-json\/wp\/v2\/product\/2429","targetHints":{"allow":["GET"]}}],"collection":[{"href":"https:\/\/trinitixshop.de\/fr\/wp-json\/wp\/v2\/product"}],"about":[{"href":"https:\/\/trinitixshop.de\/fr\/wp-json\/wp\/v2\/types\/product"}],"replies":[{"embeddable":true,"href":"https:\/\/trinitixshop.de\/fr\/wp-json\/wp\/v2\/comments?post=2429"}],"wp:featuredmedia":[{"embeddable":true,"href":"https:\/\/trinitixshop.de\/fr\/wp-json\/wp\/v2\/media\/2511"}],"wp:attachment":[{"href":"https:\/\/trinitixshop.de\/fr\/wp-json\/wp\/v2\/media?parent=2429"}],"wp:term":[{"taxonomy":"product_brand","embeddable":true,"href":"https:\/\/trinitixshop.de\/fr\/wp-json\/wp\/v2\/product_brand?post=2429"},{"taxonomy":"product_cat","embeddable":true,"href":"https:\/\/trinitixshop.de\/fr\/wp-json\/wp\/v2\/product_cat?post=2429"},{"taxonomy":"product_tag","embeddable":true,"href":"https:\/\/trinitixshop.de\/fr\/wp-json\/wp\/v2\/product_tag?post=2429"}],"curies":[{"name":"wp","href":"https:\/\/api.w.org\/{rel}","templated":true}]}}