{"id":2433,"date":"2023-05-24T14:12:13","date_gmt":"2023-05-24T12:12:13","guid":{"rendered":"https:\/\/trinitixshop.de\/?post_type=product&#038;p=2433"},"modified":"2023-05-24T14:30:21","modified_gmt":"2023-05-24T12:30:21","slug":"creoles-vintage-en-or-avec-cristaux-swarovski-blancs-o-ca-13-mm-620p","status":"publish","type":"product","link":"https:\/\/trinitixshop.de\/fr\/produkt\/vintage-creolen-gold-mit-weissen-swarovski-crystals-o-ca-13-mm-620p\/","title":{"rendered":"Cr\u00e9oles vintage en or avec cristaux blancs Swarovski \u00d8 environ 13 mm # 620P"},"content":{"rendered":"<p>CR062000T<\/p>","protected":false},"excerpt":{"rendered":"<p>Energie Cr\u00e9oles Vintage Fashion 24k dor\u00e9 \u00e0 l'or fin, en acier inoxydable m\u00e9dical, sans nickel et sans allergie, avec des cristaux Swarovski \u00e9tincelants.<br \/>\nBoucles d'oreilles \u00e9tincelantes avec des cristaux Swarovski clairs et chatoyants et un aimant n\u00e9odyme d'environ 1200 gauss.<br \/>\nDiscret et \u00e9l\u00e9gant.<br \/>\nEn combinaison avec le bracelet magn\u00e9tique assorti No. 473, c'est un merveilleux cadeau.Dor\u00e9 \u00e0 l'or fin 24k.<br \/>\nAcier inoxydable, sans nickel allergique, \u00d8 environ 13 mm, \u00e9paisseur 4 mm.<br \/>\nLes puissants aimants en n\u00e9odyme ( environ 1200 gauss ) sont plac\u00e9s directement sur le lobe de l'oreille.<\/p>","protected":false},"featured_media":2468,"comment_status":"open","ping_status":"closed","template":"","meta":[],"product_brand":[],"product_cat":[17,20],"product_tag":[28],"class_list":{"0":"post-2433","1":"product","2":"type-product","3":"status-publish","4":"has-post-thumbnail","6":"product_cat-alle-produkte","7":"product_cat-ohrringe","8":"product_tag-kurfuerst","9":"thunk-woo-product-list","10":"opn-qv-enable","11":"top-store-woo-hover-zoom","12":"top-store-single-product-tab-horizontal","13":"top-store-shadow-","14":"top-store-shadow-hover-","16":"first","17":"instock","18":"sale","19":"taxable","20":"shipping-taxable","21":"purchasable","22":"product-type-simple"},"_links":{"self":[{"href":"https:\/\/trinitixshop.de\/fr\/wp-json\/wp\/v2\/product\/2433","targetHints":{"allow":["GET"]}}],"collection":[{"href":"https:\/\/trinitixshop.de\/fr\/wp-json\/wp\/v2\/product"}],"about":[{"href":"https:\/\/trinitixshop.de\/fr\/wp-json\/wp\/v2\/types\/product"}],"replies":[{"embeddable":true,"href":"https:\/\/trinitixshop.de\/fr\/wp-json\/wp\/v2\/comments?post=2433"}],"wp:featuredmedia":[{"embeddable":true,"href":"https:\/\/trinitixshop.de\/fr\/wp-json\/wp\/v2\/media\/2468"}],"wp:attachment":[{"href":"https:\/\/trinitixshop.de\/fr\/wp-json\/wp\/v2\/media?parent=2433"}],"wp:term":[{"taxonomy":"product_brand","embeddable":true,"href":"https:\/\/trinitixshop.de\/fr\/wp-json\/wp\/v2\/product_brand?post=2433"},{"taxonomy":"product_cat","embeddable":true,"href":"https:\/\/trinitixshop.de\/fr\/wp-json\/wp\/v2\/product_cat?post=2433"},{"taxonomy":"product_tag","embeddable":true,"href":"https:\/\/trinitixshop.de\/fr\/wp-json\/wp\/v2\/product_tag?post=2433"}],"curies":[{"name":"wp","href":"https:\/\/api.w.org\/{rel}","templated":true}]}}