{"id":2443,"date":"2023-05-24T14:12:13","date_gmt":"2023-05-24T12:12:13","guid":{"rendered":"https:\/\/trinitixshop.de\/?post_type=product&#038;p=2443"},"modified":"2023-05-24T14:30:54","modified_gmt":"2023-05-24T12:30:54","slug":"clous-doreilles-classiques-perle-rose-swarovski-crystal-argent","status":"publish","type":"product","link":"https:\/\/trinitixshop.de\/fr\/produkt\/klassische-ohrstecker-perle-pink-swarovski-crystal-silber\/","title":{"rendered":"Boucles d'oreilles classiques perle rose + Swarovski Crystal argent"},"content":{"rendered":"<p>EX022402T<\/p>","protected":false},"excerpt":{"rendered":"<p>Boucles d'oreilles exclusives. Design r\u00e9tro, classique et \u00e9l\u00e9gant.<br \/>\nCe clou d'oreille rayonne d'une \u00e9l\u00e9gance styl\u00e9e et constitue un choix de bijou parfait pour de nombreuses occasions.<br \/>\nSwarovski Elements \u00e9tincelants, \u00e9clat nacr\u00e9 chatoyant. Argent \/ rose.<br \/>\nLes puissants aimants en n\u00e9odyme sont plac\u00e9s directement sur le lobe de l'oreille.<br \/>\nCe magnifique bijou magn\u00e9tique est synonyme de l\u00e9g\u00e8ret\u00e9, d'\u00e9nergie et d'\u00e9l\u00e9gance !<br \/>\nChacun de nos bijoux est dot\u00e9 d'aimants n\u00e9odyme puissants et de haute qualit\u00e9. Aimant n\u00e9odyme inlay avec env. 1.200 gauss.<br \/>\nAcier inoxydable m\u00e9dical, exempt de cadmium, de nickel et de plomb. Non allergisant<\/p>","protected":false},"featured_media":2493,"comment_status":"open","ping_status":"closed","template":"","meta":[],"product_brand":[],"product_cat":[17,20],"product_tag":[25],"class_list":{"0":"post-2443","1":"product","2":"type-product","3":"status-publish","4":"has-post-thumbnail","6":"product_cat-alle-produkte","7":"product_cat-ohrringe","8":"product_tag-t-prime","9":"thunk-woo-product-list","10":"opn-qv-enable","11":"top-store-woo-hover-zoom","12":"top-store-single-product-tab-horizontal","13":"top-store-shadow-","14":"top-store-shadow-hover-","16":"first","17":"instock","18":"sale","19":"taxable","20":"shipping-taxable","21":"purchasable","22":"product-type-simple"},"_links":{"self":[{"href":"https:\/\/trinitixshop.de\/fr\/wp-json\/wp\/v2\/product\/2443","targetHints":{"allow":["GET"]}}],"collection":[{"href":"https:\/\/trinitixshop.de\/fr\/wp-json\/wp\/v2\/product"}],"about":[{"href":"https:\/\/trinitixshop.de\/fr\/wp-json\/wp\/v2\/types\/product"}],"replies":[{"embeddable":true,"href":"https:\/\/trinitixshop.de\/fr\/wp-json\/wp\/v2\/comments?post=2443"}],"wp:featuredmedia":[{"embeddable":true,"href":"https:\/\/trinitixshop.de\/fr\/wp-json\/wp\/v2\/media\/2493"}],"wp:attachment":[{"href":"https:\/\/trinitixshop.de\/fr\/wp-json\/wp\/v2\/media?parent=2443"}],"wp:term":[{"taxonomy":"product_brand","embeddable":true,"href":"https:\/\/trinitixshop.de\/fr\/wp-json\/wp\/v2\/product_brand?post=2443"},{"taxonomy":"product_cat","embeddable":true,"href":"https:\/\/trinitixshop.de\/fr\/wp-json\/wp\/v2\/product_cat?post=2443"},{"taxonomy":"product_tag","embeddable":true,"href":"https:\/\/trinitixshop.de\/fr\/wp-json\/wp\/v2\/product_tag?post=2443"}],"curies":[{"name":"wp","href":"https:\/\/api.w.org\/{rel}","templated":true}]}}