{"id":2445,"date":"2023-05-24T14:12:13","date_gmt":"2023-05-24T12:12:13","guid":{"rendered":"https:\/\/trinitixshop.de\/?post_type=product&#038;p=2445"},"modified":"2023-05-24T14:25:58","modified_gmt":"2023-05-24T12:25:58","slug":"solitaire-clous-doreilles-or-rose-avec-swarovski-crystal-peach","status":"publish","type":"product","link":"https:\/\/trinitixshop.de\/fr\/produkt\/solitaire-ohrstecker-rosegold-mit-swarovski-crystal-peach\/","title":{"rendered":"Solitaire clous d'oreilles or rose avec Swarovski Crystal Peach"},"content":{"rendered":"<p>EX046000T<\/p>","protected":false},"excerpt":{"rendered":"<p>Boucles d'oreilles en or rose : Boucles d'oreilles magn\u00e9tiques en cristal avec Swarovski Solitaire Crystal original en \"ambre\" \/ Peach<br \/>\nEn set, avec le bracelet magn\u00e9tique Crystal # 473, un merveilleux cadeau.<br \/>\nDesign classique avec un grand solitaire en cristal clair, encadr\u00e9 dans une monture m\u00e9tallique moderne.<br \/>\nUn compagnon scintillant id\u00e9al, de jour comme de nuit.<br \/>\nOr rose, poli. \u00d8 env. 7,5 mm. Pierres Swarovski originales \u00e9tincelantes.<br \/>\nParfaites pour les femmes d'affaires ou les femmes glamour. Avec ce clou d'oreille, vous obtiendrez toujours l'effet souhait\u00e9. Les pierres Swarovski scintillantes compl\u00e8tent l'image et assurent un glamour discret 24 heures sur 24.<br \/>\nLes puissants aimants en n\u00e9odyme sont plac\u00e9s directement sur le lobe de l'oreille.<br \/>\nCe magnifique bijou magn\u00e9tique est synonyme de l\u00e9g\u00e8ret\u00e9, d'\u00e9nergie et d'\u00e9l\u00e9gance !<br \/>\nChacun de nos bijoux est dot\u00e9 d'aimants n\u00e9odyme puissants et de haute qualit\u00e9. Aimant n\u00e9odyme inlay avec env. 1.200 gauss.<br \/>\nAcier inoxydable m\u00e9dical, exempt de cadmium, de nickel et de plomb. Sans allergie.<\/p>","protected":false},"featured_media":2496,"comment_status":"open","ping_status":"closed","template":"","meta":[],"product_brand":[],"product_cat":[17,20],"product_tag":[25],"class_list":{"0":"post-2445","1":"product","2":"type-product","3":"status-publish","4":"has-post-thumbnail","6":"product_cat-alle-produkte","7":"product_cat-ohrringe","8":"product_tag-t-prime","9":"thunk-woo-product-list","10":"opn-qv-enable","11":"top-store-woo-hover-zoom","12":"top-store-single-product-tab-horizontal","13":"top-store-shadow-","14":"top-store-shadow-hover-","16":"first","17":"instock","18":"sale","19":"taxable","20":"shipping-taxable","21":"purchasable","22":"product-type-simple"},"_links":{"self":[{"href":"https:\/\/trinitixshop.de\/fr\/wp-json\/wp\/v2\/product\/2445","targetHints":{"allow":["GET"]}}],"collection":[{"href":"https:\/\/trinitixshop.de\/fr\/wp-json\/wp\/v2\/product"}],"about":[{"href":"https:\/\/trinitixshop.de\/fr\/wp-json\/wp\/v2\/types\/product"}],"replies":[{"embeddable":true,"href":"https:\/\/trinitixshop.de\/fr\/wp-json\/wp\/v2\/comments?post=2445"}],"wp:featuredmedia":[{"embeddable":true,"href":"https:\/\/trinitixshop.de\/fr\/wp-json\/wp\/v2\/media\/2496"}],"wp:attachment":[{"href":"https:\/\/trinitixshop.de\/fr\/wp-json\/wp\/v2\/media?parent=2445"}],"wp:term":[{"taxonomy":"product_brand","embeddable":true,"href":"https:\/\/trinitixshop.de\/fr\/wp-json\/wp\/v2\/product_brand?post=2445"},{"taxonomy":"product_cat","embeddable":true,"href":"https:\/\/trinitixshop.de\/fr\/wp-json\/wp\/v2\/product_cat?post=2445"},{"taxonomy":"product_tag","embeddable":true,"href":"https:\/\/trinitixshop.de\/fr\/wp-json\/wp\/v2\/product_tag?post=2445"}],"curies":[{"name":"wp","href":"https:\/\/api.w.org\/{rel}","templated":true}]}}