{"id":2452,"date":"2023-05-24T14:12:18","date_gmt":"2023-05-24T12:12:18","guid":{"rendered":"https:\/\/trinitixshop.de\/?post_type=product&#038;p=2452"},"modified":"2023-05-24T14:19:40","modified_gmt":"2023-05-24T12:19:40","slug":"snowflake-clou-doreille-flocon-de-neige-argent-o-ca-8-mm","status":"publish","type":"product","link":"https:\/\/trinitixshop.de\/fr\/produkt\/snowflake-ohrstecker-schneeflocke-silber-o-ca-8-mm\/","title":{"rendered":"Snowflake clou d'oreille flocon de neige argent\u00e9 \u00d8 env. 8 mm"},"content":{"rendered":"<p>EX105600T<\/p>","protected":false},"excerpt":{"rendered":"<p>Boucles d'oreilles magn\u00e9tiques, travaill\u00e9es en filigrane et \u00e0 plat, polies miroir.<br \/>\nPas seulement pour les enfants et les adolescents.<br \/>\nCombinable en set avec le pendentif magn\u00e9tique # 1056. argent \u00d8 env. 8 mm<br \/>\nAvec ce clou d'oreille, vous obtiendrez toujours l'effet souhait\u00e9.<br \/>\nLes puissants aimants en n\u00e9odyme sont plac\u00e9s directement sur le lobe de l'oreille.<br \/>\nCe magnifique bijou magn\u00e9tique est synonyme de l\u00e9g\u00e8ret\u00e9, d'\u00e9nergie et d'\u00e9l\u00e9gance !<br \/>\nChacun de nos bijoux est \u00e9quip\u00e9 d'aimants n\u00e9odyme puissants et de haute qualit\u00e9.<br \/>\nAimant n\u00e9odyme inlay avec environ 600 gauss.<br \/>\nAcier inoxydable m\u00e9dical, exempt de cadmium, de nickel et de plomb. Non allergisant<\/p>","protected":false},"featured_media":2502,"comment_status":"open","ping_status":"closed","template":"","meta":[],"product_brand":[],"product_cat":[17,20],"product_tag":[24],"class_list":{"0":"post-2452","1":"product","2":"type-product","3":"status-publish","4":"has-post-thumbnail","6":"product_cat-alle-produkte","7":"product_cat-ohrringe","8":"product_tag-jungbrunn","9":"thunk-woo-product-list","10":"opn-qv-enable","11":"top-store-woo-hover-zoom","12":"top-store-single-product-tab-horizontal","13":"top-store-shadow-","14":"top-store-shadow-hover-","16":"first","17":"instock","18":"sale","19":"taxable","20":"shipping-taxable","21":"purchasable","22":"product-type-simple"},"_links":{"self":[{"href":"https:\/\/trinitixshop.de\/fr\/wp-json\/wp\/v2\/product\/2452","targetHints":{"allow":["GET"]}}],"collection":[{"href":"https:\/\/trinitixshop.de\/fr\/wp-json\/wp\/v2\/product"}],"about":[{"href":"https:\/\/trinitixshop.de\/fr\/wp-json\/wp\/v2\/types\/product"}],"replies":[{"embeddable":true,"href":"https:\/\/trinitixshop.de\/fr\/wp-json\/wp\/v2\/comments?post=2452"}],"wp:featuredmedia":[{"embeddable":true,"href":"https:\/\/trinitixshop.de\/fr\/wp-json\/wp\/v2\/media\/2502"}],"wp:attachment":[{"href":"https:\/\/trinitixshop.de\/fr\/wp-json\/wp\/v2\/media?parent=2452"}],"wp:term":[{"taxonomy":"product_brand","embeddable":true,"href":"https:\/\/trinitixshop.de\/fr\/wp-json\/wp\/v2\/product_brand?post=2452"},{"taxonomy":"product_cat","embeddable":true,"href":"https:\/\/trinitixshop.de\/fr\/wp-json\/wp\/v2\/product_cat?post=2452"},{"taxonomy":"product_tag","embeddable":true,"href":"https:\/\/trinitixshop.de\/fr\/wp-json\/wp\/v2\/product_tag?post=2452"}],"curies":[{"name":"wp","href":"https:\/\/api.w.org\/{rel}","templated":true}]}}