{"id":2453,"date":"2023-05-24T14:12:18","date_gmt":"2023-05-24T12:12:18","guid":{"rendered":"https:\/\/trinitixshop.de\/?post_type=product&#038;p=2453"},"modified":"2025-06-11T15:34:49","modified_gmt":"2025-06-11T13:34:49","slug":"clous-doreilles-escargot-argent-avec-swarovski-crystal","status":"publish","type":"product","link":"https:\/\/trinitixshop.de\/fr\/produkt\/ohrstecker-schnecke-silber-mit-swarovski-crystal\/","title":{"rendered":"Ohrstecker Schnecke silber mit Swarovski Crystal # 1247P"},"content":{"rendered":"<p>EX124700T<\/p>","protected":false},"excerpt":{"rendered":"<p>Boucles d'oreilles \u00e9tincelantes avec des cristaux Swarovski scintillants.<br \/>\n2 clous d'oreilles magn\u00e9tiques massifs \u00d8 10\u00d712 mm, \u00e9paisseur d'env. 2 mm seulement, discrets et \u00e9l\u00e9gants. Argent \/ bross\u00e9.<br \/>\nSymbole Signification pour la r\u00e9flexion, la sensibilit\u00e9 (les fines antennes), la prudence, la susceptibilit\u00e9, les tendances au repli sur soi (\"se retirer dans sa coquille\").<br \/>\nL'escargot est consid\u00e9r\u00e9 comme un symbole lunaire. \u00c0 cet \u00e9gard, il est \u00e9galement un symbole de renouvellement constant et de r\u00e9surrection.<br \/>\nAvec ce clou d'oreille, vous obtiendrez toujours l'effet souhait\u00e9. Les pierres Swarovski scintillantes compl\u00e8tent l'image et assurent un glamour discret 24 heures sur 24.<br \/>\nLes puissants aimants en n\u00e9odyme sont plac\u00e9s directement sur le lobe de l'oreille.<br \/>\nCe magnifique bijou magn\u00e9tique est synonyme de l\u00e9g\u00e8ret\u00e9, d'\u00e9nergie et d'\u00e9l\u00e9gance !<br \/>\nChacun de nos bijoux est \u00e9quip\u00e9 d'aimants en n\u00e9odyme puissants et de haute qualit\u00e9.<br \/>\nAimant n\u00e9odyme inlay avec environ 1.200 gauss.<br \/>\nAcier inoxydable m\u00e9dical, exempt de cadmium, de nickel et de plomb. Non allergisant<\/p>","protected":false},"featured_media":2503,"comment_status":"open","ping_status":"closed","template":"","meta":[],"product_brand":[],"product_cat":[17,20],"product_tag":[24],"class_list":{"0":"post-2453","1":"product","2":"type-product","3":"status-publish","4":"has-post-thumbnail","6":"product_cat-alle-produkte","7":"product_cat-ohrringe","8":"product_tag-jungbrunn","9":"thunk-woo-product-list","10":"opn-qv-enable","11":"top-store-woo-hover-zoom","12":"top-store-single-product-tab-horizontal","13":"top-store-shadow-","14":"top-store-shadow-hover-","16":"first","17":"instock","18":"sale","19":"taxable","20":"shipping-taxable","21":"purchasable","22":"product-type-simple"},"_links":{"self":[{"href":"https:\/\/trinitixshop.de\/fr\/wp-json\/wp\/v2\/product\/2453","targetHints":{"allow":["GET"]}}],"collection":[{"href":"https:\/\/trinitixshop.de\/fr\/wp-json\/wp\/v2\/product"}],"about":[{"href":"https:\/\/trinitixshop.de\/fr\/wp-json\/wp\/v2\/types\/product"}],"replies":[{"embeddable":true,"href":"https:\/\/trinitixshop.de\/fr\/wp-json\/wp\/v2\/comments?post=2453"}],"wp:featuredmedia":[{"embeddable":true,"href":"https:\/\/trinitixshop.de\/fr\/wp-json\/wp\/v2\/media\/2503"}],"wp:attachment":[{"href":"https:\/\/trinitixshop.de\/fr\/wp-json\/wp\/v2\/media?parent=2453"}],"wp:term":[{"taxonomy":"product_brand","embeddable":true,"href":"https:\/\/trinitixshop.de\/fr\/wp-json\/wp\/v2\/product_brand?post=2453"},{"taxonomy":"product_cat","embeddable":true,"href":"https:\/\/trinitixshop.de\/fr\/wp-json\/wp\/v2\/product_cat?post=2453"},{"taxonomy":"product_tag","embeddable":true,"href":"https:\/\/trinitixshop.de\/fr\/wp-json\/wp\/v2\/product_tag?post=2453"}],"curies":[{"name":"wp","href":"https:\/\/api.w.org\/{rel}","templated":true}]}}