{"id":2457,"date":"2023-05-24T14:12:18","date_gmt":"2023-05-24T12:12:18","guid":{"rendered":"https:\/\/trinitixshop.de\/?post_type=product&#038;p=2457"},"modified":"2023-05-24T14:17:13","modified_gmt":"2023-05-24T12:17:13","slug":"discrets-clous-doreille-coeur-fashion-coeur-argent-neodyme-2123p","status":"publish","type":"product","link":"https:\/\/trinitixshop.de\/fr\/produkt\/dezente-herz-ohrstecker-fashion-coeur-neodym-silber-2123p\/","title":{"rendered":"Discret c\u0153ur clou d'oreille Fashion Coeur n\u00e9odyme argent # 2123P"},"content":{"rendered":"<p>EX212300T<\/p>","protected":false},"excerpt":{"rendered":"<p>Boucles d'oreilles en forme de c\u0153ur attrayantes. Discret et \u00e9l\u00e9gant.<br \/>\nLe polissage \u00e9tincelant donne des accents scintillants mat + poli miroir.<br \/>\n\u00d8 env.12 mm, \u00e9paisseur 2 mm.<br \/>\nAttire tous les regards.<br \/>\nLes boucles d'oreilles \" c\u0153ur \" s\u00e9duisent par leur design individuel et leur forte force magn\u00e9tique.<br \/>\nUn compagnon scintillant id\u00e9al, de jour comme de nuit.<br \/>\nAvec ce clou d'oreille, vous obtiendrez toujours l'effet souhait\u00e9.<br \/>\nLes puissants aimants en n\u00e9odyme sont plac\u00e9s directement sur le lobe de l'oreille.<br \/>\nCe magnifique bijou magn\u00e9tique est synonyme de l\u00e9g\u00e8ret\u00e9, d'\u00e9nergie et d'\u00e9l\u00e9gance !<br \/>\nChacun de nos bijoux est \u00e9quip\u00e9 d'aimants en n\u00e9odyme puissants et de haute qualit\u00e9.<br \/>\nAimant n\u00e9odyme inlay avec environ 1.200 gauss.<br \/>\nAcier inoxydable m\u00e9dical, exempt de cadmium, de nickel et de plomb. Sans allergie.<\/p>","protected":false},"featured_media":2508,"comment_status":"open","ping_status":"closed","template":"","meta":[],"product_brand":[],"product_cat":[17,20],"product_tag":[25],"class_list":{"0":"post-2457","1":"product","2":"type-product","3":"status-publish","4":"has-post-thumbnail","6":"product_cat-alle-produkte","7":"product_cat-ohrringe","8":"product_tag-t-prime","9":"thunk-woo-product-list","10":"opn-qv-enable","11":"top-store-woo-hover-zoom","12":"top-store-single-product-tab-horizontal","13":"top-store-shadow-","14":"top-store-shadow-hover-","16":"first","17":"instock","18":"sale","19":"taxable","20":"shipping-taxable","21":"purchasable","22":"product-type-simple"},"_links":{"self":[{"href":"https:\/\/trinitixshop.de\/fr\/wp-json\/wp\/v2\/product\/2457","targetHints":{"allow":["GET"]}}],"collection":[{"href":"https:\/\/trinitixshop.de\/fr\/wp-json\/wp\/v2\/product"}],"about":[{"href":"https:\/\/trinitixshop.de\/fr\/wp-json\/wp\/v2\/types\/product"}],"replies":[{"embeddable":true,"href":"https:\/\/trinitixshop.de\/fr\/wp-json\/wp\/v2\/comments?post=2457"}],"wp:featuredmedia":[{"embeddable":true,"href":"https:\/\/trinitixshop.de\/fr\/wp-json\/wp\/v2\/media\/2508"}],"wp:attachment":[{"href":"https:\/\/trinitixshop.de\/fr\/wp-json\/wp\/v2\/media?parent=2457"}],"wp:term":[{"taxonomy":"product_brand","embeddable":true,"href":"https:\/\/trinitixshop.de\/fr\/wp-json\/wp\/v2\/product_brand?post=2457"},{"taxonomy":"product_cat","embeddable":true,"href":"https:\/\/trinitixshop.de\/fr\/wp-json\/wp\/v2\/product_cat?post=2457"},{"taxonomy":"product_tag","embeddable":true,"href":"https:\/\/trinitixshop.de\/fr\/wp-json\/wp\/v2\/product_tag?post=2457"}],"curies":[{"name":"wp","href":"https:\/\/api.w.org\/{rel}","templated":true}]}}