{"id":2458,"date":"2023-05-24T14:12:18","date_gmt":"2023-05-24T12:12:18","guid":{"rendered":"https:\/\/trinitixshop.de\/?post_type=product&#038;p=2458"},"modified":"2023-05-24T14:18:04","modified_gmt":"2023-05-24T12:18:04","slug":"unique-by-kokodash-wings-collection-clous-doreilles-9054p","status":"publish","type":"product","link":"https:\/\/trinitixshop.de\/fr\/produkt\/unique-by-kokodash-wings-collection-ohrstecker-9054p\/","title":{"rendered":"UNIQUE by KokoDash Wings Collection Boucles d'oreilles # 9054P"},"content":{"rendered":"<p>EX905400T<\/p>","protected":false},"excerpt":{"rendered":"<p>Ces d\u00e9licates boucles d'oreilles magn\u00e9tiques ont \u00e9t\u00e9 cr\u00e9\u00e9es pour nous par la designer KokoDash avec un grand souci du d\u00e9tail.<br \/>\nIl est l'expression de l'espoir et de la joie de vivre. En tant que compagnon de route, le talisman doit offrir une nouvelle force \u00e9nerg\u00e9tique et donner un nouveau courage face aux d\u00e9fis de la vie.<br \/>\nCette cr\u00e9ation de bijoux finement travaill\u00e9e et pleine de sens vous donne des ailes chaque jour.<br \/>\nKokoDash vous pr\u00e9sente cette magnifique collection exclusive de designers au design artistique en forme d'ailes.<br \/>\nUn accroche-regard discret avec un aspect brillant. Les ailes ou les ailes d'ange sont des symboles de protection, de libert\u00e9 et d\u00e9gagent une l\u00e9g\u00e8ret\u00e9 juv\u00e9nile. Lorsque nous voyons des ailes, notre premi\u00e8re pens\u00e9e est de voler, mais si nous laissons libre cours \u00e0 notre imagination, le symbole des ailes est notre salut. Nous r\u00e9alisons qu'il est possible de fuir et de s'\u00e9chapper des choses qui nous lient ou qui lib\u00e8rent notre \u00e2me.<br \/>\nCet accessoire glamour est fabriqu\u00e9 en acier inoxydable chirurgical.<br \/>\nCe magnifique bijou magn\u00e9tique est synonyme de l\u00e9g\u00e8ret\u00e9, d'\u00e9nergie et d'\u00e9l\u00e9gance !<br \/>\nChacun de nos bijoux est \u00e9quip\u00e9 d'aimants en n\u00e9odyme puissants et de haute qualit\u00e9.<br \/>\nAimant n\u00e9odyme inlay avec environ 1.200 gauss.<br \/>\nAcier inoxydable m\u00e9dical, exempt de cadmium, de nickel et de plomb. Non allergisant<\/p>","protected":false},"featured_media":2515,"comment_status":"open","ping_status":"closed","template":"","meta":[],"product_brand":[],"product_cat":[17,20],"product_tag":[25],"class_list":{"0":"post-2458","1":"product","2":"type-product","3":"status-publish","4":"has-post-thumbnail","6":"product_cat-alle-produkte","7":"product_cat-ohrringe","8":"product_tag-t-prime","9":"thunk-woo-product-list","10":"opn-qv-enable","11":"top-store-woo-hover-zoom","12":"top-store-single-product-tab-horizontal","13":"top-store-shadow-","14":"top-store-shadow-hover-","16":"first","17":"instock","18":"sale","19":"taxable","20":"shipping-taxable","21":"purchasable","22":"product-type-simple"},"_links":{"self":[{"href":"https:\/\/trinitixshop.de\/fr\/wp-json\/wp\/v2\/product\/2458","targetHints":{"allow":["GET"]}}],"collection":[{"href":"https:\/\/trinitixshop.de\/fr\/wp-json\/wp\/v2\/product"}],"about":[{"href":"https:\/\/trinitixshop.de\/fr\/wp-json\/wp\/v2\/types\/product"}],"replies":[{"embeddable":true,"href":"https:\/\/trinitixshop.de\/fr\/wp-json\/wp\/v2\/comments?post=2458"}],"wp:featuredmedia":[{"embeddable":true,"href":"https:\/\/trinitixshop.de\/fr\/wp-json\/wp\/v2\/media\/2515"}],"wp:attachment":[{"href":"https:\/\/trinitixshop.de\/fr\/wp-json\/wp\/v2\/media?parent=2458"}],"wp:term":[{"taxonomy":"product_brand","embeddable":true,"href":"https:\/\/trinitixshop.de\/fr\/wp-json\/wp\/v2\/product_brand?post=2458"},{"taxonomy":"product_cat","embeddable":true,"href":"https:\/\/trinitixshop.de\/fr\/wp-json\/wp\/v2\/product_cat?post=2458"},{"taxonomy":"product_tag","embeddable":true,"href":"https:\/\/trinitixshop.de\/fr\/wp-json\/wp\/v2\/product_tag?post=2458"}],"curies":[{"name":"wp","href":"https:\/\/api.w.org\/{rel}","templated":true}]}}