{"id":2536,"date":"2023-06-16T13:34:16","date_gmt":"2023-06-16T11:34:16","guid":{"rendered":"https:\/\/trinitixshop.de\/?post_type=product&#038;p=2536"},"modified":"2024-08-07T12:31:27","modified_gmt":"2024-08-07T10:31:27","slug":"patte-design-collier-magnetique-pendentif-paw-pendant-avec-chaine-en-silicone-714","status":"publish","type":"product","link":"https:\/\/trinitixshop.de\/fr\/produkt\/pfote-design-magnetschmuck-kette-anhaenger-paw-pendant-mit-silikonkette-714\/","title":{"rendered":"Patte Design Bijoux magn\u00e9tiques Pendentif Paw Pendant avec cha\u00eene en silicone #714"},"content":{"rendered":"<p>[319] CH071400T<\/p>\n","protected":false},"excerpt":{"rendered":"<p>Pendentif magn\u00e9tique Patte Chien Chat Ours Teddy avec \u00e9l\u00e9ment Swarovski original scintillant.<br \/>\nUn accroche-regard \"animal\" pour tous les jours. Env. 1,8 x 2,2 cm.<br \/>\nAvec les boucles d'oreilles assorties (# 1387P ) et le bracelet magn\u00e9tique Patte ( # 2153 ou # 7141 ), l'effet est garanti. Incl. suppl\u00e9ment gratuit d'une cha\u00eene en silicone avec fermoir \u00e0 mousqueton (env. 47 cm, peut \u00eatre raccourcie avec un simple outil).<br \/>\nIncrustations d'aimants au n\u00e9odyme d'environ 1 200 gauss.<br \/>\nAcier inoxydable, exempt de cadmium, de nickel et de plomb. Sans allergie.<br \/>\nLe pendentif magn\u00e9tique scintillant avec un v\u00e9ritable \u00e9l\u00e9ment Swarovski Crystal vous donnera le sourire.<\/p>","protected":false},"featured_media":2788,"comment_status":"open","ping_status":"closed","template":"","meta":[],"product_brand":[],"product_cat":[17,21],"product_tag":[24],"class_list":{"0":"post-2536","1":"product","2":"type-product","3":"status-publish","4":"has-post-thumbnail","6":"product_cat-alle-produkte","7":"product_cat-halsketten","8":"product_tag-jungbrunn","9":"thunk-woo-product-list","10":"opn-qv-enable","11":"top-store-woo-hover-zoom","12":"top-store-single-product-tab-horizontal","13":"top-store-shadow-","14":"top-store-shadow-hover-","16":"first","17":"instock","18":"sale","19":"taxable","20":"shipping-taxable","21":"purchasable","22":"product-type-simple"},"_links":{"self":[{"href":"https:\/\/trinitixshop.de\/fr\/wp-json\/wp\/v2\/product\/2536","targetHints":{"allow":["GET"]}}],"collection":[{"href":"https:\/\/trinitixshop.de\/fr\/wp-json\/wp\/v2\/product"}],"about":[{"href":"https:\/\/trinitixshop.de\/fr\/wp-json\/wp\/v2\/types\/product"}],"replies":[{"embeddable":true,"href":"https:\/\/trinitixshop.de\/fr\/wp-json\/wp\/v2\/comments?post=2536"}],"wp:featuredmedia":[{"embeddable":true,"href":"https:\/\/trinitixshop.de\/fr\/wp-json\/wp\/v2\/media\/2788"}],"wp:attachment":[{"href":"https:\/\/trinitixshop.de\/fr\/wp-json\/wp\/v2\/media?parent=2536"}],"wp:term":[{"taxonomy":"product_brand","embeddable":true,"href":"https:\/\/trinitixshop.de\/fr\/wp-json\/wp\/v2\/product_brand?post=2536"},{"taxonomy":"product_cat","embeddable":true,"href":"https:\/\/trinitixshop.de\/fr\/wp-json\/wp\/v2\/product_cat?post=2536"},{"taxonomy":"product_tag","embeddable":true,"href":"https:\/\/trinitixshop.de\/fr\/wp-json\/wp\/v2\/product_tag?post=2536"}],"curies":[{"name":"wp","href":"https:\/\/api.w.org\/{rel}","templated":true}]}}