{"id":2537,"date":"2023-06-16T13:34:16","date_gmt":"2023-06-16T11:34:16","guid":{"rendered":"https:\/\/trinitixshop.de\/?post_type=product&#038;p=2537"},"modified":"2024-08-07T12:05:23","modified_gmt":"2024-08-07T10:05:23","slug":"patte-chaine-argent-upside-avec-swarovski-crystal-chaine-a-maillons-1714","status":"publish","type":"product","link":"https:\/\/trinitixshop.de\/fr\/produkt\/pfote-kette-silber-upside-mit-swarovski-crystal-gliederkette-1714\/","title":{"rendered":"Cha\u00eene de patte argent UPSIDE avec Swarovski Crystal + cha\u00eene \u00e0 maillons # 1714"},"content":{"rendered":"<p>[108] CH171400T<\/p>\n","protected":false},"excerpt":{"rendered":"<p>Top design \"la t\u00eate en bas\" ! Pendentif magn\u00e9tique - patte argent\u00e9e - avec \u00e9l\u00e9ment Swarovski original taill\u00e9 de haute qualit\u00e9.<br \/>\nUn pendentif magn\u00e9tique Patte avec un \u00e9l\u00e9ment Swarovski original scintillant. Env. 1,8 x 2,2 cm.<br \/>\nUn accroche-regard \"animal\" pour tous les jours. Que vous soyez fan de : Chien, chat, patte ou ours.<br \/>\nAvec les boucles d'oreilles assorties ( #1387P ) et le bracelet magn\u00e9tique Patte ( # 2153 ou # 7141 ), des entr\u00e9es en sc\u00e8ne efficaces sont garanties.<br \/>\nInclus gratuitement une cha\u00eene \u00e0 maillons en acier inoxydable avec fermoir \u00e0 mousqueton (env. 43,5 -55 cm ).<br \/>\nCe magnifique bijou magn\u00e9tique est synonyme de l\u00e9g\u00e8ret\u00e9, d'\u00e9nergie et d'\u00e9l\u00e9gance !<br \/>\nChacun de nos bijoux est \u00e9quip\u00e9 d'aimants en n\u00e9odyme puissants et de haute qualit\u00e9.<br \/>\nAcier inoxydable de haute qualit\u00e9, poli, hypoallerg\u00e9nique, sans nickel et sans allergie.<br \/>\nAimant n\u00e9odyme inlay avec environ 1.200 gauss.<\/p>","protected":false},"featured_media":3453,"comment_status":"open","ping_status":"closed","template":"","meta":[],"product_brand":[],"product_cat":[17,21],"product_tag":[25],"class_list":{"0":"post-2537","1":"product","2":"type-product","3":"status-publish","4":"has-post-thumbnail","6":"product_cat-alle-produkte","7":"product_cat-halsketten","8":"product_tag-t-prime","9":"thunk-woo-product-list","10":"opn-qv-enable","11":"top-store-woo-hover-zoom","12":"top-store-single-product-tab-horizontal","13":"top-store-shadow-","14":"top-store-shadow-hover-","16":"first","17":"instock","18":"sale","19":"taxable","20":"shipping-taxable","21":"purchasable","22":"product-type-simple"},"_links":{"self":[{"href":"https:\/\/trinitixshop.de\/fr\/wp-json\/wp\/v2\/product\/2537","targetHints":{"allow":["GET"]}}],"collection":[{"href":"https:\/\/trinitixshop.de\/fr\/wp-json\/wp\/v2\/product"}],"about":[{"href":"https:\/\/trinitixshop.de\/fr\/wp-json\/wp\/v2\/types\/product"}],"replies":[{"embeddable":true,"href":"https:\/\/trinitixshop.de\/fr\/wp-json\/wp\/v2\/comments?post=2537"}],"wp:featuredmedia":[{"embeddable":true,"href":"https:\/\/trinitixshop.de\/fr\/wp-json\/wp\/v2\/media\/3453"}],"wp:attachment":[{"href":"https:\/\/trinitixshop.de\/fr\/wp-json\/wp\/v2\/media?parent=2537"}],"wp:term":[{"taxonomy":"product_brand","embeddable":true,"href":"https:\/\/trinitixshop.de\/fr\/wp-json\/wp\/v2\/product_brand?post=2537"},{"taxonomy":"product_cat","embeddable":true,"href":"https:\/\/trinitixshop.de\/fr\/wp-json\/wp\/v2\/product_cat?post=2537"},{"taxonomy":"product_tag","embeddable":true,"href":"https:\/\/trinitixshop.de\/fr\/wp-json\/wp\/v2\/product_tag?post=2537"}],"curies":[{"name":"wp","href":"https:\/\/api.w.org\/{rel}","templated":true}]}}