{"id":2543,"date":"2023-06-16T13:34:16","date_gmt":"2023-06-16T11:34:16","guid":{"rendered":"https:\/\/trinitixshop.de\/?post_type=product&#038;p=2543"},"modified":"2025-11-30T17:00:24","modified_gmt":"2025-11-30T16:00:24","slug":"croix-crucifix-bijoux-magnetiques-chaine-argent-massif","status":"publish","type":"product","link":"https:\/\/trinitixshop.de\/fr\/produkt\/kreuz-kruzifix-magnetschmuck-kette-silber-massiv\/","title":{"rendered":"Kreuz \/ Kruzifix Magnetschmuck Kette silber massiv # 2612"},"content":{"rendered":"<p>[339] CH261200T<\/p>\n","protected":false},"excerpt":{"rendered":"<p>Massive et \u00e9l\u00e9gante croix \/ crucifix aimant pendentif, argent poli miroir,<br \/>\nTaille : env. 1,5 x 2 cm. Le \"Notre P\u00e8re\" est la plus ancienne pri\u00e8re de la chr\u00e9tient\u00e9. Elle unit tous les chr\u00e9tiens dans la foi et constitue le moyen le plus direct de prier.<br \/>\nDiscours au Seigneur.<br \/>\nGr\u00e2ce \u00e0 ce bijou, vous pourrez d\u00e9sormais toujours porter cette profession de foi sur votre c\u0153ur.<br \/>\nY compris une cha\u00eene en acier inoxydable gratuite avec fermoir \u00e0 mousqueton (env. 48 - 52,5 cm).<br \/>\nLe pendentif magn\u00e9tique est un accroche-regard exclusif, mais peut aussi \u00eatre utilis\u00e9 avec n'importe quelle<br \/>\nd'un autre collier.<br \/>\nAcier inoxydable de haute qualit\u00e9, poli, hypoallerg\u00e9nique, sans nickel et sans allergie.<br \/>\nAimant n\u00e9odyme inlay avec environ 1.200 gauss.<\/p>","protected":false},"featured_media":2787,"comment_status":"open","ping_status":"closed","template":"","meta":[],"product_brand":[],"product_cat":[17,21],"product_tag":[25],"class_list":{"0":"post-2543","1":"product","2":"type-product","3":"status-publish","4":"has-post-thumbnail","6":"product_cat-alle-produkte","7":"product_cat-halsketten","8":"product_tag-t-prime","9":"thunk-woo-product-list","10":"opn-qv-enable","11":"top-store-woo-hover-zoom","12":"top-store-single-product-tab-horizontal","13":"top-store-shadow-","14":"top-store-shadow-hover-","16":"first","17":"instock","18":"sale","19":"taxable","20":"shipping-taxable","21":"purchasable","22":"product-type-simple"},"_links":{"self":[{"href":"https:\/\/trinitixshop.de\/fr\/wp-json\/wp\/v2\/product\/2543","targetHints":{"allow":["GET"]}}],"collection":[{"href":"https:\/\/trinitixshop.de\/fr\/wp-json\/wp\/v2\/product"}],"about":[{"href":"https:\/\/trinitixshop.de\/fr\/wp-json\/wp\/v2\/types\/product"}],"replies":[{"embeddable":true,"href":"https:\/\/trinitixshop.de\/fr\/wp-json\/wp\/v2\/comments?post=2543"}],"wp:featuredmedia":[{"embeddable":true,"href":"https:\/\/trinitixshop.de\/fr\/wp-json\/wp\/v2\/media\/2787"}],"wp:attachment":[{"href":"https:\/\/trinitixshop.de\/fr\/wp-json\/wp\/v2\/media?parent=2543"}],"wp:term":[{"taxonomy":"product_brand","embeddable":true,"href":"https:\/\/trinitixshop.de\/fr\/wp-json\/wp\/v2\/product_brand?post=2543"},{"taxonomy":"product_cat","embeddable":true,"href":"https:\/\/trinitixshop.de\/fr\/wp-json\/wp\/v2\/product_cat?post=2543"},{"taxonomy":"product_tag","embeddable":true,"href":"https:\/\/trinitixshop.de\/fr\/wp-json\/wp\/v2\/product_tag?post=2543"}],"curies":[{"name":"wp","href":"https:\/\/api.w.org\/{rel}","templated":true}]}}