{"id":2544,"date":"2023-06-16T13:34:17","date_gmt":"2023-06-16T11:34:17","guid":{"rendered":"https:\/\/trinitixshop.de\/?post_type=product&#038;p=2544"},"modified":"2025-08-03T15:08:34","modified_gmt":"2025-08-03T13:08:34","slug":"etoile-de-mer-pendentif-chaine-atlantis-avec-de-nombreux-swarovski-crystals-3536","status":"publish","type":"product","link":"https:\/\/trinitixshop.de\/fr\/produkt\/seestern-kettenanhaenger-atlantis-mit-vielen-swarovski-crystals-3536\/","title":{"rendered":"\u00c9toile de mer pendentif Atlantis avec de nombreux Swarovski Crystals # 3536"},"content":{"rendered":"<p>[123] CH353600T<\/p>\n","protected":false},"excerpt":{"rendered":"<p>Aimant - Pendentif cha\u00eene SEESTERN inspir\u00e9 du design de Sabo, fabriqu\u00e9 \u00e0 la main et orn\u00e9 de nombreux Swarovski Crystal Elements originaux scintillants, est le compl\u00e9ment parfait pour chaque collection de bijoux.<br \/>\nCette magnifique \u00e9toile de mer scintillante enchante par son \u00e9l\u00e9gance naturelle.<br \/>\nCe magnifique bijou magn\u00e9tique est synonyme de l\u00e9g\u00e8ret\u00e9, d'\u00e9nergie et d'\u00e9l\u00e9gance !<br \/>\nChacun de nos bijoux est \u00e9quip\u00e9 d'aimants en n\u00e9odyme puissants et de haute qualit\u00e9.<br \/>\nAcier inoxydable de haute qualit\u00e9, \u00d8 env. 3,2 cm, poli, hypoallerg\u00e9nique, sans nickel et sans allergie.<br \/>\nAimant n\u00e9odyme inlay avec environ 1.800 gauss.<\/p>","protected":false},"featured_media":2755,"comment_status":"open","ping_status":"closed","template":"","meta":[],"product_brand":[],"product_cat":[17,21],"product_tag":[28],"class_list":{"0":"post-2544","1":"product","2":"type-product","3":"status-publish","4":"has-post-thumbnail","6":"product_cat-alle-produkte","7":"product_cat-halsketten","8":"product_tag-kurfuerst","9":"thunk-woo-product-list","10":"opn-qv-enable","11":"top-store-woo-hover-zoom","12":"top-store-single-product-tab-horizontal","13":"top-store-shadow-","14":"top-store-shadow-hover-","16":"first","17":"instock","18":"sale","19":"taxable","20":"shipping-taxable","21":"purchasable","22":"product-type-simple"},"_links":{"self":[{"href":"https:\/\/trinitixshop.de\/fr\/wp-json\/wp\/v2\/product\/2544","targetHints":{"allow":["GET"]}}],"collection":[{"href":"https:\/\/trinitixshop.de\/fr\/wp-json\/wp\/v2\/product"}],"about":[{"href":"https:\/\/trinitixshop.de\/fr\/wp-json\/wp\/v2\/types\/product"}],"replies":[{"embeddable":true,"href":"https:\/\/trinitixshop.de\/fr\/wp-json\/wp\/v2\/comments?post=2544"}],"wp:featuredmedia":[{"embeddable":true,"href":"https:\/\/trinitixshop.de\/fr\/wp-json\/wp\/v2\/media\/2755"}],"wp:attachment":[{"href":"https:\/\/trinitixshop.de\/fr\/wp-json\/wp\/v2\/media?parent=2544"}],"wp:term":[{"taxonomy":"product_brand","embeddable":true,"href":"https:\/\/trinitixshop.de\/fr\/wp-json\/wp\/v2\/product_brand?post=2544"},{"taxonomy":"product_cat","embeddable":true,"href":"https:\/\/trinitixshop.de\/fr\/wp-json\/wp\/v2\/product_cat?post=2544"},{"taxonomy":"product_tag","embeddable":true,"href":"https:\/\/trinitixshop.de\/fr\/wp-json\/wp\/v2\/product_tag?post=2544"}],"curies":[{"name":"wp","href":"https:\/\/api.w.org\/{rel}","templated":true}]}}