{"id":2545,"date":"2023-06-16T13:34:17","date_gmt":"2023-06-16T11:34:17","guid":{"rendered":"https:\/\/trinitixshop.de\/?post_type=product&#038;p=2545"},"modified":"2026-04-17T15:49:12","modified_gmt":"2026-04-17T13:49:12","slug":"lotusbluete-design-collier-magnetique-en-acier-inoxydable-avec-cristal-de-glace-rose-swarovski","status":"publish","type":"product","link":"https:\/\/trinitixshop.de\/fr\/produkt\/lotusbluete-design-magnet-edelstahl-kette-mit-rosa-swarovski-eiskristall\/","title":{"rendered":"Lotusbl\u00fcte Design Magnet Edelstahl Kette mit rosa Swarovski Eiskristall # 2775"},"content":{"rendered":"<p>[151] CH277500T<\/p>\n","protected":false},"excerpt":{"rendered":"<p>Pi\u00e8ces uniques faites \u00e0 la main ! - Fleur de lotus - pendentif magn\u00e9tique inspir\u00e9 du design SABO,<br \/>\norn\u00e9 d'un cristal de glace Swarovski original rose \/ rose - env. \u00d8 25 mm, un poids plume d'env. 10 grammes, \u00e9paisseur d'env. 2.9 mm, poli miroir.<br \/>\nY compris une cha\u00eene en acier inoxydable gratuite avec fermoir \u00e0 mousqueton (env. 41 - 52 cm).<br \/>\nLe pendentif magn\u00e9tique attire le regard, mais il peut aussi \u00eatre port\u00e9 avec n'importe quel autre collier.<br \/>\nDans de nombreuses cultures, la fleur de lotus poss\u00e8de une signification particuli\u00e8re et a influenc\u00e9 de nombreux peuples depuis l'Antiquit\u00e9.<br \/>\nCe magnifique bijou magn\u00e9tique est synonyme de l\u00e9g\u00e8ret\u00e9, d'\u00e9nergie et d'\u00e9l\u00e9gance !<br \/>\nChacun de nos bijoux est \u00e9quip\u00e9 d'aimants en n\u00e9odyme puissants et de haute qualit\u00e9.<br \/>\nAcier inoxydable de haute qualit\u00e9, poli, hypoallerg\u00e9nique, sans nickel et sans allergie.<br \/>\nAimant en n\u00e9odyme avec environ 1.200 gauss<\/p>","protected":false},"featured_media":2747,"comment_status":"open","ping_status":"closed","template":"","meta":[],"product_brand":[],"product_cat":[17,21],"product_tag":[25],"class_list":{"0":"post-2545","1":"product","2":"type-product","3":"status-publish","4":"has-post-thumbnail","6":"product_cat-alle-produkte","7":"product_cat-halsketten","8":"product_tag-t-prime","9":"thunk-woo-product-list","10":"opn-qv-enable","11":"top-store-woo-hover-zoom","12":"top-store-single-product-tab-horizontal","13":"top-store-shadow-","14":"top-store-shadow-hover-","16":"first","17":"instock","18":"sale","19":"featured","20":"taxable","21":"shipping-taxable","22":"purchasable","23":"product-type-simple"},"_links":{"self":[{"href":"https:\/\/trinitixshop.de\/fr\/wp-json\/wp\/v2\/product\/2545","targetHints":{"allow":["GET"]}}],"collection":[{"href":"https:\/\/trinitixshop.de\/fr\/wp-json\/wp\/v2\/product"}],"about":[{"href":"https:\/\/trinitixshop.de\/fr\/wp-json\/wp\/v2\/types\/product"}],"replies":[{"embeddable":true,"href":"https:\/\/trinitixshop.de\/fr\/wp-json\/wp\/v2\/comments?post=2545"}],"wp:featuredmedia":[{"embeddable":true,"href":"https:\/\/trinitixshop.de\/fr\/wp-json\/wp\/v2\/media\/2747"}],"wp:attachment":[{"href":"https:\/\/trinitixshop.de\/fr\/wp-json\/wp\/v2\/media?parent=2545"}],"wp:term":[{"taxonomy":"product_brand","embeddable":true,"href":"https:\/\/trinitixshop.de\/fr\/wp-json\/wp\/v2\/product_brand?post=2545"},{"taxonomy":"product_cat","embeddable":true,"href":"https:\/\/trinitixshop.de\/fr\/wp-json\/wp\/v2\/product_cat?post=2545"},{"taxonomy":"product_tag","embeddable":true,"href":"https:\/\/trinitixshop.de\/fr\/wp-json\/wp\/v2\/product_tag?post=2545"}],"curies":[{"name":"wp","href":"https:\/\/api.w.org\/{rel}","templated":true}]}}