{"id":2547,"date":"2023-06-16T13:34:17","date_gmt":"2023-06-16T11:34:17","guid":{"rendered":"https:\/\/trinitixshop.de\/?post_type=product&#038;p=2547"},"modified":"2023-06-28T11:34:07","modified_gmt":"2023-06-28T09:34:07","slug":"royalty-marmor-mina-nude-chaine-pieces-uniques-y-compris-la-chaine","status":"publish","type":"product","link":"https:\/\/trinitixshop.de\/fr\/produkt\/royalty-marmor-mina-nude-kette-unikate-inkl-kette\/","title":{"rendered":"Royalty Marbre Mina Nude Cha\u00eene pi\u00e8ces uniques y compris la cha\u00eene"},"content":{"rendered":"<p>[130] CH513100T<\/p>\n","protected":false},"excerpt":{"rendered":"<p>Pi\u00e8ces uniques faites \u00e0 la main !<br \/>\nRoyalty Marmor - Pendentif magn\u00e9tique d\u00e9cor\u00e9 d'une incrustation de marbre originale - env. \u00d8 25 mm, un poids plume d'env. 10 grammes, \u00e9paisseur env. 2.4 mm, poli miroir.<br \/>\nY compris une cha\u00eene en acier inoxydable gratuite avec fermoir \u00e0 mousqueton (env. 41 - 52 cm).<br \/>\nLe pendentif magn\u00e9tique attire le regard, mais il peut aussi \u00eatre port\u00e9 avec n'importe quel autre collier.<br \/>\nPeut \u00eatre combin\u00e9 avec Magnet Bangle #5132 de la m\u00eame collection.<br \/>\nL'\u00e9l\u00e9gance \u00e0 l'\u00e9tat pur - voil\u00e0 comment d\u00e9crire ce magnifique bijou en quelques mots.<br \/>\nDu marbre avec des veines brunes. Cette pierre est consid\u00e9r\u00e9e depuis toujours comme un mat\u00e9riau noble. Polie.<br \/>\nChaque pi\u00e8ce est unique avec des lignes individuelles (pierre naturelle). Fabriqu\u00e9 \u00e0 la main.<br \/>\nAcier inoxydable de haute qualit\u00e9, poli, hypoallerg\u00e9nique, sans nickel et sans allergie.<br \/>\nAimant n\u00e9odyme inlay avec environ 1.200 gauss.<\/p>","protected":false},"featured_media":2750,"comment_status":"open","ping_status":"closed","template":"","meta":[],"product_brand":[],"product_cat":[17,21],"product_tag":[25],"class_list":{"0":"post-2547","1":"product","2":"type-product","3":"status-publish","4":"has-post-thumbnail","6":"product_cat-alle-produkte","7":"product_cat-halsketten","8":"product_tag-t-prime","9":"thunk-woo-product-list","10":"opn-qv-enable","11":"top-store-woo-hover-zoom","12":"top-store-single-product-tab-horizontal","13":"top-store-shadow-","14":"top-store-shadow-hover-","16":"first","17":"instock","18":"sale","19":"taxable","20":"shipping-taxable","21":"purchasable","22":"product-type-simple"},"_links":{"self":[{"href":"https:\/\/trinitixshop.de\/fr\/wp-json\/wp\/v2\/product\/2547","targetHints":{"allow":["GET"]}}],"collection":[{"href":"https:\/\/trinitixshop.de\/fr\/wp-json\/wp\/v2\/product"}],"about":[{"href":"https:\/\/trinitixshop.de\/fr\/wp-json\/wp\/v2\/types\/product"}],"replies":[{"embeddable":true,"href":"https:\/\/trinitixshop.de\/fr\/wp-json\/wp\/v2\/comments?post=2547"}],"wp:featuredmedia":[{"embeddable":true,"href":"https:\/\/trinitixshop.de\/fr\/wp-json\/wp\/v2\/media\/2750"}],"wp:attachment":[{"href":"https:\/\/trinitixshop.de\/fr\/wp-json\/wp\/v2\/media?parent=2547"}],"wp:term":[{"taxonomy":"product_brand","embeddable":true,"href":"https:\/\/trinitixshop.de\/fr\/wp-json\/wp\/v2\/product_brand?post=2547"},{"taxonomy":"product_cat","embeddable":true,"href":"https:\/\/trinitixshop.de\/fr\/wp-json\/wp\/v2\/product_cat?post=2547"},{"taxonomy":"product_tag","embeddable":true,"href":"https:\/\/trinitixshop.de\/fr\/wp-json\/wp\/v2\/product_tag?post=2547"}],"curies":[{"name":"wp","href":"https:\/\/api.w.org\/{rel}","templated":true}]}}