{"id":2548,"date":"2023-06-16T13:34:17","date_gmt":"2023-06-16T11:34:17","guid":{"rendered":"https:\/\/trinitixshop.de\/?post_type=product&#038;p=2548"},"modified":"2023-06-28T11:39:25","modified_gmt":"2023-06-28T09:39:25","slug":"plume-indienne-noire-avec-swarovski-crystals-et-chaine-3447","status":"publish","type":"product","link":"https:\/\/trinitixshop.de\/fr\/produkt\/indianische-feder-schwarz-mit-swarovski-crystals-und-kette-3447\/","title":{"rendered":"Plume indienne noire avec Swarovski Crystals et cha\u00eene # 3447"},"content":{"rendered":"<p>[152] CH344700T<\/p>\n","protected":false},"excerpt":{"rendered":"<p>La plume, un pendentif magn\u00e9tique l\u00e9ger du plus bel effet. Env. 5 x 1,7 cm avec sur la plume 3 Swarovski Chrystals \u00e9tincelants. Alliage noir et poli.<br \/>\nY compris une cha\u00eene en acier inoxydable gratuite avec fermoir \u00e0 mousqueton (env. 41 - 52 cm).<br \/>\nLe pendentif magn\u00e9tique attire le regard, mais il peut aussi \u00eatre port\u00e9 avec n'importe quel autre collier.<br \/>\nAlors que le pendentif attrape-r\u00eaves apporte de l'\u00e9nergie positive, selon les Indiens, c'est la plume qui transmet cette \u00e9nergie au porteur du pendentif.<br \/>\nLe pendentif plume d'oie soigneusement travaill\u00e9 est donc ton bijou individuel, qui te fournit de l'\u00e9nergie et te garantit une entr\u00e9e en sc\u00e8ne brillante et styl\u00e9e.<br \/>\nComme tous les bijoux, le pendentif magn\u00e9tique \u00e0 plumes est fabriqu\u00e9 avec la plus grande pr\u00e9cision et le plus grand soin.<br \/>\nLes magnifiques bijoux magn\u00e9tiques sont synonymes de l\u00e9g\u00e8ret\u00e9, d'\u00e9nergie et d'\u00e9l\u00e9gance ! Chacun de nos bijoux est dot\u00e9 d'aimants n\u00e9odyme puissants et de haute qualit\u00e9.<br \/>\nAcier inoxydable de haute qualit\u00e9, poli, hypoallerg\u00e9nique, sans nickel et sans allergie.<br \/>\nAimant n\u00e9odyme inlay avec environ 1.200 gauss.<\/p>","protected":false},"featured_media":2751,"comment_status":"open","ping_status":"closed","template":"","meta":[],"product_brand":[],"product_cat":[17,21],"product_tag":[25],"class_list":{"0":"post-2548","1":"product","2":"type-product","3":"status-publish","4":"has-post-thumbnail","6":"product_cat-alle-produkte","7":"product_cat-halsketten","8":"product_tag-t-prime","9":"thunk-woo-product-list","10":"opn-qv-enable","11":"top-store-woo-hover-zoom","12":"top-store-single-product-tab-horizontal","13":"top-store-shadow-","14":"top-store-shadow-hover-","16":"first","17":"instock","18":"sale","19":"taxable","20":"shipping-taxable","21":"purchasable","22":"product-type-simple"},"_links":{"self":[{"href":"https:\/\/trinitixshop.de\/fr\/wp-json\/wp\/v2\/product\/2548","targetHints":{"allow":["GET"]}}],"collection":[{"href":"https:\/\/trinitixshop.de\/fr\/wp-json\/wp\/v2\/product"}],"about":[{"href":"https:\/\/trinitixshop.de\/fr\/wp-json\/wp\/v2\/types\/product"}],"replies":[{"embeddable":true,"href":"https:\/\/trinitixshop.de\/fr\/wp-json\/wp\/v2\/comments?post=2548"}],"wp:featuredmedia":[{"embeddable":true,"href":"https:\/\/trinitixshop.de\/fr\/wp-json\/wp\/v2\/media\/2751"}],"wp:attachment":[{"href":"https:\/\/trinitixshop.de\/fr\/wp-json\/wp\/v2\/media?parent=2548"}],"wp:term":[{"taxonomy":"product_brand","embeddable":true,"href":"https:\/\/trinitixshop.de\/fr\/wp-json\/wp\/v2\/product_brand?post=2548"},{"taxonomy":"product_cat","embeddable":true,"href":"https:\/\/trinitixshop.de\/fr\/wp-json\/wp\/v2\/product_cat?post=2548"},{"taxonomy":"product_tag","embeddable":true,"href":"https:\/\/trinitixshop.de\/fr\/wp-json\/wp\/v2\/product_tag?post=2548"}],"curies":[{"name":"wp","href":"https:\/\/api.w.org\/{rel}","templated":true}]}}