{"id":2554,"date":"2023-06-16T13:34:17","date_gmt":"2023-06-16T11:34:17","guid":{"rendered":"https:\/\/trinitixshop.de\/?post_type=product&#038;p=2554"},"modified":"2023-06-28T12:13:35","modified_gmt":"2023-06-28T10:13:35","slug":"dragon-eye-or-rose-avec-swarovski-crystal-white","status":"publish","type":"product","link":"https:\/\/trinitixshop.de\/fr\/produkt\/dragon-eye-rosegold-mit-swarovski-crystal-white\/","title":{"rendered":"Dragon Eye or rose avec Swarovski Crystal white"},"content":{"rendered":"<p>CH045904T<\/p>","protected":false},"excerpt":{"rendered":"<p>Pendentif magn\u00e9tique - Dragon Eye - or rose - Solitaire Crystal - White Diamond - \u00f8 env. 12 mm, avec Swarovski Crystal original taill\u00e9 de haute qualit\u00e9.<br \/>\nIncrustations d'aimants au n\u00e9odyme d'environ 1 200 gauss.<br \/>\nAcier inoxydable, exempt de cadmium, de nickel et de plomb. Sans allergie.<br \/>\nLivr\u00e9 avec une cha\u00eene serpent en acier inoxydable avec fermoir \u00e0 mousqueton.<br \/>\nLongueur de la cha\u00eene individuellement env. 40,5 - 52 cm.<br \/>\nPetit - mais brillant. Le pendentif magn\u00e9tique scintillant - Ambre Crystal - avec un grand \u00e9l\u00e9ment Swarovski authentique vous fera sourire.<br \/>\nLe pendentif est particuli\u00e8rement bien mis en valeur en combinaison avec cette cha\u00eene simple en acier inoxydable et en forme de serpent.<br \/>\nL'\u00e9clat des cristaux Swarovski, la force de l'aimant et l'acier inoxydable bien tol\u00e9r\u00e9 par la peau font que vous ne voudrez plus jamais quitter ce bijou.<br \/>\nL'\u00e9l\u00e9gance \u00e0 l'\u00e9tat pur - voil\u00e0 comment d\u00e9crire ce magnifique bijou en deux mots seulement.<br \/>\nUn collier serpent qui caresse d\u00e9licatement le cou de chaque femme et un pendentif magn\u00e9tique qui orne chaque d\u00e9collet\u00e9 font de ce bijou un accessoire d'une beaut\u00e9 unique.<\/p>","protected":false},"featured_media":2776,"comment_status":"open","ping_status":"closed","template":"","meta":[],"product_brand":[],"product_cat":[17,21],"product_tag":[26],"class_list":{"0":"post-2554","1":"product","2":"type-product","3":"status-publish","4":"has-post-thumbnail","6":"product_cat-alle-produkte","7":"product_cat-halsketten","8":"product_tag-paja","9":"thunk-woo-product-list","10":"opn-qv-enable","11":"top-store-woo-hover-zoom","12":"top-store-single-product-tab-horizontal","13":"top-store-shadow-","14":"top-store-shadow-hover-","16":"first","17":"instock","18":"taxable","19":"shipping-taxable","20":"purchasable","21":"product-type-simple"},"_links":{"self":[{"href":"https:\/\/trinitixshop.de\/fr\/wp-json\/wp\/v2\/product\/2554","targetHints":{"allow":["GET"]}}],"collection":[{"href":"https:\/\/trinitixshop.de\/fr\/wp-json\/wp\/v2\/product"}],"about":[{"href":"https:\/\/trinitixshop.de\/fr\/wp-json\/wp\/v2\/types\/product"}],"replies":[{"embeddable":true,"href":"https:\/\/trinitixshop.de\/fr\/wp-json\/wp\/v2\/comments?post=2554"}],"wp:featuredmedia":[{"embeddable":true,"href":"https:\/\/trinitixshop.de\/fr\/wp-json\/wp\/v2\/media\/2776"}],"wp:attachment":[{"href":"https:\/\/trinitixshop.de\/fr\/wp-json\/wp\/v2\/media?parent=2554"}],"wp:term":[{"taxonomy":"product_brand","embeddable":true,"href":"https:\/\/trinitixshop.de\/fr\/wp-json\/wp\/v2\/product_brand?post=2554"},{"taxonomy":"product_cat","embeddable":true,"href":"https:\/\/trinitixshop.de\/fr\/wp-json\/wp\/v2\/product_cat?post=2554"},{"taxonomy":"product_tag","embeddable":true,"href":"https:\/\/trinitixshop.de\/fr\/wp-json\/wp\/v2\/product_tag?post=2554"}],"curies":[{"name":"wp","href":"https:\/\/api.w.org\/{rel}","templated":true}]}}