{"id":2555,"date":"2023-06-16T13:34:17","date_gmt":"2023-06-16T11:34:17","guid":{"rendered":"https:\/\/trinitixshop.de\/?post_type=product&#038;p=2555"},"modified":"2023-06-28T12:15:37","modified_gmt":"2023-06-28T10:15:37","slug":"puzzle-chaine-partenaire-coeur-2en1-argent-avec-2-chaines-symbole-damitie-profonde-et-damour","status":"publish","type":"product","link":"https:\/\/trinitixshop.de\/fr\/produkt\/puzzle-partnerkette-herz-2in1-silber-mit-2-ketten-symbol-tiefer-freundschaft-und-liebe\/","title":{"rendered":"Puzzle cha\u00eene partenaire coeur 2en1 argent avec 2 cha\u00eenes - Symbole d'amiti\u00e9 profonde et d'amour"},"content":{"rendered":"<p>CH251600T<\/p>","protected":false},"excerpt":{"rendered":"<p>Magnifique collier pour couple de haute qualit\u00e9 en acier inoxydable, de la plus fine qualit\u00e9 de designer.<br \/>\nUn symbole d'amiti\u00e9 profonde et d'amour semblable aux pi\u00e8ces d'un puzzle.<br \/>\nPendentif magn\u00e9tique divisible avec 2 oeillets. Les deux parties du puzzle peuvent \u00eatre port\u00e9es ensemble sur une cha\u00eene ou s\u00e9par\u00e9ment.<br \/>\nLa surface : Design c\u0153ur. Chaque pi\u00e8ce du puzzle est orn\u00e9e d'une moiti\u00e9 de c\u0153ur argent\u00e9e.<br \/>\nDans le set avec 2 colliers \u00e0 maillons en acier inoxydable, \u00f8 env. 1,5 mm, uni \/ argent.<br \/>\nLes cha\u00eenes peuvent \u00eatre l\u00e9g\u00e8rement modifi\u00e9es en longueur. Longueur de la cha\u00eene : 38,5 \u00e0 46,5 cm.<br \/>\nMat\u00e9riau : acier inoxydable, sans nickel allergique. Couleur : argent.<br \/>\nLe fermoir mousqueton et l'acier inoxydable bien tol\u00e9r\u00e9 par la peau font que vous ne voudrez plus jamais quitter ce bijou.<br \/>\nQualit\u00e9 parfaite et finition haut de gamme. Dimension de chaque pi\u00e8ce de puzzle env. 20 x 18 mm, bross\u00e9e. Peut \u00eatre grav\u00e9.<br \/>\nAcier inoxydable de haute qualit\u00e9, poli, hypoallerg\u00e9nique, sans nickel et sans allergie.<br \/>\nUn inlay magn\u00e9tique en n\u00e9odyme d'environ 1.200 gauss chacun.<\/p>","protected":false},"featured_media":2779,"comment_status":"open","ping_status":"closed","template":"","meta":[],"product_brand":[],"product_cat":[17,21],"product_tag":[24],"class_list":{"0":"post-2555","1":"product","2":"type-product","3":"status-publish","4":"has-post-thumbnail","6":"product_cat-alle-produkte","7":"product_cat-halsketten","8":"product_tag-jungbrunn","9":"thunk-woo-product-list","10":"opn-qv-enable","11":"top-store-woo-hover-zoom","12":"top-store-single-product-tab-horizontal","13":"top-store-shadow-","14":"top-store-shadow-hover-","16":"first","17":"instock","18":"featured","19":"taxable","20":"shipping-taxable","21":"purchasable","22":"product-type-simple"},"_links":{"self":[{"href":"https:\/\/trinitixshop.de\/fr\/wp-json\/wp\/v2\/product\/2555","targetHints":{"allow":["GET"]}}],"collection":[{"href":"https:\/\/trinitixshop.de\/fr\/wp-json\/wp\/v2\/product"}],"about":[{"href":"https:\/\/trinitixshop.de\/fr\/wp-json\/wp\/v2\/types\/product"}],"replies":[{"embeddable":true,"href":"https:\/\/trinitixshop.de\/fr\/wp-json\/wp\/v2\/comments?post=2555"}],"wp:featuredmedia":[{"embeddable":true,"href":"https:\/\/trinitixshop.de\/fr\/wp-json\/wp\/v2\/media\/2779"}],"wp:attachment":[{"href":"https:\/\/trinitixshop.de\/fr\/wp-json\/wp\/v2\/media?parent=2555"}],"wp:term":[{"taxonomy":"product_brand","embeddable":true,"href":"https:\/\/trinitixshop.de\/fr\/wp-json\/wp\/v2\/product_brand?post=2555"},{"taxonomy":"product_cat","embeddable":true,"href":"https:\/\/trinitixshop.de\/fr\/wp-json\/wp\/v2\/product_cat?post=2555"},{"taxonomy":"product_tag","embeddable":true,"href":"https:\/\/trinitixshop.de\/fr\/wp-json\/wp\/v2\/product_tag?post=2555"}],"curies":[{"name":"wp","href":"https:\/\/api.w.org\/{rel}","templated":true}]}}