{"id":2558,"date":"2023-06-16T13:34:17","date_gmt":"2023-06-16T11:34:17","guid":{"rendered":"https:\/\/trinitixshop.de\/?post_type=product&#038;p=2558"},"modified":"2023-06-28T12:17:10","modified_gmt":"2023-06-28T10:17:10","slug":"charm-croix-avec-lobster-clasp-pendentif-magnetique-pour-bracelet-mendiant","status":"publish","type":"product","link":"https:\/\/trinitixshop.de\/fr\/produkt\/charm-kreuz-mit-lobster-clasp-magnetanhaenger-fuer-bettelarmband\/","title":{"rendered":"Charm Croix avec Lobster Clasp Pendentif magn\u00e9tique pour bracelet mendiant"},"content":{"rendered":"<p>AX261210T<\/p>","protected":false},"excerpt":{"rendered":"<p>Ton compagnon de tous les instants : la croix \/ le crucifix \u00e0 breloques emoji styl\u00e9.<br \/>\nLongueur d'environ 1,9 cm, Lobster Clasp, poli miroir. La breloque peut \u00e9galement \u00eatre port\u00e9e sur une cha\u00eene.<br \/>\nAimant n\u00e9odyme incrust\u00e9 d'environ 1.200 gauss. Acier inoxydable, exempt de cadmium, de nickel et de plomb. Sans allergie.<br \/>\nRessens la force vitalisante. Avec cet accessoire styl\u00e9, tu attireras le regard des autres.<br \/>\nCe Power-Charm avec Lobster Clasp s'adapte \u00e0 presque tous les \"bracelets mendiants\" et est un bijou simple et intemporel.<br \/>\nNotre bracelet de mendicit\u00e9 # 1643 - \u00e0 trouver ici dans la boutique<\/p>","protected":false},"featured_media":2781,"comment_status":"open","ping_status":"closed","template":"","meta":[],"product_brand":[],"product_cat":[17,21],"product_tag":[24],"class_list":{"0":"post-2558","1":"product","2":"type-product","3":"status-publish","4":"has-post-thumbnail","6":"product_cat-alle-produkte","7":"product_cat-halsketten","8":"product_tag-jungbrunn","9":"thunk-woo-product-list","10":"opn-qv-enable","11":"top-store-woo-hover-zoom","12":"top-store-single-product-tab-horizontal","13":"top-store-shadow-","14":"top-store-shadow-hover-","16":"first","17":"instock","18":"taxable","19":"shipping-taxable","20":"purchasable","21":"product-type-simple"},"_links":{"self":[{"href":"https:\/\/trinitixshop.de\/fr\/wp-json\/wp\/v2\/product\/2558","targetHints":{"allow":["GET"]}}],"collection":[{"href":"https:\/\/trinitixshop.de\/fr\/wp-json\/wp\/v2\/product"}],"about":[{"href":"https:\/\/trinitixshop.de\/fr\/wp-json\/wp\/v2\/types\/product"}],"replies":[{"embeddable":true,"href":"https:\/\/trinitixshop.de\/fr\/wp-json\/wp\/v2\/comments?post=2558"}],"wp:featuredmedia":[{"embeddable":true,"href":"https:\/\/trinitixshop.de\/fr\/wp-json\/wp\/v2\/media\/2781"}],"wp:attachment":[{"href":"https:\/\/trinitixshop.de\/fr\/wp-json\/wp\/v2\/media?parent=2558"}],"wp:term":[{"taxonomy":"product_brand","embeddable":true,"href":"https:\/\/trinitixshop.de\/fr\/wp-json\/wp\/v2\/product_brand?post=2558"},{"taxonomy":"product_cat","embeddable":true,"href":"https:\/\/trinitixshop.de\/fr\/wp-json\/wp\/v2\/product_cat?post=2558"},{"taxonomy":"product_tag","embeddable":true,"href":"https:\/\/trinitixshop.de\/fr\/wp-json\/wp\/v2\/product_tag?post=2558"}],"curies":[{"name":"wp","href":"https:\/\/api.w.org\/{rel}","templated":true}]}}